{"id":7223,"date":"2024-02-02T11:28:03","date_gmt":"2024-02-02T10:28:03","guid":{"rendered":"https:\/\/win10cdkeys.com\/?page_id=7223"},"modified":"2024-09-27T12:24:30","modified_gmt":"2024-09-27T10:24:30","slug":"ruckerstattung_ruckgaben","status":"publish","type":"page","link":"https:\/\/win10cdkeys.com\/de\/reembolso_devoluciones\/","title":{"rendered":"R\u00fcckgabe- und Erstattungsbedingungen"},"content":{"rendered":"<div data-elementor-type=\"wp-page\" data-elementor-id=\"7223\" class=\"elementor elementor-7223\">\n\t\t\t\t<div class=\"elementor-element elementor-element-ee1d22a e-flex e-con-boxed e-con e-parent\" data-id=\"ee1d22a\" data-element_type=\"container\" data-e-type=\"container\">\n\t\t\t\t\t<div class=\"e-con-inner\">\n\t\t\t\t<div class=\"elementor-element elementor-element-3080456a elementor-widget elementor-widget-text-editor\" data-id=\"3080456a\" data-element_type=\"widget\" data-e-type=\"widget\" data-widget_type=\"text-editor.default\">\n\t\t\t\t<div class=\"elementor-widget-container\">\n\t\t\t\t\t\t\t\t\t<p><\/p>\n<h1><strong>R\u00fcckgabe- und Erstattungsbedingungen<\/strong><\/h1>\n<h3><b style=\"font-size: 24px; color: #222222; text-align: var(--text-align);\">Zusammenfassung<\/b><\/h3>\n<p>Aus Sicherheitsgr\u00fcnden werden f\u00fcr digitale Produkte KEINE R\u00fccksendungen oder R\u00fcckerstattungen gew\u00e4hrt, wenn die Lizenz eingegangen ist und die Lizenz verwendet wurde. Das Produkt kann innerhalb von 14 Tagen zur\u00fcckgegeben werden, wenn es nicht benutzt wurde.<\/p>\n<p>Wenn die Lizenz fehlerhaft ist, wird nach M\u00f6glichkeit ein Ersatz geschickt. Liegt ein Fehler in der Lizenz vor und haben wir keinen Ersatz auf Lager, erstatten wir den vollen Betrag der Bestellung, sofern seit der Bestellung nicht mehr als 30 Tage vergangen sind.<br><span style=\"text-align: var(--text-align);\">Wenn 2 Stunden nach der Zahlung und Sie haben nicht das Produkt erhalten.<br><\/span><span style=\"text-align: var(--text-align);\">Wenn das gekaufte Produkt nicht mehr vorr\u00e4tig ist.<\/span><\/p>\n<p><\/p>\n<p><\/p>\n<h2><span style=\"text-align: var(--text-align);\">Brauchen Sie Hilfe?<\/span><\/h2>\n<h2><span style=\"text-align: var(--text-align); color: #444444; font-size: 16px; font-weight: 400;\"><a href=\"https:\/\/win10cdkeys.com\/de\/kontaktieren-sie-uns\/\" target=\"_blank\" rel=\"noopener\">Kontaktieren Sie uns unter<\/a> oder senden Sie uns eine E-Mail an <a href=\"mailto:support@win10cdkeys.com\">support@win10cdkeys.com<\/a> f\u00fcr Fragen zu R\u00fccksendungen und Erstattungen.<\/span><\/h2>\n<p><\/p>\t\t\t\t\t\t\t\t<\/div>\n\t\t\t\t<\/div>\n\t\t\t\t\t<\/div>\n\t\t\t\t<\/div>\n\t\t\t\t<\/div>","protected":false},"excerpt":{"rendered":"<p>Pol\u00edtica de Devoluciones y Reembolsos Resumen Por seguridad en los productos digitales NO se permitir\u00e1n devoluciones ni reembolsos si se ha recibido la licencia y la licencia se ha usado. El producto puede ser devuelto en un plazo m\u00e1ximo de 14 d\u00edas siempre que no haya sido utilizado. Si tiene algun error con la licencia [&hellip;]<\/p>\n","protected":false},"author":1,"featured_media":0,"parent":0,"menu_order":0,"comment_status":"closed","ping_status":"closed","template":"elementor_header_footer","meta":{"inline_featured_image":false,"_joinchat":[],"footnotes":""},"class_list":["post-7223","page","type-page","status-publish","hentry"],"_links":{"self":[{"href":"https:\/\/win10cdkeys.com\/de\/wp-json\/wp\/v2\/pages\/7223","targetHints":{"allow":["GET"]}}],"collection":[{"href":"https:\/\/win10cdkeys.com\/de\/wp-json\/wp\/v2\/pages"}],"about":[{"href":"https:\/\/win10cdkeys.com\/de\/wp-json\/wp\/v2\/types\/page"}],"author":[{"embeddable":true,"href":"https:\/\/win10cdkeys.com\/de\/wp-json\/wp\/v2\/users\/1"}],"replies":[{"embeddable":true,"href":"https:\/\/win10cdkeys.com\/de\/wp-json\/wp\/v2\/comments?post=7223"}],"version-history":[{"count":0,"href":"https:\/\/win10cdkeys.com\/de\/wp-json\/wp\/v2\/pages\/7223\/revisions"}],"wp:attachment":[{"href":"https:\/\/win10cdkeys.com\/de\/wp-json\/wp\/v2\/media?parent=7223"}],"curies":[{"name":"wp","href":"https:\/\/api.w.org\/{rel}","templated":true}]}}