{"id":7460,"date":"2024-02-04T14:24:12","date_gmt":"2024-02-04T13:24:12","guid":{"rendered":"https:\/\/win10cdkeys.com\/?page_id=7460"},"modified":"2024-05-10T14:05:25","modified_gmt":"2024-05-10T12:05:25","slug":"datenschutzbestimmungen","status":"publish","type":"page","link":"https:\/\/win10cdkeys.com\/de\/politica-de-privacidad\/","title":{"rendered":"Datenschutzbestimmungen"},"content":{"rendered":"<div data-elementor-type=\"wp-page\" data-elementor-id=\"7460\" class=\"elementor elementor-7460\">\n\t\t\t\t<div class=\"elementor-element elementor-element-2be517d e-flex e-con-boxed e-con e-parent\" data-id=\"2be517d\" data-element_type=\"container\" data-e-type=\"container\">\n\t\t\t\t\t<div class=\"e-con-inner\">\n\t\t\t\t<div class=\"elementor-element elementor-element-3b3b7b72 elementor-widget elementor-widget-text-editor\" data-id=\"3b3b7b72\" data-element_type=\"widget\" data-e-type=\"widget\" data-widget_type=\"text-editor.default\">\n\t\t\t\t<div class=\"elementor-widget-container\">\n\t\t\t\t\t\t\t\t\t\n<h2 class=\"wp-block-heading\">Wer wir sind<\/h2>\n\n<p>Die Adresse unserer Website lautet: <a href=\"https:\/\/win10cdkeys.com\/de\/\">https:\/\/win10cdkeys.com<\/a><\/p>\n<p>Sie k\u00f6nnen uns \u00fcber unser <a href=\"https:\/\/win10cdkeys.com\/de\/kontaktieren-sie-uns\/\" target=\"_blank\" rel=\"noopener\">Kontaktseite<\/a> oder schreiben Sie uns per E-Mail <a href=\"mailto:ventas@win10cdkeys.com\">ventas@win10cdkeys.com<\/a><\/p>\n\n<h2 class=\"wp-block-heading\">Kommentare<\/h2>\n\n<p>Wenn Besucher Kommentare auf der Website hinterlassen, erfassen wir die im Kommentarformular angezeigten Daten sowie die IP-Adresse und den User-Agent-String des Browsers des Besuchers, um die Erkennung von Spam zu erleichtern.<\/p>\n\n<p>Eine anonyme Zeichenkette, die aus Ihrer E-Mail-Adresse erstellt wird (auch Hash genannt), kann dem Gravatar-Dienst zur Verf\u00fcgung gestellt werden, um zu sehen, ob Sie ihn benutzen. Die Datenschutzbestimmungen des Gravatar-Dienstes finden Sie hier: https:\/\/automattic.com\/privacy\/. Nach der Freigabe Ihres Kommentars ist Ihr Profilbild im Zusammenhang mit Ihrem Kommentar \u00f6ffentlich sichtbar.<\/p>\n\n<h2 class=\"wp-block-heading\">Medien<\/h2>\n\n<p>Wenn Sie Bilder auf die Website hochladen, sollten Sie es vermeiden, Bilder hochzuladen, die Standortdaten (GPS EXIF) enthalten. Die Besucher der Website k\u00f6nnen alle Standortdaten von den Bildern auf der Website herunterladen und extrahieren.<\/p>\n\n<h2 class=\"wp-block-heading\">Cookies<\/h2>\n\n<p>Wenn Sie einen Kommentar auf unserer Website hinterlassen, k\u00f6nnen Sie festlegen, dass Ihr Name, Ihre E-Mail-Adresse und Ihre Website in Cookies gespeichert werden. Dies dient Ihrer Bequemlichkeit, damit Sie Ihre Daten nicht erneut eingeben m\u00fcssen, wenn Sie einen weiteren Kommentar hinterlassen. Diese Cookies sind ein Jahr lang g\u00fcltig.<\/p>\n\n<p>Wenn Sie ein Konto haben und sich auf dieser Website anmelden, setzen wir ein tempor\u00e4res Cookie, um festzustellen, ob Ihr Browser Cookies akzeptiert. Dieses Cookie enth\u00e4lt keine pers\u00f6nlichen Daten und wird gel\u00f6scht, wenn Sie Ihren Browser schlie\u00dfen.<\/p>\n\n<p>Wenn Sie sich anmelden, setzen wir auch eine Reihe von Cookies, um Ihre Anmeldeinformationen und Bildschirmoptionen zu speichern. Die Anmelde-Cookies sind zwei Tage lang g\u00fcltig, die Cookies f\u00fcr die Anzeigeoptionen ein Jahr lang. Wenn Sie \"Remember me\" w\u00e4hlen, bleibt Ihre Anmeldung zwei Wochen lang gespeichert. Wenn Sie sich von Ihrem Konto abmelden, werden Ihre Anmelde-Cookies gel\u00f6scht.<\/p>\n\n<p>Wenn Sie einen Artikel bearbeiten oder ver\u00f6ffentlichen, wird ein zus\u00e4tzliches Cookie in Ihrem Browser gespeichert. Dieses Cookie enth\u00e4lt keine pers\u00f6nlichen Daten und zeigt lediglich die ID des Artikels an, den Sie gerade bearbeitet haben. Er verf\u00e4llt nach 1 Tag.<br \/><br \/><\/p>\n<p>Unsere Website verwendet Cookies, um die Benutzerfreundlichkeit zu verbessern und um Informationen \u00fcber die Nutzung der Website zu sammeln. Wir verwenden insbesondere Cookies von Google Analytics und das Facebook-Pixel.<\/p>\n<p><strong>Google Analytics:<\/strong><\/p>\n<p>Google Analytics ist ein von Google bereitgestellter Webanalysedienst, der Cookies verwendet, um Daten dar\u00fcber zu sammeln, wie Nutzer die Website nutzen. Zu den gesammelten Informationen geh\u00f6ren Details \u00fcber den geografischen Standort der Nutzer, das von ihnen verwendete Ger\u00e4t, die von ihnen besuchten Seiten und die Dauer ihres Besuchs. Diese Informationen werden verwendet, um den Website-Verkehr zu analysieren, die Pr\u00e4ferenzen der Nutzer besser zu verstehen und die allgemeine Nutzererfahrung auf der Website zu verbessern.<\/p>\n<p>Sie k\u00f6nnen mehr dar\u00fcber erfahren, wie Google Analytics die gesammelten Daten verwendet und wie Sie die Verwendung von Cookies kontrollieren k\u00f6nnen, indem Sie die <a href=\"https:\/\/policies.google.com\/privacy\" target=\"_new\" rel=\"noreferrer noopener\">Google-Datenschutzbestimmungen<\/a>.<\/p>\n<p><strong>Facebook-Pixel:<\/strong><\/p>\n<p>Das Facebook-Pixel ist ein von Facebook bereitgestelltes Analysetool, das Cookies verwendet, um Informationen \u00fcber die Interaktionen der Nutzer mit unserer Website zu sammeln. Dazu geh\u00f6ren Daten \u00fcber besuchte Seiten, auf der Website durchgef\u00fchrte Aktionen und andere Informationen, die f\u00fcr die Optimierung der Facebook-Werbung relevant sind.<\/p>\n<p>Die \u00fcber das Facebook-Pixel gesammelten Informationen werden verwendet, um gezielte Werbung auf der Facebook-Plattform zu schalten und die Wirksamkeit unserer Werbekampagnen zu messen.<\/p>\n<p>Weitere Informationen dar\u00fcber, wie Facebook die durch das Pixel gesammelten Daten verwendet und wie Sie die Verwendung von Cookies kontrollieren k\u00f6nnen, finden Sie in der <a href=\"https:\/\/www.facebook.com\/policies\/cookies\/\" target=\"_new\" rel=\"noreferrer noopener\">Facebook Cookie-Richtlinie<\/a>.<\/p>\n<p>\u00a0<\/p>\n\n<h2 class=\"wp-block-heading\">Eingebettete Inhalte von anderen Websites<\/h2>\n\n<p>Die Artikel auf dieser Website k\u00f6nnen eingebettete Inhalte (z. B. Videos, Bilder, Artikel usw.) enthalten. Eingebettete Inhalte von anderen Websites verhalten sich genau so, als ob der Besucher die andere Website besucht h\u00e4tte.<\/p>\n\n<p>Diese Websites k\u00f6nnen Daten \u00fcber Sie sammeln, Cookies verwenden, zus\u00e4tzliche Verfolgungen von Dritten einbetten und Ihre Interaktion mit diesen eingebetteten Inhalten \u00fcberwachen, einschlie\u00dflich der Verfolgung Ihrer Interaktion mit den eingebetteten Inhalten, wenn Sie ein Konto haben und auf dieser Website angemeldet sind.<\/p>\n\n<h2 class=\"wp-block-heading\">Mit wem wir Ihre Daten teilen<\/h2>\n\n<p>Wenn Sie ein neues Passwort anfordern, wird Ihre IP-Adresse in der E-Mail mit dem neuen Passwort angegeben.<\/p>\n\n<h2 class=\"wp-block-heading\">Wie lange wir Ihre Daten aufbewahren<\/h2>\n\n<p>Wenn Sie einen Kommentar hinterlassen, werden der Kommentar und seine Metadaten auf unbestimmte Zeit gespeichert. Auf diese Weise k\u00f6nnen wir nachfolgende Kommentare automatisch erkennen und genehmigen, anstatt sie in einer Moderationswarteschlange zu halten.<\/p>\n\n<p>Bei Nutzern, die sich auf unserer Website registrieren (falls vorhanden), speichern wir auch die pers\u00f6nlichen Daten, die sie in ihrem Nutzerprofil angeben. Alle Nutzer k\u00f6nnen ihre pers\u00f6nlichen Daten jederzeit einsehen, bearbeiten oder l\u00f6schen (mit der Ausnahme, dass sie ihren Nutzernamen nicht \u00e4ndern k\u00f6nnen). Auch die Administratoren der Website k\u00f6nnen diese Informationen einsehen und bearbeiten.<\/p>\n\n<h2 class=\"wp-block-heading\">Welche Rechte Sie an Ihren Daten haben<\/h2>\n\n<p>Wenn Sie ein Konto haben oder Kommentare auf dieser Website hinterlassen haben, k\u00f6nnen Sie eine Exportdatei der personenbezogenen Daten anfordern, die wir \u00fcber Sie gespeichert haben, einschlie\u00dflich aller Daten, die Sie uns zur Verf\u00fcgung gestellt haben. Sie k\u00f6nnen auch verlangen, dass wir alle personenbezogenen Daten, die wir \u00fcber Sie gespeichert haben, l\u00f6schen. Davon ausgenommen sind Daten, die wir aus administrativen, rechtlichen oder Sicherheitsgr\u00fcnden aufbewahren m\u00fcssen.<\/p>\n\n<h2 class=\"wp-block-heading\">Wohin Ihre Daten gesendet werden<\/h2>\n\n<p>Besucherkommentare k\u00f6nnen von einem automatischen Spam-Erkennungsdienst \u00fcberpr\u00fcft werden.<\/p>\n<p>Wir sammeln Informationen von Ihnen w\u00e4hrend des Bestellvorgangs in unserem Shop.<\/p>\n<h2>Was wir sammeln und speichern<\/h2>\n<p>W\u00e4hrend Sie unsere Website besuchen, werden wir Ihre Daten verfolgen:<\/p>\n<ul>\n<li>Produkte, die Sie angesehen haben: Wir verwenden diese, um Ihnen zum Beispiel Produkte zu zeigen, die Sie k\u00fcrzlich angesehen haben.<\/li>\n<li>Standort, IP-Adresse und Browsertyp: Wir verwenden diese Daten u. a. f\u00fcr die Berechnung von Steuern und Versandkosten.<\/li>\n<li>Lieferadresse: Wir bitten Sie, diese anzugeben, damit wir z. B. die Versandkosten absch\u00e4tzen k\u00f6nnen, bevor Sie eine Bestellung aufgeben, und Ihnen die Bestellung zusenden k\u00f6nnen!<\/li>\n<\/ul>\n<p>Wir verwenden auch Cookies, um den Inhalt Ihres Warenkorbs zu verfolgen, w\u00e4hrend Sie auf unserer Website surfen.<\/p>\n<p>Wenn Sie etwas bei uns kaufen, bitten wir Sie um Informationen wie Ihren Namen, Ihre Rechnungsadresse, Ihre Lieferadresse, Ihre E-Mail-Adresse, Ihre Telefonnummer, Ihre Kredit-\/Zahlungskartendaten und optionale Zusatzinformationen wie Ihren Benutzernamen und Ihr Passwort. Wir werden diese Informationen f\u00fcr folgende Zwecke verwenden:<\/p>\n<ul>\n<li>Ihnen Informationen \u00fcber Ihr Konto und Ihre Bestellung schicken<\/li>\n<li>Beantwortung Ihrer Anfragen, einschlie\u00dflich Erstattungen und Reklamationen<\/li>\n<li>Zahlungsabwicklung und Betrugsbek\u00e4mpfung<\/li>\n<li>Richten Sie Ihr Konto f\u00fcr unseren Shop ein<\/li>\n<li>Erf\u00fcllung gesetzlicher Verpflichtungen, wie z. B. Steuerberechnungen<\/li>\n<li>Verbessern Sie die Angebote in unserem Shop<\/li>\n<li>Ihnen Werbenachrichten zu senden, wenn Sie diese erhalten m\u00f6chten<\/li>\n<\/ul>\n<p>Wenn Sie ein Konto anlegen, speichern wir Ihren Namen, Ihre Adresse, Ihre E-Mail-Adresse und Ihre Telefonnummer, die wir f\u00fcr die Kaufabwicklung und k\u00fcnftige Bestellungen verwenden.<\/p>\n<p>Normalerweise speichern wir Ihre Daten so lange, wie wir sie f\u00fcr die Zwecke ben\u00f6tigen, f\u00fcr die wir sie erheben und verwenden, und wir sind nicht gesetzlich verpflichtet, sie l\u00e4nger aufzubewahren. Zum Beispiel speichern wir Bestelldaten f\u00fcr 4 Jahre zu Steuer- und Buchhaltungszwecken. Dazu geh\u00f6ren Ihr Name, Ihre E-Mail-Adresse sowie Ihre Rechnungs- und Lieferadresse.<\/p>\n<p>Wir speichern auch Kommentare oder Bewertungen, wenn Sie diese hinterlassen.<\/p>\n<h2>Wer in unserem Team hat Zugang zu<\/h2>\n<p>Unsere Teammitglieder haben Zugriff auf die von Ihnen bereitgestellten Informationen. Zum Beispiel k\u00f6nnen Administratoren und Shopmanager darauf zugreifen:<\/p>\n<ul>\n<li>Bestellinformationen, z. B. was gekauft wurde, wann es gekauft wurde und wohin es geliefert werden soll, und<\/li>\n<li>Kundeninformationen, wie z. B. Ihr Name, Ihre E-Mail-Adresse sowie Rechnungs- und Versandinformationen.<\/li>\n<\/ul>\n<p>Unsere Teammitglieder haben Zugriff auf diese Informationen, um Bestellungen abzuschlie\u00dfen, R\u00fcckerstattungen zu bearbeiten und Sie zu unterst\u00fctzen.<\/p>\n<h2>Was wir mit anderen teilen<\/h2>\n<p>Wir geben Informationen an andere weiter, die uns dabei helfen, unsere Bestellungen auszuliefern und Dienstleistungen f\u00fcr Sie zu verwalten.<\/p>\n<h3>Zahlungen<\/h3>\n<p>Wir akzeptieren Zahlungen \u00fcber PayPal. Bei der Zahlungsabwicklung werden einige Ihrer Daten an PayPal weitergegeben, einschlie\u00dflich der Informationen, die f\u00fcr die Bearbeitung oder Unterst\u00fctzung der Zahlung erforderlich sind, wie z. B. die Kaufsumme und die Rechnungsinformationen.<\/p>\n<p>Bitte pr\u00fcfen Sie die\u00a0<a href=\"https:\/\/www.paypal.com\/es\/webapps\/mpp\/ua\/privacy-full\" target=\"_blank\" rel=\"noopener\">PayPal-Datenschutzbestimmungen<\/a> f\u00fcr weitere Einzelheiten.<\/p>\n\t\t\t\t\t\t\t\t<\/div>\n\t\t\t\t<\/div>\n\t\t\t\t\t<\/div>\n\t\t\t\t<\/div>\n\t\t\t\t<\/div>","protected":false},"excerpt":{"rendered":"<p>Qui\u00e9nes somos La direcci\u00f3n de nuestra web es: https:\/\/win10cdkeys.com Puede ponerse en contacto con nosotros desde nuestra p\u00e1gina de contacto o escribirnos al email ventas@win10cdkeys.com Comentarios Cuando los visitantes dejan comentarios en la web, recopilamos los datos que se muestran en el formulario de comentarios, as\u00ed como la direcci\u00f3n IP del visitante y la cadena [&hellip;]<\/p>\n","protected":false},"author":1,"featured_media":0,"parent":0,"menu_order":0,"comment_status":"closed","ping_status":"closed","template":"elementor_header_footer","meta":{"inline_featured_image":false,"_joinchat":[],"footnotes":""},"class_list":["post-7460","page","type-page","status-publish","hentry"],"_links":{"self":[{"href":"https:\/\/win10cdkeys.com\/de\/wp-json\/wp\/v2\/pages\/7460","targetHints":{"allow":["GET"]}}],"collection":[{"href":"https:\/\/win10cdkeys.com\/de\/wp-json\/wp\/v2\/pages"}],"about":[{"href":"https:\/\/win10cdkeys.com\/de\/wp-json\/wp\/v2\/types\/page"}],"author":[{"embeddable":true,"href":"https:\/\/win10cdkeys.com\/de\/wp-json\/wp\/v2\/users\/1"}],"replies":[{"embeddable":true,"href":"https:\/\/win10cdkeys.com\/de\/wp-json\/wp\/v2\/comments?post=7460"}],"version-history":[{"count":0,"href":"https:\/\/win10cdkeys.com\/de\/wp-json\/wp\/v2\/pages\/7460\/revisions"}],"wp:attachment":[{"href":"https:\/\/win10cdkeys.com\/de\/wp-json\/wp\/v2\/media?parent=7460"}],"curies":[{"name":"wp","href":"https:\/\/api.w.org\/{rel}","templated":true}]}}