{"id":7789,"date":"2024-05-10T13:33:11","date_gmt":"2024-05-10T11:33:11","guid":{"rendered":"https:\/\/win10cdkeys.com\/?page_id=7789"},"modified":"2024-09-26T09:59:53","modified_gmt":"2024-09-26T07:59:53","slug":"zahlungspolitik","status":"publish","type":"page","link":"https:\/\/win10cdkeys.com\/de\/payment-policy\/","title":{"rendered":"Zahlungspolitik"},"content":{"rendered":"<div data-elementor-type=\"wp-page\" data-elementor-id=\"7789\" class=\"elementor elementor-7789\">\n\t\t\t\t<div class=\"elementor-element elementor-element-39ebdfe0 e-flex e-con-boxed e-con e-parent\" data-id=\"39ebdfe0\" data-element_type=\"container\" data-e-type=\"container\">\n\t\t\t\t\t<div class=\"e-con-inner\">\n\t\t\t\t<div class=\"elementor-element elementor-element-3c78099f elementor-widget elementor-widget-text-editor\" data-id=\"3c78099f\" data-element_type=\"widget\" data-e-type=\"widget\" data-widget_type=\"text-editor.default\">\n\t\t\t\t<div class=\"elementor-widget-container\">\n\t\t\t\t\t\t\t\t\t<h1>Zahlungspolitik<\/h1><p>Wir akzeptieren Zahlungen durch eine Vielzahl von Zahlungsoptionen, um die Bequemlichkeit und Sicherheit unserer Kunden zu gew\u00e4hrleisten. Bevor Sie einen Kauf auf unserer Website t\u00e4tigen, lesen Sie bitte unsere Zahlungsrichtlinien sorgf\u00e4ltig durch.<\/p><h3><strong>Zahlungsarten:<\/strong><\/h3><ol><li><strong>Kredit-\/Debitkarten:<\/strong> Wir akzeptieren Visa, Mastercard, American Express und andere g\u00e4ngige Kredit- und Debitkarten. Alle Kartenzahlungen werden sicher \u00fcber unser Zahlungs-Gateway abgewickelt.<\/li><li><strong>PayPal:<\/strong> Wir bieten Ihnen auch die M\u00f6glichkeit, \u00fcber PayPal zu bezahlen. Dabei k\u00f6nnen Sie Geldmittel von Ihrem PayPal-Konto verwenden oder mit einer Kredit-\/Debitkarte bezahlen, die mit Ihrem PayPal-Konto verkn\u00fcpft ist. PayPal bietet ein zus\u00e4tzliches Ma\u00df an Sicherheit und Schutz f\u00fcr Ihre Transaktionen.<\/li><li><strong>Bank\u00fcberweisung:<\/strong> Wir akzeptieren auch Zahlungen per direkter Bank\u00fcberweisung auf unser Bankkonto. Bitte beachten Sie, dass die Bearbeitung von Bank\u00fcberweisungen je nach Sender- und Empf\u00e4ngerbank 3-5 Werktage dauern kann.<\/li><li><p><strong>Google Pay:\u00a0<\/strong>Sie k\u00f6nnen Ihre Eink\u00e4ufe mit Google Pay t\u00e4tigen, einer schnellen und sicheren Methode, mit der Sie direkt von Ihrem mobilen Ger\u00e4t oder Browser aus bezahlen k\u00f6nnen. Wenn Sie Google Pay verwenden, sind Ihre finanziellen Daten durch fortschrittliche Sicherheitsebenen gesch\u00fctzt.<\/p><\/li><li><p><strong>Apple Pay:\u00a0<\/strong>Wenn Sie ein Apple-Ger\u00e4t besitzen, k\u00f6nnen Sie auch mit Apple Pay bezahlen. Mit dieser Methode k\u00f6nnen Sie einfach und sicher von Ihrem iPhone, iPad oder Mac aus bezahlen, unterst\u00fctzt von den fortschrittlichen Sicherheitsma\u00dfnahmen von Apple.<\/p><\/li><\/ol><h3><strong>Zahlungsvorgang:<\/strong><\/h3><p>Alle Bestellungen werden bearbeitet, sobald die vollst\u00e4ndige Zahlung eingegangen ist. Das bedeutet, dass Ihre Bestellung erst dann versandt wird, wenn wir den Zahlungseingang auf unserem Konto best\u00e4tigt haben. Bitte beachten Sie, dass die Bearbeitungszeiten je nach der von Ihnen gew\u00e4hlten Zahlungsmethode variieren k\u00f6nnen.<\/p><h2>Haben Sie noch Fragen?<\/h2><p>Wenn Sie Fragen zu unserer Politik haben, kontaktieren Sie uns bitte unter <a href=\"https:\/\/win10cdkeys.com\/de\/kontaktieren-sie-uns\/\" target=\"_blank\" rel=\"noopener\">Kontakt Seite<\/a> oder per E-Mail an <a href=\"mailto:ventas@win10cdkeys.com\">ventas@win10cdkeys.com<\/a><\/p>\t\t\t\t\t\t\t\t<\/div>\n\t\t\t\t<\/div>\n\t\t\t\t\t<\/div>\n\t\t\t\t<\/div>\n\t\t\t\t<\/div>","protected":false},"excerpt":{"rendered":"<p>Pol\u00edtica de Pagos Aceptamos pagos a trav\u00e9s de varias opciones para garantizar la comodidad y la seguridad de nuestros clientes. Antes de realizar cualquier compra en nuestro sitio web, te pedimos que leas detenidamente nuestra pol\u00edtica de pagos. M\u00e9todos de Pago: Tarjetas de Cr\u00e9dito\/D\u00e9bito: Aceptamos tarjetas de cr\u00e9dito y d\u00e9bito Visa, Mastercard, American Express y [&hellip;]<\/p>\n","protected":false},"author":1,"featured_media":0,"parent":0,"menu_order":0,"comment_status":"closed","ping_status":"closed","template":"elementor_header_footer","meta":{"inline_featured_image":false,"_joinchat":[],"footnotes":""},"class_list":["post-7789","page","type-page","status-publish","hentry"],"_links":{"self":[{"href":"https:\/\/win10cdkeys.com\/de\/wp-json\/wp\/v2\/pages\/7789","targetHints":{"allow":["GET"]}}],"collection":[{"href":"https:\/\/win10cdkeys.com\/de\/wp-json\/wp\/v2\/pages"}],"about":[{"href":"https:\/\/win10cdkeys.com\/de\/wp-json\/wp\/v2\/types\/page"}],"author":[{"embeddable":true,"href":"https:\/\/win10cdkeys.com\/de\/wp-json\/wp\/v2\/users\/1"}],"replies":[{"embeddable":true,"href":"https:\/\/win10cdkeys.com\/de\/wp-json\/wp\/v2\/comments?post=7789"}],"version-history":[{"count":0,"href":"https:\/\/win10cdkeys.com\/de\/wp-json\/wp\/v2\/pages\/7789\/revisions"}],"wp:attachment":[{"href":"https:\/\/win10cdkeys.com\/de\/wp-json\/wp\/v2\/media?parent=7789"}],"curies":[{"name":"wp","href":"https:\/\/api.w.org\/{rel}","templated":true}]}}