{"id":7792,"date":"2024-05-10T13:43:41","date_gmt":"2024-05-10T11:43:41","guid":{"rendered":"https:\/\/win10cdkeys.com\/?page_id=7792"},"modified":"2024-09-12T10:30:55","modified_gmt":"2024-09-12T08:30:55","slug":"bedingungen-und-konditionen","status":"publish","type":"page","link":"https:\/\/win10cdkeys.com\/de\/terms-and-cond\/","title":{"rendered":"Bedingungen und Konditionen"},"content":{"rendered":"<div data-elementor-type=\"wp-page\" data-elementor-id=\"7792\" class=\"elementor elementor-7792\">\n\t\t\t\t<div class=\"elementor-element elementor-element-1f9ba7fd e-flex e-con-boxed e-con e-parent\" data-id=\"1f9ba7fd\" data-element_type=\"container\" data-e-type=\"container\">\n\t\t\t\t\t<div class=\"e-con-inner\">\n\t\t\t\t<div class=\"elementor-element elementor-element-248cecf elementor-widget elementor-widget-heading\" data-id=\"248cecf\" data-element_type=\"widget\" data-e-type=\"widget\" data-widget_type=\"heading.default\">\n\t\t\t\t<div class=\"elementor-widget-container\">\n\t\t\t\t\t<h2 class=\"elementor-heading-title elementor-size-default\">Bedingungen und Konditionen<\/h2>\t\t\t\t<\/div>\n\t\t\t\t<\/div>\n\t\t\t\t<div class=\"elementor-element elementor-element-36ec56c1 elementor-widget elementor-widget-text-editor\" data-id=\"36ec56c1\" data-element_type=\"widget\" data-e-type=\"widget\" data-widget_type=\"text-editor.default\">\n\t\t\t\t<div class=\"elementor-widget-container\">\n\t\t\t\t\t\t\t\t\t<p>Indem Sie auf unsere Website zugreifen und sie nutzen, erkl\u00e4ren Sie sich mit den folgenden Nutzungsbedingungen einverstanden und sind an diese gebunden. Wenn Sie mit einer dieser Bedingungen nicht einverstanden sind, nutzen Sie unsere Website bitte nicht.<\/p><p><strong>1. die Nutzung der Website:<\/strong><\/p><p>Die Nutzung dieser Website unterliegt den folgenden Bedingungen:<\/p><ul><li>Der Inhalt der Website dient nur der allgemeinen Information und dem pers\u00f6nlichen Gebrauch.<\/li><li>Wir behalten uns das Recht vor, die Website (oder Teile davon) ohne vorherige Ank\u00fcndigung zu \u00e4ndern oder zur\u00fcckzuziehen.<\/li><\/ul><p><strong>2. Der Datenschutz:<\/strong><\/p><p>Ihre Privatsph\u00e4re ist uns wichtig. Lesen Sie unser <a href=\"https:\/\/win10cdkeys.com\/de\/datenschutzbestimmungen\/\">Datenschutzbestimmungen<\/a> um zu verstehen, wie wir Ihre pers\u00f6nlichen Daten sammeln, verwenden und sch\u00fctzen.<\/p><p><strong>3. Zahlungen:<\/strong><\/p><p>Indem Sie einen Kauf auf unserer Website t\u00e4tigen, erkl\u00e4ren Sie sich mit den Bedingungen unserer <a href=\"https:\/\/win10cdkeys.com\/de\/zahlungspolitik\/\" target=\"_new\" rel=\"noreferrer noopener\">Zahlungspolitik<\/a>in dem die verf\u00fcgbaren Zahlungsmethoden und der Zahlungsvorgang beschrieben werden.<\/p><p><strong>4. Sendungen:<\/strong><\/p><p>Lesen Sie unser <a href=\"https:\/\/win10cdkeys.com\/de\/schifffahrtspolitik\/\" target=\"_new\" rel=\"noreferrer noopener\">Versandpolitik<\/a> f\u00fcr Informationen \u00fcber Lieferzeiten, verf\u00fcgbare Versandarten und geltende Tarife.<\/p><p><strong>5. R\u00fcckgabe und R\u00fcckerstattung:<\/strong><\/p><p>Konsultieren Sie unser <a href=\"https:\/\/win10cdkeys.com\/de\/ruckerstattung_ruckgaben\/\" target=\"_new\" rel=\"noreferrer noopener\">R\u00fcckgabepolitik<\/a> die Verfahren und Bedingungen f\u00fcr die R\u00fcckgabe von Produkten und die Beantragung von R\u00fcckerstattungen zu verstehen.<\/p><p><strong>6. \u00c4nderungen der Bedingungen:<\/strong><\/p><p>Wir behalten uns das Recht vor, diese Bedingungen jederzeit und ohne Vorank\u00fcndigung zu aktualisieren oder zu \u00e4ndern. Es liegt in Ihrer Verantwortung, die Bedingungen regelm\u00e4\u00dfig zu \u00fcberpr\u00fcfen, um sich \u00fcber etwaige \u00c4nderungen zu informieren.<\/p><p><strong>7. Kontakt:<\/strong><\/p><p>Sollten Sie Fragen zu diesen Bedingungen haben, z\u00f6gern Sie bitte nicht, sich mit uns in Verbindung zu setzen <a href=\"https:\/\/win10cdkeys.com\/de\/kontaktieren-sie-uns\/\" target=\"_new\" rel=\"noreferrer noopener\">kontaktieren Sie uns unter<\/a> oder schreiben Sie an unsere E-Mail <a href=\"mailto:support@win10cdkeys.com\">support@win10cdkeys.com<\/a><\/p><p>Durch die Nutzung unserer Website akzeptieren Sie diese Bedingungen in vollem Umfang.<\/p>\t\t\t\t\t\t\t\t<\/div>\n\t\t\t\t<\/div>\n\t\t\t\t\t<\/div>\n\t\t\t\t<\/div>\n\t\t\t\t<\/div>","protected":false},"excerpt":{"rendered":"<p>T\u00e9rminos y Condiciones Al acceder y utilizar nuestro sitio web, aceptas cumplir y estar sujeto a los siguientes t\u00e9rminos y condiciones de uso. Si no est\u00e1s de acuerdo con alguno de estos t\u00e9rminos, te pedimos que no utilices nuestro sitio. 1. Uso del Sitio: El uso de este sitio web est\u00e1 sujeto a las siguientes [&hellip;]<\/p>\n","protected":false},"author":1,"featured_media":0,"parent":0,"menu_order":0,"comment_status":"closed","ping_status":"closed","template":"elementor_header_footer","meta":{"inline_featured_image":false,"_joinchat":[],"footnotes":""},"class_list":["post-7792","page","type-page","status-publish","hentry"],"_links":{"self":[{"href":"https:\/\/win10cdkeys.com\/de\/wp-json\/wp\/v2\/pages\/7792","targetHints":{"allow":["GET"]}}],"collection":[{"href":"https:\/\/win10cdkeys.com\/de\/wp-json\/wp\/v2\/pages"}],"about":[{"href":"https:\/\/win10cdkeys.com\/de\/wp-json\/wp\/v2\/types\/page"}],"author":[{"embeddable":true,"href":"https:\/\/win10cdkeys.com\/de\/wp-json\/wp\/v2\/users\/1"}],"replies":[{"embeddable":true,"href":"https:\/\/win10cdkeys.com\/de\/wp-json\/wp\/v2\/comments?post=7792"}],"version-history":[{"count":0,"href":"https:\/\/win10cdkeys.com\/de\/wp-json\/wp\/v2\/pages\/7792\/revisions"}],"wp:attachment":[{"href":"https:\/\/win10cdkeys.com\/de\/wp-json\/wp\/v2\/media?parent=7792"}],"curies":[{"name":"wp","href":"https:\/\/api.w.org\/{rel}","templated":true}]}}