{"id":18246,"date":"2024-11-21T10:25:47","date_gmt":"2024-11-21T09:25:47","guid":{"rendered":"https:\/\/win10cdkeys.com\/?post_type=product&#038;p=18246"},"modified":"2026-04-14T09:55:24","modified_gmt":"2026-04-14T07:55:24","slug":"windows-10-pro-pack-office-2019-pro-plus","status":"publish","type":"product","link":"https:\/\/win10cdkeys.com\/de\/producto\/pack-windows-10-pro-office-2019-pro-plus\/","title":{"rendered":"Windows 10 Pro + Office 2019 Pro Plus Pack"},"content":{"rendered":"<h2>Sparpaket zur Aktivierung von Windows 10 Pro und Office 2019 Professional Plus<\/h2>\n<p>Exklusiv <strong>Sparpaket<\/strong> das die wichtigsten Werkzeuge zur Maximierung Ihrer Produktivit\u00e4t vereint. Dieses Paket enth\u00e4lt:<\/p>\n<ul>\n<li><strong>Windows 10 Pro<\/strong>Die neueste Version des Microsoft-Betriebssystems mit optimaler Leistung, einer modernen und intuitiven Benutzeroberfl\u00e4che sowie erweiterten Sicherheits- und Verwaltungsfunktionen f\u00fcr gesch\u00e4ftliche und professionelle Anwender. Perfekt f\u00fcr die t\u00e4gliche Arbeit und den privaten Gebrauch.<\/li>\n<li><strong>B\u00fcro 2019 Professional Plus<\/strong>Die umfassendste Produktivit\u00e4tssuite, die wichtige Anwendungen wie Word, Excel, PowerPoint, Outlook, Access und Publisher enth\u00e4lt. Ideal f\u00fcr Projektmanagement, Dokumentenerstellung und effektive Kommunikation.<\/li>\n<\/ul>\n<p>Windows 10 Pro: 25-stellige digitale Lizenz zur Aktivierung von 1 PC. Nur g\u00fcltig f\u00fcr Windows Pro, wenn Sie die Home-Version haben, k\u00f6nnen Sie folgen <a href=\"https:\/\/win10cdkeys.com\/de\/upgrade-von-windows-home-auf-pro\/\" target=\"_blank\" rel=\"noopener\">unser Leitfaden<\/a>.<\/p>\n<p>Office 2019: 25-stellige digitale Lizenz zur Aktivierung von Office auf 1 PC. Gilt nur f\u00fcr die Professional Plus Version, wenn Sie diese nicht heruntergeladen haben, k\u00f6nnen Sie sie herunterladen. <a href=\"https:\/\/officecdn.microsoft.com\/pr\/492350f6-3a01-4f97-b9c0-c7c6ddf67d60\/media\/de-de\/ProPlus2019Retail.img\" target=\"_blank\" rel=\"noopener\">von hier aus<\/a>. Office 2019 enth\u00e4lt die komplette Office-Suite f\u00fcr Windows-PCs: Word, Excel, PowerPoint, Outlook, Publisher, Access und OneNote sowie Skype for Business.<\/p>\n<p>Online\"-Lizenz ist der Schl\u00fcssel auf schnelle und einfache Weise dauerhaft mit Ihrem PC verbunden.<\/p>","protected":false},"excerpt":{"rendered":"<p>Pack de ahorro para activar Windows 10 Pro y Office 2019 Professional Plus Exclusivo pack de ahorro que combina las herramientas esenciales para maximizar tu productividad. Este paquete incluye: Windows 10 Pro: La \u00faltima versi\u00f3n del sistema operativo de Microsoft, dise\u00f1ado para ofrecer un rendimiento \u00f3ptimo, una interfaz moderna e intuitiva, y caracter\u00edsticas avanzadas de [&hellip;]<\/p>\n","protected":false},"featured_media":37624,"comment_status":"closed","ping_status":"closed","template":"","meta":{"inline_featured_image":false,"_joinchat":[]},"product_brand":[],"product_cat":[86],"product_tag":[],"class_list":{"0":"post-18246","1":"product","2":"type-product","3":"status-publish","4":"has-post-thumbnail","6":"product_cat-packs-ahorro","7":"product_shipping_class-envio-instantaneo-digital","9":"first","10":"instock","11":"sale","12":"virtual","13":"taxable","14":"purchasable","15":"product-type-woosb"},"_links":{"self":[{"href":"https:\/\/win10cdkeys.com\/de\/wp-json\/wp\/v2\/product\/18246","targetHints":{"allow":["GET"]}}],"collection":[{"href":"https:\/\/win10cdkeys.com\/de\/wp-json\/wp\/v2\/product"}],"about":[{"href":"https:\/\/win10cdkeys.com\/de\/wp-json\/wp\/v2\/types\/product"}],"replies":[{"embeddable":true,"href":"https:\/\/win10cdkeys.com\/de\/wp-json\/wp\/v2\/comments?post=18246"}],"wp:featuredmedia":[{"embeddable":true,"href":"https:\/\/win10cdkeys.com\/de\/wp-json\/wp\/v2\/media\/37624"}],"wp:attachment":[{"href":"https:\/\/win10cdkeys.com\/de\/wp-json\/wp\/v2\/media?parent=18246"}],"wp:term":[{"taxonomy":"product_brand","embeddable":true,"href":"https:\/\/win10cdkeys.com\/de\/wp-json\/wp\/v2\/product_brand?post=18246"},{"taxonomy":"product_cat","embeddable":true,"href":"https:\/\/win10cdkeys.com\/de\/wp-json\/wp\/v2\/product_cat?post=18246"},{"taxonomy":"product_tag","embeddable":true,"href":"https:\/\/win10cdkeys.com\/de\/wp-json\/wp\/v2\/product_tag?post=18246"}],"curies":[{"name":"wp","href":"https:\/\/api.w.org\/{rel}","templated":true}]}}