{"id":2955,"date":"2022-04-10T14:04:31","date_gmt":"2022-04-10T12:04:31","guid":{"rendered":"https:\/\/win10cdkeys.com\/?post_type=product&#038;p=2955"},"modified":"2026-05-16T22:07:00","modified_gmt":"2026-05-16T20:07:00","slug":"windows-10-pro-key","status":"publish","type":"product","link":"https:\/\/win10cdkeys.com\/de\/producto\/windows-10-pro-key\/","title":{"rendered":"Windows 10 Pro Key"},"content":{"rendered":"<h2>Windows 10 Pro 32\/64 Bit Lizenz<\/h2>\n<p>Aktivieren Sie Ihren PC mit Windows 10 Pro, der aktuellsten Version des Microsoft-Betriebssystems. Mit dieser Originallizenz erhalten Sie alle professionellen Funktionen von Windows 10 Pro.<\/p>\n<h3>Windows 10 Pro Hauptmerkmale<\/h3>\n<p><strong>Dauerhafte und urspr\u00fcngliche Lizenz: <\/strong>Nach der Aktivierung ist der Schl\u00fcssel ein Leben lang f\u00fcr das Ger\u00e4t g\u00fcltig. Die Lizenz ist g\u00fcltig <strong>NUR f\u00fcr 1 PC.<\/strong><\/p>\n<p><strong>Kompatibilit\u00e4t: <\/strong><span style=\"font-size: 16px;\">Kompatibel <strong>ausschlie\u00dflich mit Windows 10 Pro<\/strong> sowohl in der 32-Bit- als auch in der 64-Bit-Version. Um Windows Home auf Windows Pro zu aktualisieren, folgen Sie unserem <\/span><a style=\"font-size: 16px;\" href=\"https:\/\/win10cdkeys.com\/de\/upgrade-von-windows-home-auf-pro\/\" target=\"_blank\" rel=\"noopener\">Schritt-f\u00fcr-Schritt-Anleitung<\/a><span style=\"font-size: 16px;\">.<\/span><\/p>\n<p><strong>Schnelle und einfache Aktivierung: <\/strong><span style=\"font-size: 16px;\">Kopieren Sie einfach den Schl\u00fcssel und f\u00fcgen Sie ihn in die Systemeinstellungen ein. Sie erhalten eine 25-stellige digitale Lizenz.<\/span><\/p>\n<p><strong>Offizieller Download: <\/strong><span style=\"font-size: 16px;\">Beziehen Sie das System von der Microsoft-Website, um eine sichere und aktuelle Installation zu gew\u00e4hrleisten. <\/span><a style=\"font-size: 16px;\" href=\"https:\/\/www.microsoft.com\/es-es\/software-download\/windows10\" target=\"_blank\" rel=\"noopener\">Windows 10 herunterladen.<\/a><\/p>\n<p><strong>Auch verf\u00fcgbar Microsoft Office 2021: <\/strong><span style=\"font-size: 16px;\">Erg\u00e4nzen Sie Ihr System mit der umfassendsten Office-Suite. Pr\u00fcfen Sie unsere Angebote und Pakete von <\/span><a style=\"font-size: 16px;\" href=\"https:\/\/win10cdkeys.com\/de\/produkt\/office-2021-pro-plus-key\/\" target=\"_blank\" rel=\"noopener\">Microsoft Office 2021<\/a><span style=\"font-size: 16px;\">.<\/span><\/p>","protected":false},"excerpt":{"rendered":"<p>Licencia Windows 10 Pro 32\/64 bits Activa tu equipo con Windows 10 Pro, la versi\u00f3n m\u00e1s actualizada del sistema operativo de Microsoft. Con esta licencia original, obtendr\u00e1s todas las funcionalidades profesionales de Windows 10 Pro. Caracter\u00edsticas de Windows 10 Pro Key Licencia Permanente y Original: Una vez activada, la clave es v\u00e1lida de por vida [&hellip;]<\/p>\n","protected":false},"featured_media":2956,"comment_status":"closed","ping_status":"closed","template":"","meta":{"inline_featured_image":false,"_joinchat":[]},"product_brand":[],"product_cat":[18,17,19,69],"product_tag":[],"class_list":{"0":"post-2955","1":"product","2":"type-product","3":"status-publish","4":"has-post-thumbnail","6":"product_cat-licencias-digitales","7":"product_cat-microsoft","8":"product_cat-windows","9":"product_cat-windows-10","10":"product_shipping_class-envio-instantaneo-digital","12":"first","13":"instock","14":"sale","15":"featured","16":"virtual","17":"taxable","18":"purchasable","19":"product-type-simple"},"_links":{"self":[{"href":"https:\/\/win10cdkeys.com\/de\/wp-json\/wp\/v2\/product\/2955","targetHints":{"allow":["GET"]}}],"collection":[{"href":"https:\/\/win10cdkeys.com\/de\/wp-json\/wp\/v2\/product"}],"about":[{"href":"https:\/\/win10cdkeys.com\/de\/wp-json\/wp\/v2\/types\/product"}],"replies":[{"embeddable":true,"href":"https:\/\/win10cdkeys.com\/de\/wp-json\/wp\/v2\/comments?post=2955"}],"wp:featuredmedia":[{"embeddable":true,"href":"https:\/\/win10cdkeys.com\/de\/wp-json\/wp\/v2\/media\/2956"}],"wp:attachment":[{"href":"https:\/\/win10cdkeys.com\/de\/wp-json\/wp\/v2\/media?parent=2955"}],"wp:term":[{"taxonomy":"product_brand","embeddable":true,"href":"https:\/\/win10cdkeys.com\/de\/wp-json\/wp\/v2\/product_brand?post=2955"},{"taxonomy":"product_cat","embeddable":true,"href":"https:\/\/win10cdkeys.com\/de\/wp-json\/wp\/v2\/product_cat?post=2955"},{"taxonomy":"product_tag","embeddable":true,"href":"https:\/\/win10cdkeys.com\/de\/wp-json\/wp\/v2\/product_tag?post=2955"}],"curies":[{"name":"wp","href":"https:\/\/api.w.org\/{rel}","templated":true}]}}