{"id":3044,"date":"2022-04-28T19:42:45","date_gmt":"2022-04-28T17:42:45","guid":{"rendered":"https:\/\/win10cdkeys.com\/?post_type=product&#038;p=3044"},"modified":"2026-02-01T11:42:31","modified_gmt":"2026-02-01T10:42:31","slug":"office-2021-pro-plus-schlussel-binden","status":"publish","type":"product","link":"https:\/\/win10cdkeys.com\/de\/producto\/office-2021-pro-plus-key-bind\/","title":{"rendered":"Office 2021 Pro Plus Lizenzschl\u00fcssel (BIND)"},"content":{"rendered":"<blockquote>\n<h2>Microsoft Office 2021 Pro Plus f\u00fcr PC (Windows) Express-Aktivierungslizenz<\/h2>\n<\/blockquote>\n<h3>Office 2021 Bind Professional Plus Schl\u00fcssel<\/h3>\n<ul>\n<li>Einfache Installation und Aktivierung \u00fcber <a href=\"https:\/\/setup.office.com\" target=\"_blank\" rel=\"noopener\">der Microsoft-Website.<\/a><\/li>\n<li>Bind\"-Lizenz ist der Schl\u00fcssel mit Ihrem Office-Konto verkn\u00fcpft, so dass Sie ihn nicht erneut eingeben m\u00fcssen, und Sie haben die M\u00f6glichkeit, Office von Ihrem Konto herunterzuladen, wenn Sie es ben\u00f6tigen.<\/li>\n<li>Beinhaltet die komplette Office-Suite f\u00fcr Windows-PCs: <b>Word, Excel, PowerPoint, Outlook, Publisher, Access und OneNote.<\/b><\/li>\n<li>Der Schl\u00fcssel ist <strong>dauerhafte Aktivierung<\/strong> Einmal aktiviert, kann es nicht mehr deaktiviert werden, und Sie k\u00f6nnen Office 2021 f\u00fcr immer auf diesem PC verwenden.<\/li>\n<li><strong>Der Schl\u00fcssel ist kompatibel mit Windows 10\/Windows 11<\/strong><\/li>\n<\/ul>\n<h4>Warum Win10cdkeys w\u00e4hlen?<\/h4>\n<p>Win10cdkeys bietet die besten Lizenzschl\u00fcssel zu sehr niedrigen Kosten mit 24\/7 Kunden-Support-Service, um Fragen und Fehler zu beheben. Win10cdkeys hat eine Bewertung von <a href=\"https:\/\/es.trustpilot.com\/review\/win10cdkeys.com\" target=\"_blank\" rel=\"noopener\">4,8 auf Trustpilot<\/a> mit 100% an positiven Bewertungen.<br \/>\nWenn Sie bei uns bestellen, erhalten Sie sofort eine Lizenz per E-Mail, die Sie kopieren und auf der offiziellen Website einf\u00fcgen k\u00f6nnen.<\/p>\n<p>&nbsp;<\/p>\n<p>Schnelle und sichere Zahlungen \u00fcber PayPal, Kreditkarte, Bizum oder Bank\u00fcberweisung. F\u00fcr weitere Informationen und eine schnelle Antwort kontaktieren Sie uns per WhatsApp.<\/p>","protected":false},"excerpt":{"rendered":"<p>Licencia de Microsoft Office 2021 Pro Plus para PC (Windows) de activaci\u00f3n r\u00e1pida Office 2021 Bind Professional Plus Key F\u00e1cil instalaci\u00f3n y activaci\u00f3n a trav\u00e9s de la p\u00e1gina de Microsoft. Licencia de tipo \u00abBind\u00bb, la clave se vincula a tu cuenta de Office para no tener que volver a introducirla y con la opci\u00f3n de [&hellip;]<\/p>\n","protected":false},"featured_media":3045,"comment_status":"closed","ping_status":"closed","template":"","meta":{"inline_featured_image":false,"_joinchat":[]},"product_brand":[],"product_cat":[18,17,20,71],"product_tag":[],"class_list":{"0":"post-3044","1":"product","2":"type-product","3":"status-publish","4":"has-post-thumbnail","6":"product_cat-licencias-digitales","7":"product_cat-microsoft","8":"product_cat-office","9":"product_cat-office-2021","10":"product_shipping_class-envio-instantaneo-digital","12":"first","13":"outofstock","14":"sale","15":"virtual","16":"taxable","17":"purchasable","18":"product-type-simple"},"_links":{"self":[{"href":"https:\/\/win10cdkeys.com\/de\/wp-json\/wp\/v2\/product\/3044","targetHints":{"allow":["GET"]}}],"collection":[{"href":"https:\/\/win10cdkeys.com\/de\/wp-json\/wp\/v2\/product"}],"about":[{"href":"https:\/\/win10cdkeys.com\/de\/wp-json\/wp\/v2\/types\/product"}],"replies":[{"embeddable":true,"href":"https:\/\/win10cdkeys.com\/de\/wp-json\/wp\/v2\/comments?post=3044"}],"wp:featuredmedia":[{"embeddable":true,"href":"https:\/\/win10cdkeys.com\/de\/wp-json\/wp\/v2\/media\/3045"}],"wp:attachment":[{"href":"https:\/\/win10cdkeys.com\/de\/wp-json\/wp\/v2\/media?parent=3044"}],"wp:term":[{"taxonomy":"product_brand","embeddable":true,"href":"https:\/\/win10cdkeys.com\/de\/wp-json\/wp\/v2\/product_brand?post=3044"},{"taxonomy":"product_cat","embeddable":true,"href":"https:\/\/win10cdkeys.com\/de\/wp-json\/wp\/v2\/product_cat?post=3044"},{"taxonomy":"product_tag","embeddable":true,"href":"https:\/\/win10cdkeys.com\/de\/wp-json\/wp\/v2\/product_tag?post=3044"}],"curies":[{"name":"wp","href":"https:\/\/api.w.org\/{rel}","templated":true}]}}