{"id":3152,"date":"2022-05-31T23:05:24","date_gmt":"2022-05-31T21:05:24","guid":{"rendered":"https:\/\/win10cdkeys.com\/?post_type=product&#038;p=3152"},"modified":"2026-04-18T20:32:24","modified_gmt":"2026-04-18T18:32:24","slug":"office-2021-home-und-bussines-aktivierung-online-binden","status":"publish","type":"product","link":"https:\/\/win10cdkeys.com\/de\/producto\/office-2021-home-and-bussines-activacion-online-bind\/","title":{"rendered":"Office 2021 Para Mac Home and Business Activaci\u00f3n Online (Bind)"},"content":{"rendered":"<p>Licencia de Microsoft Office 2021 Home and Business para Mac (MacOs) de activaci\u00f3n r\u00e1pida online<\/p>\n<ul>\n<li>Einfache Installation und Aktivierung \u00fcber <a href=\"https:\/\/setup.office.com\" target=\"_blank\" rel=\"noopener\">der Microsoft-Website.<\/a><\/li>\n<li>Bind\"-Lizenz ist der Schl\u00fcssel mit Ihrem Office-Konto verkn\u00fcpft, so dass Sie ihn nicht erneut eingeben m\u00fcssen, und Sie haben die M\u00f6glichkeit, Office von Ihrem Konto herunterzuladen, wenn Sie es ben\u00f6tigen.<\/li>\n<li>Enth\u00e4lt die komplette Office-Suite f\u00fcr Mac PCs: <b>Word, Excel, PowerPoint, Outlook.<\/b><\/li>\n<li>Der Schl\u00fcssel ist <strong>dauerhafte Aktivierung<\/strong> Einmal aktiviert, wird sie nicht mehr deaktiviert und Sie k\u00f6nnen Office 2021 auf diesem Mac f\u00fcr immer nutzen.<\/li>\n<li><strong>Der Schl\u00fcssel ist mit MacOs kompatibel.<\/strong><\/li>\n<\/ul>\n<p>Schnelle und sichere Zahlungen, f\u00fcr weitere Informationen und eine schnelle Antwort kontaktieren Sie uns per WhatsApp.<\/p>\n<p>&nbsp;<\/p>","protected":false},"excerpt":{"rendered":"<p>Licencia de Microsoft Office 2021 Home and Business para Mac (MacOs) de activaci\u00f3n r\u00e1pida online F\u00e1cil instalaci\u00f3n y activaci\u00f3n a trav\u00e9s de la p\u00e1gina de Microsoft. Licencia de tipo \u00abBind\u00bb, la clave se vincula a tu cuenta de Office para no tener que volver a introducirla y con la opci\u00f3n de descargar Office desde tu [&hellip;]<\/p>\n","protected":false},"featured_media":34636,"comment_status":"closed","ping_status":"closed","template":"","meta":{"inline_featured_image":false,"_joinchat":[]},"product_brand":[],"product_cat":[18,17,20,71],"product_tag":[],"class_list":{"0":"post-3152","1":"product","2":"type-product","3":"status-publish","4":"has-post-thumbnail","6":"product_cat-licencias-digitales","7":"product_cat-microsoft","8":"product_cat-office","9":"product_cat-office-2021","11":"first","12":"instock","13":"sale","14":"virtual","15":"taxable","16":"purchasable","17":"product-type-simple"},"_links":{"self":[{"href":"https:\/\/win10cdkeys.com\/de\/wp-json\/wp\/v2\/product\/3152","targetHints":{"allow":["GET"]}}],"collection":[{"href":"https:\/\/win10cdkeys.com\/de\/wp-json\/wp\/v2\/product"}],"about":[{"href":"https:\/\/win10cdkeys.com\/de\/wp-json\/wp\/v2\/types\/product"}],"replies":[{"embeddable":true,"href":"https:\/\/win10cdkeys.com\/de\/wp-json\/wp\/v2\/comments?post=3152"}],"wp:featuredmedia":[{"embeddable":true,"href":"https:\/\/win10cdkeys.com\/de\/wp-json\/wp\/v2\/media\/34636"}],"wp:attachment":[{"href":"https:\/\/win10cdkeys.com\/de\/wp-json\/wp\/v2\/media?parent=3152"}],"wp:term":[{"taxonomy":"product_brand","embeddable":true,"href":"https:\/\/win10cdkeys.com\/de\/wp-json\/wp\/v2\/product_brand?post=3152"},{"taxonomy":"product_cat","embeddable":true,"href":"https:\/\/win10cdkeys.com\/de\/wp-json\/wp\/v2\/product_cat?post=3152"},{"taxonomy":"product_tag","embeddable":true,"href":"https:\/\/win10cdkeys.com\/de\/wp-json\/wp\/v2\/product_tag?post=3152"}],"curies":[{"name":"wp","href":"https:\/\/api.w.org\/{rel}","templated":true}]}}