{"id":3158,"date":"2022-05-31T23:14:28","date_gmt":"2022-05-31T21:14:28","guid":{"rendered":"https:\/\/win10cdkeys.com\/?post_type=product&#038;p=3158"},"modified":"2026-04-18T21:15:04","modified_gmt":"2026-04-18T19:15:04","slug":"windows-10-home-schlussel","status":"publish","type":"product","link":"https:\/\/win10cdkeys.com\/de\/producto\/windows-10-home-key\/","title":{"rendered":"Windows 10 HOME Key OEM"},"content":{"rendered":"<h2>Windows 10 Home Oem 32\/64 Bit Lizenz<\/h2>\n<p>Aktivieren Sie Ihren Computer mit Windows 10 Home, der aktuellsten Version des Microsoft-Betriebssystems. Mit dieser echten OEM-Lizenz erhalten Sie die volle Funktionalit\u00e4t von Windows 10 Home.<\/p>\n<h3>Windows 10 Home Hauptmerkmale<\/h3>\n<p><strong>Dauerhafte und urspr\u00fcngliche Lizenz: <\/strong>Nach der Aktivierung ist der Schl\u00fcssel ein Leben lang f\u00fcr das Ger\u00e4t g\u00fcltig. Die Lizenz ist g\u00fcltig <strong>NUR f\u00fcr 1 Team.<\/strong><\/p>\n<p><strong>Kompatibilit\u00e4t: <\/strong><span style=\"font-size: 16px;\">Kompatibel <strong>ausschlie\u00dflich mit Windows 10 Home<\/strong> in 32-Bit- und 64-Bit-Versionen. F\u00fcr Windows Pro kaufen <a href=\"https:\/\/win10cdkeys.com\/de\/produkt\/windows-10-pro-key\/\" target=\"_blank\" rel=\"noopener\">Windows 10 Pro Schl\u00fcssel<\/a>.<\/span><\/p>\n<p><strong>Schnelle und einfache Aktivierung: <\/strong><span style=\"font-size: 16px;\">Kopieren Sie einfach den Schl\u00fcssel und f\u00fcgen Sie ihn in die Systemeinstellungen ein. Sie erhalten eine 25-stellige digitale Lizenz.<\/span><\/p>\n<p><strong>Offizieller Download: <\/strong><span style=\"font-size: 16px;\">Beziehen Sie das System von der Microsoft-Website, um eine sichere und aktuelle Installation zu gew\u00e4hrleisten. <\/span><a style=\"font-size: 16px;\" href=\"https:\/\/www.microsoft.com\/es-es\/software-download\/windows10\" target=\"_blank\" rel=\"noopener\">Windows 10 herunterladen.<\/a><\/p>\n<p><strong>OEM-Typ-Lizenz: <\/strong>Dieser Schl\u00fcssel ist von <strong>OEM-Typ<\/strong>Diese Lizenzen werden von Wiederverk\u00e4ufern verwendet und k\u00f6nnen nur mit einem PC verbunden werden.<\/p>\n<p><strong>Auch verf\u00fcgbar Microsoft Office 2021: <\/strong><span style=\"font-size: 16px;\">Erg\u00e4nzen Sie Ihr System mit der umfassendsten Office-Suite. Pr\u00fcfen Sie unsere Angebote und Pakete von <\/span><a style=\"font-size: 16px;\" href=\"https:\/\/win10cdkeys.com\/de\/produkt\/office-2021-pro-plus-key\/\" target=\"_blank\" rel=\"noopener\">Microsoft Office 2021<\/a><span style=\"font-size: 16px;\">.<\/span><\/p>\n<p><strong>Windows 11 verf\u00fcgbar: <\/strong>Die neue Version von Microsoft Windows ist f\u00fcr dieses Produkt verf\u00fcgbar, <a href=\"https:\/\/win10cdkeys.com\/de\/produkt\/windows-11-home-schlussel\/\" target=\"_blank\" rel=\"noopener\">Windows 11 Startseite<\/a>.<\/p>","protected":false},"excerpt":{"rendered":"<p>Licencia Windows 10 Home Oem 32\/64 bits Activa tu equipo con Windows 10 Home, la versi\u00f3n m\u00e1s actualizada del sistema operativo de Microsoft. Con esta licencia original de tipo OEM, obtendr\u00e1s todas las funcionalidades de Windows 10 Home. Caracter\u00edsticas de Windows 10 Home Key Licencia Permanente y Original: Una vez activada, la clave es v\u00e1lida [&hellip;]<\/p>\n","protected":false},"featured_media":7295,"comment_status":"closed","ping_status":"closed","template":"","meta":{"inline_featured_image":false,"_joinchat":[]},"product_brand":[],"product_cat":[18,17,19,69],"product_tag":[],"class_list":{"0":"post-3158","1":"product","2":"type-product","3":"status-publish","4":"has-post-thumbnail","6":"product_cat-licencias-digitales","7":"product_cat-microsoft","8":"product_cat-windows","9":"product_cat-windows-10","10":"product_shipping_class-envio-instantaneo-digital","12":"first","13":"instock","14":"sale","15":"virtual","16":"taxable","17":"purchasable","18":"product-type-simple"},"_links":{"self":[{"href":"https:\/\/win10cdkeys.com\/de\/wp-json\/wp\/v2\/product\/3158","targetHints":{"allow":["GET"]}}],"collection":[{"href":"https:\/\/win10cdkeys.com\/de\/wp-json\/wp\/v2\/product"}],"about":[{"href":"https:\/\/win10cdkeys.com\/de\/wp-json\/wp\/v2\/types\/product"}],"replies":[{"embeddable":true,"href":"https:\/\/win10cdkeys.com\/de\/wp-json\/wp\/v2\/comments?post=3158"}],"wp:featuredmedia":[{"embeddable":true,"href":"https:\/\/win10cdkeys.com\/de\/wp-json\/wp\/v2\/media\/7295"}],"wp:attachment":[{"href":"https:\/\/win10cdkeys.com\/de\/wp-json\/wp\/v2\/media?parent=3158"}],"wp:term":[{"taxonomy":"product_brand","embeddable":true,"href":"https:\/\/win10cdkeys.com\/de\/wp-json\/wp\/v2\/product_brand?post=3158"},{"taxonomy":"product_cat","embeddable":true,"href":"https:\/\/win10cdkeys.com\/de\/wp-json\/wp\/v2\/product_cat?post=3158"},{"taxonomy":"product_tag","embeddable":true,"href":"https:\/\/win10cdkeys.com\/de\/wp-json\/wp\/v2\/product_tag?post=3158"}],"curies":[{"name":"wp","href":"https:\/\/api.w.org\/{rel}","templated":true}]}}