{"id":3272,"date":"2022-10-20T20:00:07","date_gmt":"2022-10-20T18:00:07","guid":{"rendered":"https:\/\/win10cdkeys.com\/?post_type=product&#038;p=3272"},"modified":"2026-04-16T22:55:05","modified_gmt":"2026-04-16T20:55:05","slug":"office-2021-pro-plus-key","status":"publish","type":"product","link":"https:\/\/win10cdkeys.com\/de\/producto\/office-2021-pro-plus-key\/","title":{"rendered":"Microsoft Office 2021 Professional Plus-Lizenz"},"content":{"rendered":"<h3>Microsoft Office 2021 Professional Plus PC-Lizenz (Windows)<\/h3>\n<h3>Microsoft Office 2021 Pro Plus Schl\u00fcssel.<\/h3>\n<ul>\n<li>Einfache Installation und Aktivierung, Download unter <a href=\"https:\/\/officecdn.microsoft.com\/db\/492350f6-3a01-4f97-b9c0-c7c6ddf67d60\/media\/de-de\/ProPlus2021Retail.img\" target=\"_blank\" rel=\"noopener\">dieser Link.<\/a><\/li>\n<li>Office 2021-Lizenz wird der Schl\u00fcssel auf dem PC aktiviert, auf dem er eingegeben wird, und ist leicht zu aktivieren.<\/li>\n<li>Beinhaltet die komplette Office-Suite f\u00fcr Windows-PCs: <b>Word, Excel, PowerPoint, Outlook, Publisher, Access und OneNote.<\/b><\/li>\n<li>Der Schl\u00fcssel ist <strong>dauerhafte Aktivierung<\/strong> Einmal aktiviert, kann es nicht mehr deaktiviert werden, und Sie k\u00f6nnen Office 2021 f\u00fcr immer auf diesem PC verwenden.<\/li>\n<li><strong>Der Schl\u00fcssel ist kompatibel mit Windows 10\/Windows 11.<\/strong><\/li>\n<li>Die Office 2021-Lizenz wird per E-Mail versandt und erscheint nach Abschluss der Bestellung in der Rubrik \"Mein Konto\".<\/li>\n<li>Die Lizenz ist eine Einmallizenz.<\/li>\n<li><a href=\"https:\/\/win10cdkeys.com\/de\/produkt\/windows-10-pro-key\/\">So aktivieren Sie Windows 10.<\/a><\/li>\n<li><a href=\"https:\/\/win10cdkeys.com\/de\/produkt\/windows-11-pro-key\/\">So aktivieren Sie Windows 11.<\/a><\/li>\n<\/ul>\n<h4>Was ist in Office 2021 Professional Plus enthalten?<\/h4>\n<p>Sie enth\u00e4lt die wichtigsten Microsoft Office-Programme: Word, Excel, PowerPoint, Outlook, Access, Publisher.<\/p>\n<h4>Was ist der Unterschied zwischen Office 2021 Pro Plus und Office 365?<\/h4>\n<p>Office 365 funktioniert auf Abonnementbasis, Sie m\u00fcssen die Lizenz jedes Jahr erneuern. Bei Office 2021 handelt es sich um eine einmalige Lizenz, f\u00fcr die keine Geb\u00fchren oder Abonnements anfallen. Perfekt f\u00fcr die Aktivierung eines Arbeits-, Studien- oder Heimcomputers.<\/p>\n<h4>Wie installiert man Office 2021 Pro Plus?<\/h4>\n<p>Um Office 2021 zu installieren, laden Sie den Link von der offiziellen Microsoft-Website herunter:<br \/>\n<a href=\"https:\/\/officecdn.microsoft.com\/db\/492350f6-3a01-4f97-b9c0-c7c6ddf67d60\/media\/de-de\/ProPlus2021Retail.img\" target=\"_blank\" rel=\"noopener\">Link zum Herunterladen von Microsoft Office 2021<\/a><\/p>\n<p>Nach dem Herunterladen \u00f6ffnen Sie die .img-Datei und f\u00fchren Sie das Installationsprogramm (Setup) aus. Wenn es installiert ist, \u00f6ffnen Sie ein beliebiges Programm (z. B. Word) und geben Sie die erworbene Lizenz ein.<\/p>\n<h4>Warum Win10cdkeys w\u00e4hlen?<\/h4>\n<p>Win10cdkeys bietet die besten Lizenzschl\u00fcssel zu sehr niedrigen Kosten mit 24\/7 Kunden-Support-Service, um Fragen und Fehler zu beheben. Win10cdkeys hat eine Bewertung von <a href=\"https:\/\/es.trustpilot.com\/review\/win10cdkeys.com\" target=\"_blank\" rel=\"noopener\">4,9 auf Trustpilot<\/a> mit 100% an positiven Bewertungen.<\/p>\n<p>Wenn Sie bei uns bestellen, erhalten Sie eine sofortige Lizenz per E-Mail, die Sie kopieren und in die offizielle Software einf\u00fcgen k\u00f6nnen, folgen Sie unserer Installationsanleitung.<\/p>\n<p>&nbsp;<\/p>\n<p style=\"text-align: left;\">","protected":false},"excerpt":{"rendered":"<p>Licencia de Microsoft Office 2021 Professional Plus para PC (Windows) Microsoft Office 2021 Pro Plus key. F\u00e1cil instalaci\u00f3n y activaci\u00f3n, descarga desde este enlace. Licencia de Office 2021, la clave se activa al PC en el que se introduce y se activa f\u00e1cilmente. Incluye la suite completa de Office para PC Windows: Word, Excel, PowerPoint, [&hellip;]<\/p>\n","protected":false},"featured_media":41118,"comment_status":"closed","ping_status":"closed","template":"","meta":{"inline_featured_image":false,"_joinchat":[]},"product_brand":[],"product_cat":[18,17,20,71],"product_tag":[],"class_list":{"0":"post-3272","1":"product","2":"type-product","3":"status-publish","4":"has-post-thumbnail","6":"product_cat-licencias-digitales","7":"product_cat-microsoft","8":"product_cat-office","9":"product_cat-office-2021","10":"product_shipping_class-envio-instantaneo-digital","12":"first","13":"instock","14":"sale","15":"featured","16":"virtual","17":"sold-individually","18":"taxable","19":"purchasable","20":"product-type-simple"},"_links":{"self":[{"href":"https:\/\/win10cdkeys.com\/de\/wp-json\/wp\/v2\/product\/3272","targetHints":{"allow":["GET"]}}],"collection":[{"href":"https:\/\/win10cdkeys.com\/de\/wp-json\/wp\/v2\/product"}],"about":[{"href":"https:\/\/win10cdkeys.com\/de\/wp-json\/wp\/v2\/types\/product"}],"replies":[{"embeddable":true,"href":"https:\/\/win10cdkeys.com\/de\/wp-json\/wp\/v2\/comments?post=3272"}],"wp:featuredmedia":[{"embeddable":true,"href":"https:\/\/win10cdkeys.com\/de\/wp-json\/wp\/v2\/media\/41118"}],"wp:attachment":[{"href":"https:\/\/win10cdkeys.com\/de\/wp-json\/wp\/v2\/media?parent=3272"}],"wp:term":[{"taxonomy":"product_brand","embeddable":true,"href":"https:\/\/win10cdkeys.com\/de\/wp-json\/wp\/v2\/product_brand?post=3272"},{"taxonomy":"product_cat","embeddable":true,"href":"https:\/\/win10cdkeys.com\/de\/wp-json\/wp\/v2\/product_cat?post=3272"},{"taxonomy":"product_tag","embeddable":true,"href":"https:\/\/win10cdkeys.com\/de\/wp-json\/wp\/v2\/product_tag?post=3272"}],"curies":[{"name":"wp","href":"https:\/\/api.w.org\/{rel}","templated":true}]}}