{"id":3966,"date":"2023-11-25T12:24:10","date_gmt":"2023-11-25T11:24:10","guid":{"rendered":"https:\/\/win10cdkeys.com\/?post_type=product&#038;p=3966"},"modified":"2025-08-30T11:13:24","modified_gmt":"2025-08-30T09:13:24","slug":"office-2019-fur-mac-home-und-bussines-online-aktivierung-binden","status":"publish","type":"product","link":"https:\/\/win10cdkeys.com\/de\/producto\/office-2019-para-mac-home-and-bussines-activacion-online-bind\/","title":{"rendered":"Office 2019 f\u00fcr Mac Home und Business Online-Aktivierung (Bind)"},"content":{"rendered":"<blockquote><p>Microsoft Office 2019 Home und Business f\u00fcr Mac (MacOs) Schnellaktivierung Online-Lizenz<\/p><\/blockquote>\n<ul>\n<li>Einfache Installation und Aktivierung \u00fcber <a href=\"https:\/\/setup.office.com\" target=\"_blank\" rel=\"noopener\">der Microsoft-Website.<\/a><\/li>\n<li>Bind\"-Lizenz ist der Schl\u00fcssel mit Ihrem Office-Konto verkn\u00fcpft, so dass Sie ihn nicht erneut eingeben m\u00fcssen, und Sie haben die M\u00f6glichkeit, Office von Ihrem Konto herunterzuladen, wenn Sie es ben\u00f6tigen.<\/li>\n<li>Enth\u00e4lt die komplette Office-Suite f\u00fcr Mac PCs: <b>Word, Excel, PowerPoint, Outlook.<\/b><\/li>\n<li>Der Schl\u00fcssel ist <strong>dauerhafte Aktivierung<\/strong> Einmal aktiviert, wird es nicht mehr deaktiviert und Sie k\u00f6nnen Office 2019 auf diesem Mac f\u00fcr immer nutzen.<\/li>\n<li><strong>Der Schl\u00fcssel ist mit MacOs kompatibel.<\/strong><\/li>\n<\/ul>\n<p>Schnelle und sichere Zahlungen, f\u00fcr weitere Informationen und eine schnelle Antwort kontaktieren Sie uns per WhatsApp.<\/p>\n<p>&nbsp;<\/p>","protected":false},"excerpt":{"rendered":"<p>Licencia de Microsoft Office 2019 Home and Business para Mac (MacOs) de activaci\u00f3n r\u00e1pida online F\u00e1cil instalaci\u00f3n y activaci\u00f3n a trav\u00e9s de la p\u00e1gina de Microsoft. Licencia de tipo \u00abBind\u00bb, la clave se vincula a tu cuenta de Office para no tener que volver a introducirla y con la opci\u00f3n de descargar Office desde tu [&hellip;]<\/p>\n","protected":false},"featured_media":3967,"comment_status":"closed","ping_status":"closed","template":"","meta":{"inline_featured_image":false,"_joinchat":[]},"product_brand":[],"product_cat":[18,17,20],"product_tag":[],"class_list":{"0":"post-3966","1":"product","2":"type-product","3":"status-publish","4":"has-post-thumbnail","6":"product_cat-licencias-digitales","7":"product_cat-microsoft","8":"product_cat-office","10":"first","11":"outofstock","12":"virtual","13":"taxable","14":"purchasable","15":"product-type-simple"},"_links":{"self":[{"href":"https:\/\/win10cdkeys.com\/de\/wp-json\/wp\/v2\/product\/3966","targetHints":{"allow":["GET"]}}],"collection":[{"href":"https:\/\/win10cdkeys.com\/de\/wp-json\/wp\/v2\/product"}],"about":[{"href":"https:\/\/win10cdkeys.com\/de\/wp-json\/wp\/v2\/types\/product"}],"replies":[{"embeddable":true,"href":"https:\/\/win10cdkeys.com\/de\/wp-json\/wp\/v2\/comments?post=3966"}],"wp:featuredmedia":[{"embeddable":true,"href":"https:\/\/win10cdkeys.com\/de\/wp-json\/wp\/v2\/media\/3967"}],"wp:attachment":[{"href":"https:\/\/win10cdkeys.com\/de\/wp-json\/wp\/v2\/media?parent=3966"}],"wp:term":[{"taxonomy":"product_brand","embeddable":true,"href":"https:\/\/win10cdkeys.com\/de\/wp-json\/wp\/v2\/product_brand?post=3966"},{"taxonomy":"product_cat","embeddable":true,"href":"https:\/\/win10cdkeys.com\/de\/wp-json\/wp\/v2\/product_cat?post=3966"},{"taxonomy":"product_tag","embeddable":true,"href":"https:\/\/win10cdkeys.com\/de\/wp-json\/wp\/v2\/product_tag?post=3966"}],"curies":[{"name":"wp","href":"https:\/\/api.w.org\/{rel}","templated":true}]}}