{"id":7792,"date":"2024-05-10T13:43:41","date_gmt":"2024-05-10T11:43:41","guid":{"rendered":"https:\/\/win10cdkeys.com\/?page_id=7792"},"modified":"2024-09-12T10:30:55","modified_gmt":"2024-09-12T08:30:55","slug":"terms-and-conditions","status":"publish","type":"page","link":"https:\/\/win10cdkeys.com\/en\/terms-and-cond\/","title":{"rendered":"Terms and Conditions"},"content":{"rendered":"<div data-elementor-type=\"wp-page\" data-elementor-id=\"7792\" class=\"elementor elementor-7792\">\n\t\t\t\t<div class=\"elementor-element elementor-element-1f9ba7fd e-flex e-con-boxed e-con e-parent\" data-id=\"1f9ba7fd\" data-element_type=\"container\" data-e-type=\"container\">\n\t\t\t\t\t<div class=\"e-con-inner\">\n\t\t\t\t<div class=\"elementor-element elementor-element-248cecf elementor-widget elementor-widget-heading\" data-id=\"248cecf\" data-element_type=\"widget\" data-e-type=\"widget\" data-widget_type=\"heading.default\">\n\t\t\t\t<div class=\"elementor-widget-container\">\n\t\t\t\t\t<h2 class=\"elementor-heading-title elementor-size-default\">Terms and Conditions<\/h2>\t\t\t\t<\/div>\n\t\t\t\t<\/div>\n\t\t\t\t<div class=\"elementor-element elementor-element-36ec56c1 elementor-widget elementor-widget-text-editor\" data-id=\"36ec56c1\" data-element_type=\"widget\" data-e-type=\"widget\" data-widget_type=\"text-editor.default\">\n\t\t\t\t<div class=\"elementor-widget-container\">\n\t\t\t\t\t\t\t\t\t<p>By accessing and using our website, you agree to comply with and be bound by the following terms and conditions of use. If you do not agree with any of these terms, we ask that you do not use our site.<\/p><p><strong>1. Use of the Site:<\/strong><\/p><p>The use of this website is subject to the following conditions:<\/p><ul><li>The content of the site is for general information and personal use only.<\/li><li>We reserve the right to modify or withdraw the site (or part of it) without prior notice.<\/li><\/ul><p><strong>2. Privacy:<\/strong><\/p><p>Your privacy is important for us. Read our <a href=\"https:\/\/win10cdkeys.com\/en\/privacy-policy\/\">Privacy Policy<\/a> to understand how we collect, use and protect your personal data.<\/p><p><strong>3. Payments:<\/strong><\/p><p>By making a purchase on our site, you agree to the terms of our <a href=\"https:\/\/win10cdkeys.com\/en\/payment-policy\/\" target=\"_new\" rel=\"noreferrer noopener\">Payment Policy<\/a>, which describes the available payment methods and the payment process.<\/p><p><strong>4. Shipping:<\/strong><\/p><p>Read our <a href=\"https:\/\/win10cdkeys.com\/en\/shipping-policy\/\" target=\"_new\" rel=\"noreferrer noopener\">Shipping Policy<\/a> for information on delivery times, available shipping methods and applicable rates.<\/p><p><strong>5. Returns and Refunds:<\/strong><\/p><p>Check our <a href=\"https:\/\/win10cdkeys.com\/en\/refund_returns\/\" target=\"_new\" rel=\"noreferrer noopener\">Return Policy<\/a> to understand the procedures and conditions for returning products and requesting refunds.<\/p><p><strong>6. Changes to the Terms:<\/strong><\/p><p>We reserve the right to update or modify these terms at any time without prior notice. It is your responsibility to periodically review the terms and conditions to be aware of any changes.<\/p><p><strong>7. Contact:<\/strong><\/p><p>If you have any questions about these terms and conditions, please do not hesitate to <a href=\"https:\/\/win10cdkeys.com\/en\/contact-us\/\" target=\"_new\" rel=\"noreferrer noopener\">contact us<\/a> or write to our email <a href=\"mailto:support@win10cdkeys.com\">support@win10cdkeys.com<\/a><\/p><p>By using our website, you accept these terms and conditions in full.<\/p>\t\t\t\t\t\t\t\t<\/div>\n\t\t\t\t<\/div>\n\t\t\t\t\t<\/div>\n\t\t\t\t<\/div>\n\t\t\t\t<\/div>","protected":false},"excerpt":{"rendered":"<p>T\u00e9rminos y Condiciones Al acceder y utilizar nuestro sitio web, aceptas cumplir y estar sujeto a los siguientes t\u00e9rminos y condiciones de uso. Si no est\u00e1s de acuerdo con alguno de estos t\u00e9rminos, te pedimos que no utilices nuestro sitio. 1. Uso del Sitio: El uso de este sitio web est\u00e1 sujeto a las siguientes [&hellip;]<\/p>\n","protected":false},"author":1,"featured_media":0,"parent":0,"menu_order":0,"comment_status":"closed","ping_status":"closed","template":"elementor_header_footer","meta":{"inline_featured_image":false,"_joinchat":[],"footnotes":""},"class_list":["post-7792","page","type-page","status-publish","hentry"],"_links":{"self":[{"href":"https:\/\/win10cdkeys.com\/en\/wp-json\/wp\/v2\/pages\/7792","targetHints":{"allow":["GET"]}}],"collection":[{"href":"https:\/\/win10cdkeys.com\/en\/wp-json\/wp\/v2\/pages"}],"about":[{"href":"https:\/\/win10cdkeys.com\/en\/wp-json\/wp\/v2\/types\/page"}],"author":[{"embeddable":true,"href":"https:\/\/win10cdkeys.com\/en\/wp-json\/wp\/v2\/users\/1"}],"replies":[{"embeddable":true,"href":"https:\/\/win10cdkeys.com\/en\/wp-json\/wp\/v2\/comments?post=7792"}],"version-history":[{"count":0,"href":"https:\/\/win10cdkeys.com\/en\/wp-json\/wp\/v2\/pages\/7792\/revisions"}],"wp:attachment":[{"href":"https:\/\/win10cdkeys.com\/en\/wp-json\/wp\/v2\/media?parent=7792"}],"curies":[{"name":"wp","href":"https:\/\/api.w.org\/{rel}","templated":true}]}}