{"id":7223,"date":"2024-02-02T11:28:03","date_gmt":"2024-02-02T10:28:03","guid":{"rendered":"https:\/\/win10cdkeys.com\/?page_id=7223"},"modified":"2024-09-27T12:24:30","modified_gmt":"2024-09-27T10:24:30","slug":"remboursements","status":"publish","type":"page","link":"https:\/\/win10cdkeys.com\/fr\/reembolso_devoluciones\/","title":{"rendered":"Politique de retour et de remboursement"},"content":{"rendered":"<div data-elementor-type=\"wp-page\" data-elementor-id=\"7223\" class=\"elementor elementor-7223\">\n\t\t\t\t<div class=\"elementor-element elementor-element-ee1d22a e-flex e-con-boxed e-con e-parent\" data-id=\"ee1d22a\" data-element_type=\"container\" data-e-type=\"container\">\n\t\t\t\t\t<div class=\"e-con-inner\">\n\t\t\t\t<div class=\"elementor-element elementor-element-3080456a elementor-widget elementor-widget-text-editor\" data-id=\"3080456a\" data-element_type=\"widget\" data-e-type=\"widget\" data-widget_type=\"text-editor.default\">\n\t\t\t\t<div class=\"elementor-widget-container\">\n\t\t\t\t\t\t\t\t\t<p><\/p>\n<h1><strong>Politique de retour et de remboursement<\/strong><\/h1>\n<h3><b style=\"font-size: 24px; color: #222222; text-align: var(--text-align);\">R\u00e9sum\u00e9<\/b><\/h3>\n<p>Pour la s\u00e9curit\u00e9 des produits num\u00e9riques, AUCUN retour ou remboursement ne sera autoris\u00e9 si la licence a \u00e9t\u00e9 re\u00e7ue et si elle a \u00e9t\u00e9 utilis\u00e9e. Le produit peut \u00eatre retourn\u00e9 dans les 14 jours s'il n'a pas \u00e9t\u00e9 utilis\u00e9.<\/p>\n<p>En cas d'erreur dans la licence, un produit de remplacement sera envoy\u00e9 dans la mesure du possible. S'il y a une erreur dans la licence et que nous n'avons pas de stock pour le remplacement, nous proc\u00e9derons au remboursement int\u00e9gral de la commande pour autant qu'il ne se soit pas \u00e9coul\u00e9 plus de 30 jours depuis que la commande a \u00e9t\u00e9 pass\u00e9e.<br><span style=\"text-align: var(--text-align);\">Si 2 heures apr\u00e8s le paiement, vous n'avez pas re\u00e7u le produit.<br><\/span><span style=\"text-align: var(--text-align);\">Si le produit achet\u00e9 est en rupture de stock.<\/span><\/p>\n<p><\/p>\n<p><\/p>\n<h2><span style=\"text-align: var(--text-align);\">Besoin d'aide ?<\/span><\/h2>\n<h2><span style=\"text-align: var(--text-align); color: #444444; font-size: 16px; font-weight: 400;\"><a href=\"https:\/\/win10cdkeys.com\/fr\/nous-contacter\/\" target=\"_blank\" rel=\"noopener\">Contactez-nous<\/a> ou envoyez-nous un courriel \u00e0 <a href=\"mailto:support@win10cdkeys.com\">support@win10cdkeys.com<\/a> pour toute question concernant les retours et les remboursements.<\/span><\/h2>\n<p><\/p>\t\t\t\t\t\t\t\t<\/div>\n\t\t\t\t<\/div>\n\t\t\t\t\t<\/div>\n\t\t\t\t<\/div>\n\t\t\t\t<\/div>","protected":false},"excerpt":{"rendered":"<p>Pol\u00edtica de Devoluciones y Reembolsos Resumen Por seguridad en los productos digitales NO se permitir\u00e1n devoluciones ni reembolsos si se ha recibido la licencia y la licencia se ha usado. El producto puede ser devuelto en un plazo m\u00e1ximo de 14 d\u00edas siempre que no haya sido utilizado. Si tiene algun error con la licencia [&hellip;]<\/p>\n","protected":false},"author":1,"featured_media":0,"parent":0,"menu_order":0,"comment_status":"closed","ping_status":"closed","template":"elementor_header_footer","meta":{"inline_featured_image":false,"_joinchat":[],"footnotes":""},"class_list":["post-7223","page","type-page","status-publish","hentry"],"_links":{"self":[{"href":"https:\/\/win10cdkeys.com\/fr\/wp-json\/wp\/v2\/pages\/7223","targetHints":{"allow":["GET"]}}],"collection":[{"href":"https:\/\/win10cdkeys.com\/fr\/wp-json\/wp\/v2\/pages"}],"about":[{"href":"https:\/\/win10cdkeys.com\/fr\/wp-json\/wp\/v2\/types\/page"}],"author":[{"embeddable":true,"href":"https:\/\/win10cdkeys.com\/fr\/wp-json\/wp\/v2\/users\/1"}],"replies":[{"embeddable":true,"href":"https:\/\/win10cdkeys.com\/fr\/wp-json\/wp\/v2\/comments?post=7223"}],"version-history":[{"count":0,"href":"https:\/\/win10cdkeys.com\/fr\/wp-json\/wp\/v2\/pages\/7223\/revisions"}],"wp:attachment":[{"href":"https:\/\/win10cdkeys.com\/fr\/wp-json\/wp\/v2\/media?parent=7223"}],"curies":[{"name":"wp","href":"https:\/\/api.w.org\/{rel}","templated":true}]}}