{"id":7460,"date":"2024-02-04T14:24:12","date_gmt":"2024-02-04T13:24:12","guid":{"rendered":"https:\/\/win10cdkeys.com\/?page_id=7460"},"modified":"2024-05-10T14:05:25","modified_gmt":"2024-05-10T12:05:25","slug":"politique-de-confidentialite","status":"publish","type":"page","link":"https:\/\/win10cdkeys.com\/fr\/politica-de-privacidad\/","title":{"rendered":"Politique de confidentialit\u00e9"},"content":{"rendered":"<div data-elementor-type=\"wp-page\" data-elementor-id=\"7460\" class=\"elementor elementor-7460\">\n\t\t\t\t<div class=\"elementor-element elementor-element-2be517d e-flex e-con-boxed e-con e-parent\" data-id=\"2be517d\" data-element_type=\"container\" data-e-type=\"container\">\n\t\t\t\t\t<div class=\"e-con-inner\">\n\t\t\t\t<div class=\"elementor-element elementor-element-3b3b7b72 elementor-widget elementor-widget-text-editor\" data-id=\"3b3b7b72\" data-element_type=\"widget\" data-e-type=\"widget\" data-widget_type=\"text-editor.default\">\n\t\t\t\t<div class=\"elementor-widget-container\">\n\t\t\t\t\t\t\t\t\t\n<h2 class=\"wp-block-heading\">Qui sommes-nous ?<\/h2>\n\n<p>L'adresse de notre site web est la suivante : <a href=\"https:\/\/win10cdkeys.com\/fr\/\">https:\/\/win10cdkeys.com<\/a><\/p>\n<p>Vous pouvez nous contacter \u00e0 partir de notre <a href=\"https:\/\/win10cdkeys.com\/fr\/nous-contacter\/\" target=\"_blank\" rel=\"noopener\">page de contact<\/a> ou nous \u00e9crire par courriel <a href=\"mailto:ventas@win10cdkeys.com\">ventas@win10cdkeys.com<\/a><\/p>\n\n<h2 class=\"wp-block-heading\">Commentaires<\/h2>\n\n<p>Lorsque les visiteurs laissent des commentaires sur le site, nous collectons les donn\u00e9es affich\u00e9es dans le formulaire de commentaire, ainsi que l'adresse IP du visiteur et la cha\u00eene de l'agent utilisateur du navigateur pour faciliter la d\u00e9tection des spams.<\/p>\n\n<p>Une cha\u00eene anonyme cr\u00e9\u00e9e \u00e0 partir de votre adresse \u00e9lectronique (\u00e9galement appel\u00e9e \"hash\") peut \u00eatre fournie au service Gravatar pour v\u00e9rifier si vous l'utilisez. La politique de confidentialit\u00e9 du service Gravatar est disponible ici : https:\/\/automattic.com\/privacy\/. Apr\u00e8s approbation de votre commentaire, votre photo de profil est visible par le public dans le contexte de votre commentaire.<\/p>\n\n<h2 class=\"wp-block-heading\">Les m\u00e9dias<\/h2>\n\n<p>Si vous t\u00e9l\u00e9chargez des images sur le site web, vous devez \u00e9viter de t\u00e9l\u00e9charger des images contenant des donn\u00e9es de localisation (GPS EXIF). Les visiteurs du site web peuvent t\u00e9l\u00e9charger et extraire toutes les donn\u00e9es de localisation des images sur le site web.<\/p>\n\n<h2 class=\"wp-block-heading\">Cookies<\/h2>\n\n<p>Si vous laissez un commentaire sur notre site, vous pouvez choisir d'enregistrer votre nom, votre adresse \u00e9lectronique et votre site web dans des cookies. C'est pour votre commodit\u00e9, afin que vous n'ayez pas \u00e0 remplir \u00e0 nouveau vos coordonn\u00e9es lorsque vous laissez un autre commentaire. Ces cookies ont une dur\u00e9e de vie d'un an.<\/p>\n\n<p>Si vous avez un compte et que vous vous connectez \u00e0 ce site, nous installerons un cookie temporaire pour d\u00e9terminer si votre navigateur accepte les cookies. Ce cookie ne contient aucune donn\u00e9e personnelle et est supprim\u00e9 lorsque vous fermez votre navigateur.<\/p>\n\n<p>Lorsque vous vous connectez, nous installons \u00e9galement un certain nombre de cookies pour stocker vos informations de connexion et les options d'affichage de l'\u00e9cran. Les cookies de connexion ont une dur\u00e9e de vie de deux jours et les cookies d'options d'affichage ont une dur\u00e9e de vie d'un an. Si vous s\u00e9lectionnez \"Se souvenir de moi\", votre connexion durera deux semaines. Si vous vous d\u00e9connectez de votre compte, vos cookies de connexion seront supprim\u00e9s.<\/p>\n\n<p>Si vous modifiez ou publiez un article, un cookie suppl\u00e9mentaire sera enregistr\u00e9 dans votre navigateur. Ce cookie ne contient aucune donn\u00e9e personnelle et indique simplement l'identifiant de l'article que vous venez de modifier. Il expire au bout d'un jour.<br \/><br \/><\/p>\n<p>Notre site web utilise des cookies pour am\u00e9liorer l'exp\u00e9rience de l'utilisateur et pour collecter des informations sur la fa\u00e7on dont le site est utilis\u00e9. Nous utilisons notamment des cookies fournis par Google Analytics et le pixel Facebook.<\/p>\n<p><strong>Google Analytics :<\/strong><\/p>\n<p>Google Analytics est un service d'analyse du Web fourni par Google qui utilise des cookies pour collecter des donn\u00e9es sur l'utilisation du site Web par ses utilisateurs. Les informations collect\u00e9es comprennent des d\u00e9tails sur la localisation g\u00e9ographique des utilisateurs, l'appareil qu'ils utilisent, les pages qu'ils visitent et la dur\u00e9e de leur visite. Ces informations sont utilis\u00e9es pour analyser le trafic sur le site web, mieux comprendre les pr\u00e9f\u00e9rences des utilisateurs et am\u00e9liorer l'exp\u00e9rience globale de l'utilisateur sur le site.<\/p>\n<p>Pour en savoir plus sur la mani\u00e8re dont Google Analytics utilise les donn\u00e9es collect\u00e9es et sur la mani\u00e8re dont vous pouvez contr\u00f4ler l'utilisation des cookies, consultez le site Web de Google Analytics. <a href=\"https:\/\/policies.google.com\/privacy\" target=\"_new\" rel=\"noreferrer noopener\">R\u00e8gles de confidentialit\u00e9 de Google<\/a>.<\/p>\n<p><strong>Pixel Facebook :<\/strong><\/p>\n<p>Le pixel Facebook est un outil d'analyse fourni par Facebook qui utilise des cookies pour collecter des informations sur les interactions des utilisateurs avec notre site web. Cela comprend des donn\u00e9es sur les pages visit\u00e9es, les actions entreprises sur le site et d'autres informations pertinentes pour l'optimisation de la publicit\u00e9 Facebook.<\/p>\n<p>Les informations collect\u00e9es par le biais du pixel Facebook sont utilis\u00e9es pour diffuser des publicit\u00e9s cibl\u00e9es sur la plateforme Facebook et pour mesurer l'efficacit\u00e9 de nos campagnes publicitaires.<\/p>\n<p>Pour en savoir plus sur la mani\u00e8re dont Facebook utilise les donn\u00e9es collect\u00e9es par le biais du pixel et sur la mani\u00e8re dont vous pouvez contr\u00f4ler l'utilisation des cookies, consultez le site Web de Facebook. <a href=\"https:\/\/www.facebook.com\/policies\/cookies\/\" target=\"_new\" rel=\"noreferrer noopener\">Politique en mati\u00e8re de cookies de Facebook<\/a>.<\/p>\n<p>\u00a0<\/p>\n\n<h2 class=\"wp-block-heading\">Contenu int\u00e9gr\u00e9 d'autres sites web<\/h2>\n\n<p>Les articles de ce site peuvent contenir du contenu int\u00e9gr\u00e9 (par exemple des vid\u00e9os, des images, des articles, etc.). Le contenu int\u00e9gr\u00e9 provenant d'autres sites web se comporte exactement de la m\u00eame mani\u00e8re que si le visiteur avait visit\u00e9 l'autre site web.<\/p>\n\n<p>Ces sites web peuvent collecter des donn\u00e9es vous concernant, utiliser des cookies, int\u00e9grer un suivi suppl\u00e9mentaire de la part de tiers et contr\u00f4ler votre interaction avec ce contenu int\u00e9gr\u00e9, y compris votre interaction avec le contenu int\u00e9gr\u00e9 si vous avez un compte et \u00eates connect\u00e9 \u00e0 ce site web.<\/p>\n\n<h2 class=\"wp-block-heading\">Avec qui nous partageons vos donn\u00e9es<\/h2>\n\n<p>Si vous demandez une r\u00e9initialisation de votre mot de passe, votre adresse IP sera incluse dans l'e-mail de r\u00e9initialisation.<\/p>\n\n<h2 class=\"wp-block-heading\">Dur\u00e9e de conservation des donn\u00e9es<\/h2>\n\n<p>Si vous laissez un commentaire, celui-ci et ses m\u00e9tadonn\u00e9es sont conserv\u00e9s ind\u00e9finiment. Cela nous permet de reconna\u00eetre et d'approuver automatiquement les commentaires successifs, plut\u00f4t que de les conserver dans une file d'attente de mod\u00e9ration.<\/p>\n\n<p>Pour les utilisateurs qui s'inscrivent sur notre site web (le cas \u00e9ch\u00e9ant), nous stockons \u00e9galement les informations personnelles qu'ils fournissent dans leur profil d'utilisateur. Tous les utilisateurs peuvent consulter, modifier ou supprimer leurs informations personnelles \u00e0 tout moment (sauf qu'ils ne peuvent pas changer leur nom d'utilisateur). Les administrateurs du site peuvent \u00e9galement consulter et modifier ces informations.<\/p>\n\n<h2 class=\"wp-block-heading\">Quels sont les droits dont vous disposez sur vos donn\u00e9es ?<\/h2>\n\n<p>Si vous avez un compte ou si vous avez laiss\u00e9 des commentaires sur ce site web, vous pouvez demander \u00e0 recevoir un fichier d'exportation des donn\u00e9es personnelles que nous d\u00e9tenons \u00e0 votre sujet, y compris toutes les donn\u00e9es que vous nous avez fournies. Vous pouvez \u00e9galement nous demander de supprimer toutes les donn\u00e9es \u00e0 caract\u00e8re personnel que nous d\u00e9tenons \u00e0 votre sujet. Cela n'inclut pas les donn\u00e9es que nous sommes tenus de conserver \u00e0 des fins administratives, juridiques ou de s\u00e9curit\u00e9.<\/p>\n\n<h2 class=\"wp-block-heading\">O\u00f9 vos donn\u00e9es sont-elles envoy\u00e9es ?<\/h2>\n\n<p>Les commentaires des visiteurs peuvent \u00eatre v\u00e9rifi\u00e9s par un service de d\u00e9tection automatique des spams.<\/p>\n<p>Nous recueillons des informations sur vous lors du processus de paiement dans notre boutique.<\/p>\n<h2>Ce que nous collectons et stockons<\/h2>\n<p>Pendant que vous visitez notre site, nous enregistrons les donn\u00e9es suivantes :<\/p>\n<ul>\n<li>Produits que vous avez consult\u00e9s : nous les utilisons, par exemple, pour vous montrer les produits que vous avez r\u00e9cemment consult\u00e9s.<\/li>\n<li>Localisation, adresse IP et type de navigateur : nous utiliserons ces informations \u00e0 des fins telles que l'estimation des taxes et des frais d'exp\u00e9dition.<\/li>\n<li>Adresse de livraison : nous vous demanderons de fournir cette adresse afin que nous puissions, par exemple, estimer les frais d'exp\u00e9dition avant que vous ne passiez commande, et vous envoyer la commande !<\/li>\n<\/ul>\n<p>Nous utilisons \u00e9galement des cookies pour suivre le contenu de votre panier lorsque vous naviguez sur notre site.<\/p>\n<p>Lorsque vous achetez quelque chose chez nous, nous vous demandons de fournir des informations telles que votre nom, votre adresse de facturation, votre adresse de livraison, votre adresse \u00e9lectronique, votre num\u00e9ro de t\u00e9l\u00e9phone, les d\u00e9tails de votre carte de cr\u00e9dit ou de paiement et des informations suppl\u00e9mentaires facultatives telles que votre nom d'utilisateur et votre mot de passe. Nous utiliserons ces informations \u00e0 des fins telles que :<\/p>\n<ul>\n<li>vous envoyer des informations sur votre compte et votre commande<\/li>\n<li>R\u00e9pondre \u00e0 vos demandes, y compris les remboursements et les r\u00e9clamations<\/li>\n<li>Traitement des paiements et pr\u00e9vention de la fraude<\/li>\n<li>Cr\u00e9ez votre compte pour notre boutique<\/li>\n<li>Respecter les obligations l\u00e9gales qui nous incombent, telles que le calcul des imp\u00f4ts.<\/li>\n<li>Am\u00e9liorer les offres dans notre boutique<\/li>\n<li>vous envoyer des messages promotionnels, si vous choisissez de les recevoir<\/li>\n<\/ul>\n<p>Si vous cr\u00e9ez un compte, nous enregistrerons votre nom, votre adresse, votre adresse \u00e9lectronique et votre num\u00e9ro de t\u00e9l\u00e9phone, que nous utiliserons pour le paiement et les commandes futures.<\/p>\n<p>Nous conservons normalement les informations vous concernant aussi longtemps que nous en avons besoin aux fins pour lesquelles nous les collectons et les utilisons, et nous ne sommes pas l\u00e9galement oblig\u00e9s de les conserver plus longtemps. Par exemple, nous conservons les informations relatives aux commandes pendant quatre ans \u00e0 des fins fiscales et comptables. Il s'agit de votre nom, de votre adresse \u00e9lectronique et de vos adresses de facturation et de livraison.<\/p>\n<p>Nous conservons \u00e9galement les commentaires ou les \u00e9valuations, si vous choisissez de les laisser.<\/p>\n<h2>Qui, dans notre \u00e9quipe, a acc\u00e8s \u00e0<\/h2>\n<p>Les membres de notre \u00e9quipe ont acc\u00e8s aux informations que vous fournissez. Par exemple, les administrateurs et les responsables de magasins peuvent y acc\u00e9der :<\/p>\n<ul>\n<li>les informations relatives aux commandes, telles que les produits achet\u00e9s, la date d'achat et le lieu d'exp\u00e9dition, et<\/li>\n<li>Les informations relatives aux clients, telles que votre nom, votre adresse \u00e9lectronique et les informations relatives \u00e0 la facturation et \u00e0 l'exp\u00e9dition.<\/li>\n<\/ul>\n<p>Les membres de notre \u00e9quipe ont acc\u00e8s \u00e0 ces informations pour compl\u00e9ter les commandes, proc\u00e9der aux remboursements et vous aider.<\/p>\n<h2>Ce que nous partageons avec les autres<\/h2>\n<p>Nous partageons des informations avec d'autres personnes qui nous aident \u00e0 livrer nos commandes et \u00e0 g\u00e9rer des services pour vous.<\/p>\n<h3>Paiements<\/h3>\n<p>Nous acceptons les paiements via PayPal. Lors du traitement des paiements, certaines de vos donn\u00e9es seront transmises \u00e0 PayPal, y compris les informations n\u00e9cessaires au traitement ou \u00e0 la prise en charge du paiement, telles que le montant total de l'achat et les informations de facturation.<\/p>\n<p>Veuillez v\u00e9rifier le\u00a0<a href=\"https:\/\/www.paypal.com\/es\/webapps\/mpp\/ua\/privacy-full\" target=\"_blank\" rel=\"noopener\">Politique de confidentialit\u00e9 de PayPal<\/a> pour plus de d\u00e9tails.<\/p>\n\t\t\t\t\t\t\t\t<\/div>\n\t\t\t\t<\/div>\n\t\t\t\t\t<\/div>\n\t\t\t\t<\/div>\n\t\t\t\t<\/div>","protected":false},"excerpt":{"rendered":"<p>Qui\u00e9nes somos La direcci\u00f3n de nuestra web es: https:\/\/win10cdkeys.com Puede ponerse en contacto con nosotros desde nuestra p\u00e1gina de contacto o escribirnos al email ventas@win10cdkeys.com Comentarios Cuando los visitantes dejan comentarios en la web, recopilamos los datos que se muestran en el formulario de comentarios, as\u00ed como la direcci\u00f3n IP del visitante y la cadena [&hellip;]<\/p>\n","protected":false},"author":1,"featured_media":0,"parent":0,"menu_order":0,"comment_status":"closed","ping_status":"closed","template":"elementor_header_footer","meta":{"inline_featured_image":false,"_joinchat":[],"footnotes":""},"class_list":["post-7460","page","type-page","status-publish","hentry"],"_links":{"self":[{"href":"https:\/\/win10cdkeys.com\/fr\/wp-json\/wp\/v2\/pages\/7460","targetHints":{"allow":["GET"]}}],"collection":[{"href":"https:\/\/win10cdkeys.com\/fr\/wp-json\/wp\/v2\/pages"}],"about":[{"href":"https:\/\/win10cdkeys.com\/fr\/wp-json\/wp\/v2\/types\/page"}],"author":[{"embeddable":true,"href":"https:\/\/win10cdkeys.com\/fr\/wp-json\/wp\/v2\/users\/1"}],"replies":[{"embeddable":true,"href":"https:\/\/win10cdkeys.com\/fr\/wp-json\/wp\/v2\/comments?post=7460"}],"version-history":[{"count":0,"href":"https:\/\/win10cdkeys.com\/fr\/wp-json\/wp\/v2\/pages\/7460\/revisions"}],"wp:attachment":[{"href":"https:\/\/win10cdkeys.com\/fr\/wp-json\/wp\/v2\/media?parent=7460"}],"curies":[{"name":"wp","href":"https:\/\/api.w.org\/{rel}","templated":true}]}}