{"id":7789,"date":"2024-05-10T13:33:11","date_gmt":"2024-05-10T11:33:11","guid":{"rendered":"https:\/\/win10cdkeys.com\/?page_id=7789"},"modified":"2024-09-26T09:59:53","modified_gmt":"2024-09-26T07:59:53","slug":"politique-de-paiement","status":"publish","type":"page","link":"https:\/\/win10cdkeys.com\/fr\/payment-policy\/","title":{"rendered":"Politique de paiement"},"content":{"rendered":"<div data-elementor-type=\"wp-page\" data-elementor-id=\"7789\" class=\"elementor elementor-7789\">\n\t\t\t\t<div class=\"elementor-element elementor-element-39ebdfe0 e-flex e-con-boxed e-con e-parent\" data-id=\"39ebdfe0\" data-element_type=\"container\" data-e-type=\"container\">\n\t\t\t\t\t<div class=\"e-con-inner\">\n\t\t\t\t<div class=\"elementor-element elementor-element-3c78099f elementor-widget elementor-widget-text-editor\" data-id=\"3c78099f\" data-element_type=\"widget\" data-e-type=\"widget\" data-widget_type=\"text-editor.default\">\n\t\t\t\t<div class=\"elementor-widget-container\">\n\t\t\t\t\t\t\t\t\t<h1>Politique de paiement<\/h1><p>Nous acceptons les paiements par le biais d'une vari\u00e9t\u00e9 d'options de paiement afin de garantir la commodit\u00e9 et la s\u00e9curit\u00e9 de nos clients. Avant d'effectuer un achat sur notre site web, veuillez lire attentivement notre politique de paiement.<\/p><h3><strong>Modes de paiement :<\/strong><\/h3><ol><li><strong>Cartes de cr\u00e9dit\/d\u00e9bit :<\/strong> Nous acceptons les cartes Visa, Mastercard, American Express et les autres principales cartes de cr\u00e9dit et de d\u00e9bit. Tous les paiements par carte sont trait\u00e9s en toute s\u00e9curit\u00e9 par notre passerelle de paiement.<\/li><li><strong>PayPal :<\/strong> Nous offrons \u00e9galement la possibilit\u00e9 de payer via PayPal, ce qui vous permet d'utiliser les fonds de votre compte PayPal ou de payer par carte de cr\u00e9dit\/d\u00e9bit li\u00e9e \u00e0 votre compte PayPal. PayPal offre un niveau suppl\u00e9mentaire de s\u00e9curit\u00e9 et de protection pour vos transactions.<\/li><li><strong>Virement bancaire :<\/strong> Nous acceptons \u00e9galement les paiements par virement bancaire direct sur notre compte bancaire. Veuillez noter que le traitement des virements bancaires peut prendre de 3 \u00e0 5 jours ouvrables, en fonction de la banque exp\u00e9ditrice et de la banque r\u00e9ceptrice.<\/li><li><p><strong>Google Pay :\u00a0<\/strong>Vous pouvez effectuer vos achats en utilisant Google Pay, une m\u00e9thode rapide et s\u00e9curis\u00e9e qui vous permet de payer directement \u00e0 partir de votre appareil mobile ou de votre navigateur. Lorsque vous utilisez Google Pay, vos donn\u00e9es financi\u00e8res sont prot\u00e9g\u00e9es par des couches de s\u00e9curit\u00e9 avanc\u00e9es.<\/p><\/li><li><p><strong>Apple Pay :\u00a0<\/strong>Si vous poss\u00e9dez un appareil Apple, vous pouvez \u00e9galement choisir de payer avec Apple Pay. Cette m\u00e9thode vous permet d'effectuer des paiements facilement et en toute s\u00e9curit\u00e9 \u00e0 partir de votre iPhone, iPad ou Mac, en b\u00e9n\u00e9ficiant des mesures de s\u00e9curit\u00e9 avanc\u00e9es d'Apple.<\/p><\/li><\/ol><h3><strong>Processus de paiement :<\/strong><\/h3><p>Toutes les commandes seront trait\u00e9es une fois que le paiement int\u00e9gral aura \u00e9t\u00e9 re\u00e7u. Cela signifie que votre commande ne sera pas exp\u00e9di\u00e9e tant que nous n'aurons pas confirm\u00e9 la r\u00e9ception du paiement sur notre compte. Veuillez noter que les d\u00e9lais de traitement peuvent varier en fonction de la m\u00e9thode de paiement choisie.<\/p><h2>Avez-vous des questions ?<\/h2><p>Si vous avez des questions concernant notre politique, veuillez nous contacter \u00e0 l'adresse suivante <a href=\"https:\/\/win10cdkeys.com\/fr\/nous-contacter\/\" target=\"_blank\" rel=\"noopener\">Page de contact<\/a> ou par courriel \u00e0 <a href=\"mailto:ventas@win10cdkeys.com\">ventas@win10cdkeys.com<\/a><\/p>\t\t\t\t\t\t\t\t<\/div>\n\t\t\t\t<\/div>\n\t\t\t\t\t<\/div>\n\t\t\t\t<\/div>\n\t\t\t\t<\/div>","protected":false},"excerpt":{"rendered":"<p>Pol\u00edtica de Pagos Aceptamos pagos a trav\u00e9s de varias opciones para garantizar la comodidad y la seguridad de nuestros clientes. Antes de realizar cualquier compra en nuestro sitio web, te pedimos que leas detenidamente nuestra pol\u00edtica de pagos. M\u00e9todos de Pago: Tarjetas de Cr\u00e9dito\/D\u00e9bito: Aceptamos tarjetas de cr\u00e9dito y d\u00e9bito Visa, Mastercard, American Express y [&hellip;]<\/p>\n","protected":false},"author":1,"featured_media":0,"parent":0,"menu_order":0,"comment_status":"closed","ping_status":"closed","template":"elementor_header_footer","meta":{"inline_featured_image":false,"_joinchat":[],"footnotes":""},"class_list":["post-7789","page","type-page","status-publish","hentry"],"_links":{"self":[{"href":"https:\/\/win10cdkeys.com\/fr\/wp-json\/wp\/v2\/pages\/7789","targetHints":{"allow":["GET"]}}],"collection":[{"href":"https:\/\/win10cdkeys.com\/fr\/wp-json\/wp\/v2\/pages"}],"about":[{"href":"https:\/\/win10cdkeys.com\/fr\/wp-json\/wp\/v2\/types\/page"}],"author":[{"embeddable":true,"href":"https:\/\/win10cdkeys.com\/fr\/wp-json\/wp\/v2\/users\/1"}],"replies":[{"embeddable":true,"href":"https:\/\/win10cdkeys.com\/fr\/wp-json\/wp\/v2\/comments?post=7789"}],"version-history":[{"count":0,"href":"https:\/\/win10cdkeys.com\/fr\/wp-json\/wp\/v2\/pages\/7789\/revisions"}],"wp:attachment":[{"href":"https:\/\/win10cdkeys.com\/fr\/wp-json\/wp\/v2\/media?parent=7789"}],"curies":[{"name":"wp","href":"https:\/\/api.w.org\/{rel}","templated":true}]}}