{"id":7792,"date":"2024-05-10T13:43:41","date_gmt":"2024-05-10T11:43:41","guid":{"rendered":"https:\/\/win10cdkeys.com\/?page_id=7792"},"modified":"2024-09-12T10:30:55","modified_gmt":"2024-09-12T08:30:55","slug":"termes-et-conditions","status":"publish","type":"page","link":"https:\/\/win10cdkeys.com\/fr\/terms-and-cond\/","title":{"rendered":"Conditions g\u00e9n\u00e9rales d'utilisation"},"content":{"rendered":"<div data-elementor-type=\"wp-page\" data-elementor-id=\"7792\" class=\"elementor elementor-7792\">\n\t\t\t\t<div class=\"elementor-element elementor-element-1f9ba7fd e-flex e-con-boxed e-con e-parent\" data-id=\"1f9ba7fd\" data-element_type=\"container\" data-e-type=\"container\">\n\t\t\t\t\t<div class=\"e-con-inner\">\n\t\t\t\t<div class=\"elementor-element elementor-element-248cecf elementor-widget elementor-widget-heading\" data-id=\"248cecf\" data-element_type=\"widget\" data-e-type=\"widget\" data-widget_type=\"heading.default\">\n\t\t\t\t<div class=\"elementor-widget-container\">\n\t\t\t\t\t<h2 class=\"elementor-heading-title elementor-size-default\">Conditions g\u00e9n\u00e9rales d'utilisation<\/h2>\t\t\t\t<\/div>\n\t\t\t\t<\/div>\n\t\t\t\t<div class=\"elementor-element elementor-element-36ec56c1 elementor-widget elementor-widget-text-editor\" data-id=\"36ec56c1\" data-element_type=\"widget\" data-e-type=\"widget\" data-widget_type=\"text-editor.default\">\n\t\t\t\t<div class=\"elementor-widget-container\">\n\t\t\t\t\t\t\t\t\t<p>En acc\u00e9dant \u00e0 notre site web et en l'utilisant, vous acceptez de vous conformer aux conditions d'utilisation suivantes et d'\u00eatre li\u00e9 par elles. Si vous n'acceptez pas l'une de ces conditions, veuillez ne pas utiliser notre site.<\/p><p><strong>1. l'utilisation du site :<\/strong><\/p><p>L'utilisation de ce site web est soumise aux conditions suivantes :<\/p><ul><li>Le contenu du site est destin\u00e9 \u00e0 l'information g\u00e9n\u00e9rale et \u00e0 l'usage personnel uniquement.<\/li><li>Nous nous r\u00e9servons le droit de modifier ou de retirer le site (ou une partie de celui-ci) sans pr\u00e9avis.<\/li><\/ul><p><strong>2. Protection de la vie priv\u00e9e :<\/strong><\/p><p>Nous accordons une grande importance \u00e0 la protection de votre vie priv\u00e9e. Lire notre <a href=\"https:\/\/win10cdkeys.com\/fr\/politique-de-confidentialite\/\">Politique de confidentialit\u00e9<\/a> pour comprendre comment nous collectons, utilisons et prot\u00e9geons vos donn\u00e9es personnelles.<\/p><p><strong>3. Paiements :<\/strong><\/p><p>En effectuant un achat sur notre site, vous acceptez les conditions de notre <a href=\"https:\/\/win10cdkeys.com\/fr\/politique-de-paiement\/\" target=\"_new\" rel=\"noreferrer noopener\">Politique de paiement<\/a>qui d\u00e9crit les modes de paiement disponibles et la proc\u00e9dure de paiement.<\/p><p><strong>4. Exp\u00e9ditions :<\/strong><\/p><p>Lire notre <a href=\"https:\/\/win10cdkeys.com\/fr\/politique-dexpedition\/\" target=\"_new\" rel=\"noreferrer noopener\">Politique d'exp\u00e9dition<\/a> pour obtenir des informations sur les d\u00e9lais de livraison, les m\u00e9thodes d'exp\u00e9dition disponibles et les tarifs applicables.<\/p><p><strong>5. Retours et remboursements :<\/strong><\/p><p>Consultez notre <a href=\"https:\/\/win10cdkeys.com\/fr\/remboursements\/\" target=\"_new\" rel=\"noreferrer noopener\">Politique de retour<\/a> de comprendre les proc\u00e9dures et les conditions de retour des produits et de demande de remboursement.<\/p><p><strong>6. Modifications des conditions :<\/strong><\/p><p>Nous nous r\u00e9servons le droit de mettre \u00e0 jour ou de modifier ces conditions \u00e0 tout moment et sans pr\u00e9avis. Il est de votre responsabilit\u00e9 de revoir p\u00e9riodiquement les conditions d'utilisation afin de prendre connaissance de tout changement.<\/p><p><strong>7. Contact :<\/strong><\/p><p>Si vous avez des questions concernant ces conditions g\u00e9n\u00e9rales, n'h\u00e9sitez pas \u00e0 nous contacter \u00e0 l'adresse suivante <a href=\"https:\/\/win10cdkeys.com\/fr\/nous-contacter\/\" target=\"_new\" rel=\"noreferrer noopener\">contactez-nous \u00e0 l'adresse suivante<\/a> ou \u00e9crire \u00e0 notre adresse \u00e9lectronique <a href=\"mailto:support@win10cdkeys.com\">support@win10cdkeys.com<\/a><\/p><p>En utilisant notre site web, vous acceptez l'int\u00e9gralit\u00e9 de ces termes et conditions.<\/p>\t\t\t\t\t\t\t\t<\/div>\n\t\t\t\t<\/div>\n\t\t\t\t\t<\/div>\n\t\t\t\t<\/div>\n\t\t\t\t<\/div>","protected":false},"excerpt":{"rendered":"<p>T\u00e9rminos y Condiciones Al acceder y utilizar nuestro sitio web, aceptas cumplir y estar sujeto a los siguientes t\u00e9rminos y condiciones de uso. Si no est\u00e1s de acuerdo con alguno de estos t\u00e9rminos, te pedimos que no utilices nuestro sitio. 1. Uso del Sitio: El uso de este sitio web est\u00e1 sujeto a las siguientes [&hellip;]<\/p>\n","protected":false},"author":1,"featured_media":0,"parent":0,"menu_order":0,"comment_status":"closed","ping_status":"closed","template":"elementor_header_footer","meta":{"inline_featured_image":false,"_joinchat":[],"footnotes":""},"class_list":["post-7792","page","type-page","status-publish","hentry"],"_links":{"self":[{"href":"https:\/\/win10cdkeys.com\/fr\/wp-json\/wp\/v2\/pages\/7792","targetHints":{"allow":["GET"]}}],"collection":[{"href":"https:\/\/win10cdkeys.com\/fr\/wp-json\/wp\/v2\/pages"}],"about":[{"href":"https:\/\/win10cdkeys.com\/fr\/wp-json\/wp\/v2\/types\/page"}],"author":[{"embeddable":true,"href":"https:\/\/win10cdkeys.com\/fr\/wp-json\/wp\/v2\/users\/1"}],"replies":[{"embeddable":true,"href":"https:\/\/win10cdkeys.com\/fr\/wp-json\/wp\/v2\/comments?post=7792"}],"version-history":[{"count":0,"href":"https:\/\/win10cdkeys.com\/fr\/wp-json\/wp\/v2\/pages\/7792\/revisions"}],"wp:attachment":[{"href":"https:\/\/win10cdkeys.com\/fr\/wp-json\/wp\/v2\/media?parent=7792"}],"curies":[{"name":"wp","href":"https:\/\/api.w.org\/{rel}","templated":true}]}}