{"id":3044,"date":"2022-04-28T19:42:45","date_gmt":"2022-04-28T17:42:45","guid":{"rendered":"https:\/\/win10cdkeys.com\/?post_type=product&#038;p=3044"},"modified":"2026-02-01T11:42:31","modified_gmt":"2026-02-01T10:42:31","slug":"office-2021-pro-plus-key-bind","status":"publish","type":"product","link":"https:\/\/win10cdkeys.com\/fr\/producto\/office-2021-pro-plus-key-bind\/","title":{"rendered":"Office 2021 Pro Plus License Key (BIND)"},"content":{"rendered":"<blockquote>\n<h2>Microsoft Office 2021 Pro Plus pour PC (Windows) Licence d'activation express<\/h2>\n<\/blockquote>\n<h3>Office 2021 Bind Professional Plus Key<\/h3>\n<ul>\n<li>Installation et activation faciles via <a href=\"https:\/\/setup.office.com\" target=\"_blank\" rel=\"noopener\">le site web de Microsoft.<\/a><\/li>\n<li>La licence \"Bind\", dont la cl\u00e9 est li\u00e9e \u00e0 votre compte Office afin que vous n'ayez pas \u00e0 la saisir \u00e0 nouveau, offre la possibilit\u00e9 de t\u00e9l\u00e9charger Office \u00e0 partir de votre compte lorsque vous en avez besoin.<\/li>\n<li>Comprend la suite Office compl\u00e8te pour les PC Windows : <b>Word, Excel, PowerPoint, Outlook, Publisher, Access et OneNote.<\/b><\/li>\n<li>La cl\u00e9 est <strong>activation permanente<\/strong> une fois activ\u00e9e, elle ne sera pas d\u00e9sactiv\u00e9e et vous pourrez utiliser Office 2021 sur ce PC pour toujours.<\/li>\n<li><strong>La cl\u00e9 est compatible avec Windows 10\/Windows 11<\/strong><\/li>\n<\/ul>\n<h4>Pourquoi choisir Win10cdkeys ?<\/h4>\n<p>Win10cdkeys offre les meilleures cl\u00e9s de licence \u00e0 un prix tr\u00e8s bas avec un service d'assistance \u00e0 la client\u00e8le 24\/7 pour r\u00e9soudre les questions et les erreurs. Win10cdkeys a une note de <a href=\"https:\/\/es.trustpilot.com\/review\/win10cdkeys.com\" target=\"_blank\" rel=\"noopener\">4,8 sur Trustpilot<\/a> avec 100% d'avis positifs.<br \/>\nSi vous commandez chez nous, vous recevrez imm\u00e9diatement par e-mail une licence que vous pourrez copier et coller sur le site officiel.<\/p>\n<p>&nbsp;<\/p>\n<p>Paiements rapides et s\u00e9curis\u00e9s via PayPal, carte de cr\u00e9dit, Bizum ou virement bancaire. Pour plus d'informations et une r\u00e9ponse rapide, contactez-nous par WhatsApp.<\/p>","protected":false},"excerpt":{"rendered":"<p>Licencia de Microsoft Office 2021 Pro Plus para PC (Windows) de activaci\u00f3n r\u00e1pida Office 2021 Bind Professional Plus Key F\u00e1cil instalaci\u00f3n y activaci\u00f3n a trav\u00e9s de la p\u00e1gina de Microsoft. Licencia de tipo \u00abBind\u00bb, la clave se vincula a tu cuenta de Office para no tener que volver a introducirla y con la opci\u00f3n de [&hellip;]<\/p>\n","protected":false},"featured_media":3045,"comment_status":"closed","ping_status":"closed","template":"","meta":{"inline_featured_image":false,"_joinchat":[]},"product_brand":[],"product_cat":[18,17,20,71],"product_tag":[],"class_list":{"0":"post-3044","1":"product","2":"type-product","3":"status-publish","4":"has-post-thumbnail","6":"product_cat-licencias-digitales","7":"product_cat-microsoft","8":"product_cat-office","9":"product_cat-office-2021","10":"product_shipping_class-envio-instantaneo-digital","12":"first","13":"outofstock","14":"sale","15":"virtual","16":"taxable","17":"purchasable","18":"product-type-simple"},"_links":{"self":[{"href":"https:\/\/win10cdkeys.com\/fr\/wp-json\/wp\/v2\/product\/3044","targetHints":{"allow":["GET"]}}],"collection":[{"href":"https:\/\/win10cdkeys.com\/fr\/wp-json\/wp\/v2\/product"}],"about":[{"href":"https:\/\/win10cdkeys.com\/fr\/wp-json\/wp\/v2\/types\/product"}],"replies":[{"embeddable":true,"href":"https:\/\/win10cdkeys.com\/fr\/wp-json\/wp\/v2\/comments?post=3044"}],"wp:featuredmedia":[{"embeddable":true,"href":"https:\/\/win10cdkeys.com\/fr\/wp-json\/wp\/v2\/media\/3045"}],"wp:attachment":[{"href":"https:\/\/win10cdkeys.com\/fr\/wp-json\/wp\/v2\/media?parent=3044"}],"wp:term":[{"taxonomy":"product_brand","embeddable":true,"href":"https:\/\/win10cdkeys.com\/fr\/wp-json\/wp\/v2\/product_brand?post=3044"},{"taxonomy":"product_cat","embeddable":true,"href":"https:\/\/win10cdkeys.com\/fr\/wp-json\/wp\/v2\/product_cat?post=3044"},{"taxonomy":"product_tag","embeddable":true,"href":"https:\/\/win10cdkeys.com\/fr\/wp-json\/wp\/v2\/product_tag?post=3044"}],"curies":[{"name":"wp","href":"https:\/\/api.w.org\/{rel}","templated":true}]}}