{"id":3102,"date":"2022-05-07T17:39:21","date_gmt":"2022-05-07T15:39:21","guid":{"rendered":"https:\/\/win10cdkeys.com\/?post_type=product&#038;p=3102"},"modified":"2024-11-29T12:02:54","modified_gmt":"2024-11-29T11:02:54","slug":"compte-office-365","status":"publish","type":"product","link":"https:\/\/win10cdkeys.com\/fr\/producto\/office-365-cuenta\/","title":{"rendered":"Compte Office 365"},"content":{"rendered":"<ul>\n<li>Compte Microsoft Office 365<\/li>\n<li>Un compte avec nom d'utilisateur et mot de passe vous sera envoy\u00e9 PAS une cl\u00e9 de licence.<\/li>\n<li>Le compte doit \u00eatre activ\u00e9 en changeant le mot de passe lors de la premi\u00e8re connexion.<\/li>\n<li>Il peut \u00eatre utilis\u00e9 sur la version web, Windows PC, MacOS, Android, IOS et IpadOS.<\/li>\n<li>Le compte n'est pas un abonnement pr\u00e9activ\u00e9. <strong>(Garantie de remplacement en cas d'erreur de 1 an)<\/strong><\/li>\n<li>La suite Office 365 compl\u00e8te et quelques options plus web telles que PowerApps ou SharePoint.<\/li>\n<li>Stockage OneDrive de 100 Go.<\/li>\n<\/ul>","protected":false},"excerpt":{"rendered":"<p><strong>1 an de garantie<\/strong><\/p>","protected":false},"featured_media":3103,"comment_status":"closed","ping_status":"closed","template":"","meta":{"inline_featured_image":false,"_joinchat":[]},"product_brand":[],"product_cat":[18,17,20,73],"product_tag":[],"class_list":{"0":"post-3102","1":"product","2":"type-product","3":"status-publish","4":"has-post-thumbnail","6":"product_cat-licencias-digitales","7":"product_cat-microsoft","8":"product_cat-office","9":"product_cat-office-365-office","11":"first","12":"outofstock","13":"sale","14":"virtual","15":"taxable","16":"purchasable","17":"product-type-simple"},"_links":{"self":[{"href":"https:\/\/win10cdkeys.com\/fr\/wp-json\/wp\/v2\/product\/3102","targetHints":{"allow":["GET"]}}],"collection":[{"href":"https:\/\/win10cdkeys.com\/fr\/wp-json\/wp\/v2\/product"}],"about":[{"href":"https:\/\/win10cdkeys.com\/fr\/wp-json\/wp\/v2\/types\/product"}],"replies":[{"embeddable":true,"href":"https:\/\/win10cdkeys.com\/fr\/wp-json\/wp\/v2\/comments?post=3102"}],"wp:featuredmedia":[{"embeddable":true,"href":"https:\/\/win10cdkeys.com\/fr\/wp-json\/wp\/v2\/media\/3103"}],"wp:attachment":[{"href":"https:\/\/win10cdkeys.com\/fr\/wp-json\/wp\/v2\/media?parent=3102"}],"wp:term":[{"taxonomy":"product_brand","embeddable":true,"href":"https:\/\/win10cdkeys.com\/fr\/wp-json\/wp\/v2\/product_brand?post=3102"},{"taxonomy":"product_cat","embeddable":true,"href":"https:\/\/win10cdkeys.com\/fr\/wp-json\/wp\/v2\/product_cat?post=3102"},{"taxonomy":"product_tag","embeddable":true,"href":"https:\/\/win10cdkeys.com\/fr\/wp-json\/wp\/v2\/product_tag?post=3102"}],"curies":[{"name":"wp","href":"https:\/\/api.w.org\/{rel}","templated":true}]}}