{"id":3152,"date":"2022-05-31T23:05:24","date_gmt":"2022-05-31T21:05:24","guid":{"rendered":"https:\/\/win10cdkeys.com\/?post_type=product&#038;p=3152"},"modified":"2026-04-16T02:25:37","modified_gmt":"2026-04-16T00:25:37","slug":"office-2021-home-and-bussines-activation-online-bind","status":"publish","type":"product","link":"https:\/\/win10cdkeys.com\/fr\/producto\/office-2021-home-and-bussines-activacion-online-bind\/","title":{"rendered":"Office 2021 pour Mac Home and Business Activation en ligne (Bind)"},"content":{"rendered":"<p>Microsoft Office 2021 Home and Business licence pour Mac (MacOs) avec activation rapide en ligne<\/p>\n<ul>\n<li>Installation et activation faciles via <a href=\"https:\/\/setup.office.com\" target=\"_blank\" rel=\"noopener\">le site web de Microsoft.<\/a><\/li>\n<li>La licence \"Bind\", dont la cl\u00e9 est li\u00e9e \u00e0 votre compte Office afin que vous n'ayez pas \u00e0 la saisir \u00e0 nouveau, offre la possibilit\u00e9 de t\u00e9l\u00e9charger Office \u00e0 partir de votre compte lorsque vous en avez besoin.<\/li>\n<li>Inclut la suite Office compl\u00e8te pour Mac PC : <b>Word, Excel, PowerPoint, Outlook.<\/b><\/li>\n<li>La cl\u00e9 est <strong>activation permanente<\/strong> une fois activ\u00e9e, elle ne sera pas d\u00e9sactiv\u00e9e et vous pourrez utiliser Office 2021 sur ce Mac pour toujours.<\/li>\n<li><strong>La cl\u00e9 est compatible avec MacOs.<\/strong><\/li>\n<\/ul>\n<p>Paiements rapides et s\u00e9curis\u00e9s, pour plus d'informations et une r\u00e9ponse rapide, contactez-nous par WhatsApp.<\/p>\n<p>&nbsp;<\/p>","protected":false},"excerpt":{"rendered":"<p>Licencia de Microsoft Office 2021 Home and Bussines para Mac (MacOs) de activaci\u00f3n r\u00e1pida online F\u00e1cil instalaci\u00f3n y activaci\u00f3n a trav\u00e9s de la p\u00e1gina de Microsoft. Licencia de tipo \u00abBind\u00bb, la clave se vincula a tu cuenta de Office para no tener que volver a introducirla y con la opci\u00f3n de descargar Office desde tu [&hellip;]<\/p>\n","protected":false},"featured_media":34636,"comment_status":"closed","ping_status":"closed","template":"","meta":{"inline_featured_image":false,"_joinchat":[]},"product_brand":[],"product_cat":[18,17,20,71],"product_tag":[],"class_list":{"0":"post-3152","1":"product","2":"type-product","3":"status-publish","4":"has-post-thumbnail","6":"product_cat-licencias-digitales","7":"product_cat-microsoft","8":"product_cat-office","9":"product_cat-office-2021","11":"first","12":"instock","13":"sale","14":"virtual","15":"taxable","16":"purchasable","17":"product-type-simple"},"_links":{"self":[{"href":"https:\/\/win10cdkeys.com\/fr\/wp-json\/wp\/v2\/product\/3152","targetHints":{"allow":["GET"]}}],"collection":[{"href":"https:\/\/win10cdkeys.com\/fr\/wp-json\/wp\/v2\/product"}],"about":[{"href":"https:\/\/win10cdkeys.com\/fr\/wp-json\/wp\/v2\/types\/product"}],"replies":[{"embeddable":true,"href":"https:\/\/win10cdkeys.com\/fr\/wp-json\/wp\/v2\/comments?post=3152"}],"wp:featuredmedia":[{"embeddable":true,"href":"https:\/\/win10cdkeys.com\/fr\/wp-json\/wp\/v2\/media\/34636"}],"wp:attachment":[{"href":"https:\/\/win10cdkeys.com\/fr\/wp-json\/wp\/v2\/media?parent=3152"}],"wp:term":[{"taxonomy":"product_brand","embeddable":true,"href":"https:\/\/win10cdkeys.com\/fr\/wp-json\/wp\/v2\/product_brand?post=3152"},{"taxonomy":"product_cat","embeddable":true,"href":"https:\/\/win10cdkeys.com\/fr\/wp-json\/wp\/v2\/product_cat?post=3152"},{"taxonomy":"product_tag","embeddable":true,"href":"https:\/\/win10cdkeys.com\/fr\/wp-json\/wp\/v2\/product_tag?post=3152"}],"curies":[{"name":"wp","href":"https:\/\/api.w.org\/{rel}","templated":true}]}}