{"id":3156,"date":"2022-05-31T23:13:30","date_gmt":"2022-05-31T21:13:30","guid":{"rendered":"https:\/\/win10cdkeys.com\/?post_type=product&#038;p=3156"},"modified":"2026-04-17T02:00:58","modified_gmt":"2026-04-17T00:00:58","slug":"cle-windows-11-home","status":"publish","type":"product","link":"https:\/\/win10cdkeys.com\/fr\/producto\/windows-11-home-key\/","title":{"rendered":"Cl\u00e9 Windows 11 HOME OEM"},"content":{"rendered":"<h2>Licence Windows 11 Home Oem 32\/64 bit<\/h2>\n<p>Activez votre ordinateur avec Windows 11 Home, la version la plus r\u00e9cente du syst\u00e8me d'exploitation de Microsoft. Avec cette licence OEM authentique, vous b\u00e9n\u00e9ficiez de toutes les fonctionnalit\u00e9s de Windows 11 Home.<\/p>\n<h3>Caract\u00e9ristiques de Windows 11 Home Key<\/h3>\n<p><strong>Permis permanent et original : <\/strong>Une fois activ\u00e9e, la cl\u00e9 est valable \u00e0 vie pour l'appareil. La licence est valable <strong>UNIQUEMENT pour 1 \u00e9quipe.<\/strong><\/p>\n<p><strong>Compatibilit\u00e9 : <\/strong><span style=\"font-size: 16px;\">Compatible <strong>exclusivement avec Windows 11 Home<\/strong> en versions 32 bits et 64 bits. Pour Windows Pro, achetez <a href=\"https:\/\/win10cdkeys.com\/fr\/produit\/cle-windows-11-pro\/\" target=\"_blank\" rel=\"noopener\">Cl\u00e9 Windows 11 Pro<\/a>.<\/span><\/p>\n<p><strong>Activation rapide et facile : <\/strong><span style=\"font-size: 16px;\">Il suffit de copier et de coller la cl\u00e9 dans les param\u00e8tres du syst\u00e8me. Vous recevrez une licence num\u00e9rique de 25 caract\u00e8res.<\/span><\/p>\n<p><strong>T\u00e9l\u00e9chargement officiel : <\/strong><span style=\"font-size: 16px;\">Obtenez le syst\u00e8me \u00e0 partir du site web de Microsoft afin de garantir une installation s\u00e9curis\u00e9e et \u00e0 jour. <\/span><a style=\"font-size: 16px;\" href=\"https:\/\/www.microsoft.com\/es-es\/software-download\/windows11\" target=\"_blank\" rel=\"noopener\">T\u00e9l\u00e9charger Windows 11.<\/a><\/p>\n<p><strong>OEM Type Licence : <\/strong>Cette cl\u00e9 provient de <strong>Type OEM<\/strong>Ces licences sont utilis\u00e9es par les revendeurs et ne peuvent \u00eatre li\u00e9es qu'\u00e0 un seul PC.<\/p>\n<p><strong>\u00c9galement disponible Microsoft Office 2021 : <\/strong><span style=\"font-size: 16px;\">Compl\u00e9tez votre syst\u00e8me avec la suite bureautique la plus compl\u00e8te. Consultez nos offres et packs de <\/span><a style=\"font-size: 16px;\" href=\"https:\/\/win10cdkeys.com\/fr\/produit\/office-2021-pro-plus-key\/\" target=\"_blank\" rel=\"noopener\">Microsoft Office 2021<\/a><span style=\"font-size: 16px;\">.<\/span><\/p>","protected":false},"excerpt":{"rendered":"<p>Licencia Windows 11 Home Oem 32\/64 bits Activa tu equipo con Windows 11 Home, la versi\u00f3n m\u00e1s actualizada del sistema operativo de Microsoft. Con esta licencia original de tipo OEM, obtendr\u00e1s todas las funcionalidades de Windows 11 Home. Caracter\u00edsticas de Windows 11 Home Key Licencia Permanente y Original: Una vez activada, la clave es v\u00e1lida [&hellip;]<\/p>\n","protected":false},"featured_media":7306,"comment_status":"closed","ping_status":"closed","template":"","meta":{"inline_featured_image":false,"_joinchat":[]},"product_brand":[],"product_cat":[18,17,19,70],"product_tag":[],"class_list":{"0":"post-3156","1":"product","2":"type-product","3":"status-publish","4":"has-post-thumbnail","6":"product_cat-licencias-digitales","7":"product_cat-microsoft","8":"product_cat-windows","9":"product_cat-windows-11","10":"product_shipping_class-envio-instantaneo-digital","12":"first","13":"instock","14":"sale","15":"virtual","16":"taxable","17":"purchasable","18":"product-type-simple"},"_links":{"self":[{"href":"https:\/\/win10cdkeys.com\/fr\/wp-json\/wp\/v2\/product\/3156","targetHints":{"allow":["GET"]}}],"collection":[{"href":"https:\/\/win10cdkeys.com\/fr\/wp-json\/wp\/v2\/product"}],"about":[{"href":"https:\/\/win10cdkeys.com\/fr\/wp-json\/wp\/v2\/types\/product"}],"replies":[{"embeddable":true,"href":"https:\/\/win10cdkeys.com\/fr\/wp-json\/wp\/v2\/comments?post=3156"}],"wp:featuredmedia":[{"embeddable":true,"href":"https:\/\/win10cdkeys.com\/fr\/wp-json\/wp\/v2\/media\/7306"}],"wp:attachment":[{"href":"https:\/\/win10cdkeys.com\/fr\/wp-json\/wp\/v2\/media?parent=3156"}],"wp:term":[{"taxonomy":"product_brand","embeddable":true,"href":"https:\/\/win10cdkeys.com\/fr\/wp-json\/wp\/v2\/product_brand?post=3156"},{"taxonomy":"product_cat","embeddable":true,"href":"https:\/\/win10cdkeys.com\/fr\/wp-json\/wp\/v2\/product_cat?post=3156"},{"taxonomy":"product_tag","embeddable":true,"href":"https:\/\/win10cdkeys.com\/fr\/wp-json\/wp\/v2\/product_tag?post=3156"}],"curies":[{"name":"wp","href":"https:\/\/api.w.org\/{rel}","templated":true}]}}