{"id":3165,"date":"2022-05-31T23:19:41","date_gmt":"2022-05-31T21:19:41","guid":{"rendered":"https:\/\/win10cdkeys.com\/?post_type=product&#038;p=3165"},"modified":"2026-01-05T01:07:15","modified_gmt":"2026-01-05T00:07:15","slug":"office-2021-pro-plus-phone","status":"publish","type":"product","link":"https:\/\/win10cdkeys.com\/fr\/producto\/office-2021-pro-plus-phone\/","title":{"rendered":"Office 2021 Pro Plus - Activation du t\u00e9l\u00e9phone"},"content":{"rendered":"<h3>Microsoft Office 2021 Pro Plus Licence pour PC (Windows) avec activation t\u00e9l\u00e9phonique<\/h3>\n<ul>\n<li>T\u00e9l\u00e9charger \u00e0 partir de <a href=\"https:\/\/officecdn.microsoft.com\/db\/492350F6-3A01-4F97-B9C0-C7C6DDF67D60\/media\/es-ES\/ProPlus2021Retail.img\" target=\"_blank\" rel=\"noopener\">ce lien,<\/a> monter l'ISO (clic droit, monter) et lancer l'installation.<\/li>\n<li>Licence de type t\u00e9l\u00e9phonique (touche de t\u00e9l\u00e9phone), vous devez appeler et effectuer quelques d\u00e9marches une fois que vous \u00eates connect\u00e9.<\/li>\n<li>Comprend la suite Office compl\u00e8te pour les PC Windows : <b>Word, Excel, PowerPoint, Outlook, Publisher, Access et OneNote.<\/b><\/li>\n<li>La cl\u00e9 est <strong>activation permanente<\/strong> une fois activ\u00e9e, elle ne sera pas d\u00e9sactiv\u00e9e et vous pourrez utiliser Office 2021 sur ce PC pour toujours.<\/li>\n<li><strong>La cl\u00e9 est compatible avec Windows 10\/Windows 11<\/strong><\/li>\n<\/ul>\n<p>Paiements rapides et s\u00e9curis\u00e9s, pour plus d'informations et une r\u00e9ponse rapide, contactez-nous par WhatsApp.<\/p>\n<p>&nbsp;<\/p>","protected":false},"excerpt":{"rendered":"<p>Licencia de Microsoft Office 2021 Pro Plus para PC (Windows) de activaci\u00f3n telef\u00f3nica Descarga desde este enlace, monte la ISO (click derecho, montar) y ejecute el setup. Licencia de tipo telef\u00f3nica (phone key), debe de llamar y realizar unos pasos una vez acceda. Incluye la suite completa de Office para PC Windows: Word, Excel, PowerPoint, [&hellip;]<\/p>\n","protected":false},"featured_media":3166,"comment_status":"closed","ping_status":"closed","template":"","meta":{"inline_featured_image":false,"_joinchat":[]},"product_brand":[],"product_cat":[18,17,20,71],"product_tag":[],"class_list":{"0":"post-3165","1":"product","2":"type-product","3":"status-publish","4":"has-post-thumbnail","6":"product_cat-licencias-digitales","7":"product_cat-microsoft","8":"product_cat-office","9":"product_cat-office-2021","10":"product_shipping_class-envio-instantaneo-digital","12":"first","13":"outofstock","14":"sale","15":"virtual","16":"taxable","17":"purchasable","18":"product-type-simple"},"_links":{"self":[{"href":"https:\/\/win10cdkeys.com\/fr\/wp-json\/wp\/v2\/product\/3165","targetHints":{"allow":["GET"]}}],"collection":[{"href":"https:\/\/win10cdkeys.com\/fr\/wp-json\/wp\/v2\/product"}],"about":[{"href":"https:\/\/win10cdkeys.com\/fr\/wp-json\/wp\/v2\/types\/product"}],"replies":[{"embeddable":true,"href":"https:\/\/win10cdkeys.com\/fr\/wp-json\/wp\/v2\/comments?post=3165"}],"wp:featuredmedia":[{"embeddable":true,"href":"https:\/\/win10cdkeys.com\/fr\/wp-json\/wp\/v2\/media\/3166"}],"wp:attachment":[{"href":"https:\/\/win10cdkeys.com\/fr\/wp-json\/wp\/v2\/media?parent=3165"}],"wp:term":[{"taxonomy":"product_brand","embeddable":true,"href":"https:\/\/win10cdkeys.com\/fr\/wp-json\/wp\/v2\/product_brand?post=3165"},{"taxonomy":"product_cat","embeddable":true,"href":"https:\/\/win10cdkeys.com\/fr\/wp-json\/wp\/v2\/product_cat?post=3165"},{"taxonomy":"product_tag","embeddable":true,"href":"https:\/\/win10cdkeys.com\/fr\/wp-json\/wp\/v2\/product_tag?post=3165"}],"curies":[{"name":"wp","href":"https:\/\/api.w.org\/{rel}","templated":true}]}}