{"id":3272,"date":"2022-10-20T20:00:07","date_gmt":"2022-10-20T18:00:07","guid":{"rendered":"https:\/\/win10cdkeys.com\/?post_type=product&#038;p=3272"},"modified":"2026-04-16T22:55:05","modified_gmt":"2026-04-16T20:55:05","slug":"office-2021-pro-plus-key","status":"publish","type":"product","link":"https:\/\/win10cdkeys.com\/fr\/producto\/office-2021-pro-plus-key\/","title":{"rendered":"Microsoft Office 2021 Professional Plus Licence"},"content":{"rendered":"<h3>Microsoft Office 2021 Professionnel Plus Licence PC (Windows)<\/h3>\n<h3>Cl\u00e9 Microsoft Office 2021 Pro Plus.<\/h3>\n<ul>\n<li>Installation et activation faciles, t\u00e9l\u00e9chargement \u00e0 partir de <a href=\"https:\/\/officecdn.microsoft.com\/db\/492350F6-3A01-4F97-B9C0-C7C6DDF67D60\/media\/es-es\/ProPlus2021Retail.img\" target=\"_blank\" rel=\"noopener\">ce lien.<\/a><\/li>\n<li>Licence Office 2021, la cl\u00e9 est activ\u00e9e sur le PC o\u00f9 elle est introduite et est facilement activable.<\/li>\n<li>Comprend la suite Office compl\u00e8te pour les PC Windows : <b>Word, Excel, PowerPoint, Outlook, Publisher, Access et OneNote.<\/b><\/li>\n<li>La cl\u00e9 est <strong>activation permanente<\/strong> une fois activ\u00e9e, elle ne sera pas d\u00e9sactiv\u00e9e et vous pourrez utiliser Office 2021 sur ce PC pour toujours.<\/li>\n<li><strong>La cl\u00e9 est compatible avec Windows 10\/Windows 11.<\/strong><\/li>\n<li>La licence Office 2021 est envoy\u00e9e par e-mail et appara\u00eetra dans la section \"Mon compte\" une fois la commande termin\u00e9e.<\/li>\n<li>La licence est \u00e0 usage unique.<\/li>\n<li><a href=\"https:\/\/win10cdkeys.com\/fr\/produit\/cle-windows-10-pro\/\">Pour activer Windows 10.<\/a><\/li>\n<li><a href=\"https:\/\/win10cdkeys.com\/fr\/produit\/cle-windows-11-pro\/\">Pour activer Windows 11.<\/a><\/li>\n<\/ul>\n<h4>Que comprend Office 2021 Professionnel Plus ?<\/h4>\n<p>Il comprend les principaux logiciels de Microsoft Office : Word, Excel, PowerPoint, Outlook, Access, Publisher.<\/p>\n<h4>Quelle est la diff\u00e9rence entre Office 2021 Pro Plus et Office 365 ?<\/h4>\n<p>Office 365 fonctionne sur la base d'un abonnement, vous devez renouveler la licence chaque ann\u00e9e. Office 2021 est une licence unique, sans frais ni abonnement. Elle est id\u00e9ale pour activer un ordinateur au travail, \u00e0 l'\u00e9tude ou \u00e0 la maison.<\/p>\n<h4>Comment installer Office 2021 Pro Plus ?<\/h4>\n<p>Pour installer Office 2021, t\u00e9l\u00e9chargez le lien depuis le site officiel de Microsoft :<br \/>\n<a href=\"https:\/\/officecdn.microsoft.com\/db\/492350F6-3A01-4F97-B9C0-C7C6DDF67D60\/media\/es-es\/ProPlus2021Retail.img\" target=\"_blank\" rel=\"noopener\">Lien pour t\u00e9l\u00e9charger Microsoft Office 2021<\/a><\/p>\n<p>Une fois t\u00e9l\u00e9charg\u00e9, ouvrez le fichier .img et ex\u00e9cutez le programme d'installation (setup). Une fois install\u00e9, ouvrez n'importe quel programme (par exemple word) et entrez la licence que vous avez achet\u00e9e.<\/p>\n<h4>Pourquoi choisir Win10cdkeys ?<\/h4>\n<p>Win10cdkeys offre les meilleures cl\u00e9s de licence \u00e0 un prix tr\u00e8s bas avec un service d'assistance \u00e0 la client\u00e8le 24\/7 pour r\u00e9soudre les questions et les erreurs. Win10cdkeys a une note de <a href=\"https:\/\/es.trustpilot.com\/review\/win10cdkeys.com\" target=\"_blank\" rel=\"noopener\">4,9 sur Trustpilot<\/a> avec 100% d'avis positifs.<\/p>\n<p>Si vous commandez avec nous, vous recevrez une licence instantan\u00e9e par email que vous pourrez copier et coller dans le logiciel officiel, vous pouvez suivre notre guide d'installation.<\/p>\n<p>&nbsp;<\/p>\n<p style=\"text-align: left;\">","protected":false},"excerpt":{"rendered":"<p>Licencia de Microsoft Office 2021 Professional Plus para PC (Windows) Microsoft Office 2021 Pro Plus key. F\u00e1cil instalaci\u00f3n y activaci\u00f3n, descarga desde este enlace. Licencia de Office 2021, la clave se activa al PC en el que se introduce y se activa f\u00e1cilmente. Incluye la suite completa de Office para PC Windows: Word, Excel, PowerPoint, [&hellip;]<\/p>\n","protected":false},"featured_media":41118,"comment_status":"closed","ping_status":"closed","template":"","meta":{"inline_featured_image":false,"_joinchat":[]},"product_brand":[],"product_cat":[18,17,20,71],"product_tag":[],"class_list":{"0":"post-3272","1":"product","2":"type-product","3":"status-publish","4":"has-post-thumbnail","6":"product_cat-licencias-digitales","7":"product_cat-microsoft","8":"product_cat-office","9":"product_cat-office-2021","10":"product_shipping_class-envio-instantaneo-digital","12":"first","13":"instock","14":"sale","15":"featured","16":"virtual","17":"sold-individually","18":"taxable","19":"purchasable","20":"product-type-simple"},"_links":{"self":[{"href":"https:\/\/win10cdkeys.com\/fr\/wp-json\/wp\/v2\/product\/3272","targetHints":{"allow":["GET"]}}],"collection":[{"href":"https:\/\/win10cdkeys.com\/fr\/wp-json\/wp\/v2\/product"}],"about":[{"href":"https:\/\/win10cdkeys.com\/fr\/wp-json\/wp\/v2\/types\/product"}],"replies":[{"embeddable":true,"href":"https:\/\/win10cdkeys.com\/fr\/wp-json\/wp\/v2\/comments?post=3272"}],"wp:featuredmedia":[{"embeddable":true,"href":"https:\/\/win10cdkeys.com\/fr\/wp-json\/wp\/v2\/media\/41118"}],"wp:attachment":[{"href":"https:\/\/win10cdkeys.com\/fr\/wp-json\/wp\/v2\/media?parent=3272"}],"wp:term":[{"taxonomy":"product_brand","embeddable":true,"href":"https:\/\/win10cdkeys.com\/fr\/wp-json\/wp\/v2\/product_brand?post=3272"},{"taxonomy":"product_cat","embeddable":true,"href":"https:\/\/win10cdkeys.com\/fr\/wp-json\/wp\/v2\/product_cat?post=3272"},{"taxonomy":"product_tag","embeddable":true,"href":"https:\/\/win10cdkeys.com\/fr\/wp-json\/wp\/v2\/product_tag?post=3272"}],"curies":[{"name":"wp","href":"https:\/\/api.w.org\/{rel}","templated":true}]}}