{"id":7223,"date":"2024-02-02T11:28:03","date_gmt":"2024-02-02T10:28:03","guid":{"rendered":"https:\/\/win10cdkeys.com\/?page_id=7223"},"modified":"2024-09-27T12:24:30","modified_gmt":"2024-09-27T10:24:30","slug":"rimborsi_resi","status":"publish","type":"page","link":"https:\/\/win10cdkeys.com\/it\/reembolso_devoluciones\/","title":{"rendered":"Politica di restituzione e rimborso"},"content":{"rendered":"<div data-elementor-type=\"wp-page\" data-elementor-id=\"7223\" class=\"elementor elementor-7223\">\n\t\t\t\t<div class=\"elementor-element elementor-element-ee1d22a e-flex e-con-boxed e-con e-parent\" data-id=\"ee1d22a\" data-element_type=\"container\" data-e-type=\"container\">\n\t\t\t\t\t<div class=\"e-con-inner\">\n\t\t\t\t<div class=\"elementor-element elementor-element-3080456a elementor-widget elementor-widget-text-editor\" data-id=\"3080456a\" data-element_type=\"widget\" data-e-type=\"widget\" data-widget_type=\"text-editor.default\">\n\t\t\t\t<div class=\"elementor-widget-container\">\n\t\t\t\t\t\t\t\t\t<p><\/p>\n<h1><strong>Politica di restituzione e rimborso<\/strong><\/h1>\n<h3><b style=\"font-size: 24px; color: #222222; text-align: var(--text-align);\">Riepilogo<\/b><\/h3>\n<p>Per la sicurezza dei prodotti digitali, NON saranno consentiti resi o rimborsi se la licenza \u00e8 stata ricevuta e la licenza \u00e8 stata utilizzata. Il prodotto pu\u00f2 essere restituito entro un periodo massimo di 14 giorni purch\u00e9 non sia stato utilizzato.<\/p>\n<p>Se si verifica un errore con la licenza, verr\u00e0 inviata una sostituzione quando possibile. In caso di errore nella licenza e esaurimento delle scorte per la sostituzione, verr\u00e0 effettuato un rimborso completo dell&#039;ordine a condizione che non siano trascorsi pi\u00f9 di 30 giorni dall&#039;ordine.<br><span style=\"text-align: var(--text-align);\">Se 2 ore dopo aver effettuato il pagamento e non aver ricevuto il prodotto.<br><\/span><span style=\"text-align: var(--text-align);\">Se il prodotto acquistato \u00e8 esaurito.<\/span><\/p>\n<p><\/p>\n<p><\/p>\n<h2><span style=\"text-align: var(--text-align);\">Hai bisogno di aiuto?<\/span><\/h2>\n<h2><span style=\"text-align: var(--text-align); color: #444444; font-size: 16px; font-weight: 400;\"><a href=\"https:\/\/win10cdkeys.com\/it\/contattaci\/\" target=\"_blank\" rel=\"noopener\">Contattaci<\/a> oppure inviaci una email a <a href=\"mailto:support@win10cdkeys.com\">support@win10cdkeys.com<\/a> per domande su resi e rimborsi.<\/span><\/h2>\n<p><\/p>\t\t\t\t\t\t\t\t<\/div>\n\t\t\t\t<\/div>\n\t\t\t\t\t<\/div>\n\t\t\t\t<\/div>\n\t\t\t\t<\/div>","protected":false},"excerpt":{"rendered":"<p>Pol\u00edtica de Devoluciones y Reembolsos Resumen Por seguridad en los productos digitales NO se permitir\u00e1n devoluciones ni reembolsos si se ha recibido la licencia y la licencia se ha usado. El producto puede ser devuelto en un plazo m\u00e1ximo de 14 d\u00edas siempre que no haya sido utilizado. Si tiene algun error con la licencia [&hellip;]<\/p>\n","protected":false},"author":1,"featured_media":0,"parent":0,"menu_order":0,"comment_status":"closed","ping_status":"closed","template":"elementor_header_footer","meta":{"inline_featured_image":false,"_joinchat":[],"footnotes":""},"class_list":["post-7223","page","type-page","status-publish","hentry"],"_links":{"self":[{"href":"https:\/\/win10cdkeys.com\/it\/wp-json\/wp\/v2\/pages\/7223","targetHints":{"allow":["GET"]}}],"collection":[{"href":"https:\/\/win10cdkeys.com\/it\/wp-json\/wp\/v2\/pages"}],"about":[{"href":"https:\/\/win10cdkeys.com\/it\/wp-json\/wp\/v2\/types\/page"}],"author":[{"embeddable":true,"href":"https:\/\/win10cdkeys.com\/it\/wp-json\/wp\/v2\/users\/1"}],"replies":[{"embeddable":true,"href":"https:\/\/win10cdkeys.com\/it\/wp-json\/wp\/v2\/comments?post=7223"}],"version-history":[{"count":0,"href":"https:\/\/win10cdkeys.com\/it\/wp-json\/wp\/v2\/pages\/7223\/revisions"}],"wp:attachment":[{"href":"https:\/\/win10cdkeys.com\/it\/wp-json\/wp\/v2\/media?parent=7223"}],"curies":[{"name":"wp","href":"https:\/\/api.w.org\/{rel}","templated":true}]}}