{"id":7789,"date":"2024-05-10T13:33:11","date_gmt":"2024-05-10T11:33:11","guid":{"rendered":"https:\/\/win10cdkeys.com\/?page_id=7789"},"modified":"2024-09-26T09:59:53","modified_gmt":"2024-09-26T07:59:53","slug":"politica-di-pagamento","status":"publish","type":"page","link":"https:\/\/win10cdkeys.com\/it\/payment-policy\/","title":{"rendered":"Politica di pagamento"},"content":{"rendered":"<div data-elementor-type=\"wp-page\" data-elementor-id=\"7789\" class=\"elementor elementor-7789\">\n\t\t\t\t<div class=\"elementor-element elementor-element-39ebdfe0 e-flex e-con-boxed e-con e-parent\" data-id=\"39ebdfe0\" data-element_type=\"container\" data-e-type=\"container\">\n\t\t\t\t\t<div class=\"e-con-inner\">\n\t\t\t\t<div class=\"elementor-element elementor-element-3c78099f elementor-widget elementor-widget-text-editor\" data-id=\"3c78099f\" data-element_type=\"widget\" data-e-type=\"widget\" data-widget_type=\"text-editor.default\">\n\t\t\t\t<div class=\"elementor-widget-container\">\n\t\t\t\t\t\t\t\t\t<h1>Politica di pagamento<\/h1><p>Accettiamo pagamenti attraverso diverse opzioni per garantire la comodit\u00e0 e la sicurezza dei nostri clienti. Prima di effettuare qualsiasi acquisto sul nostro sito, ti chiediamo di leggere attentamente la nostra politica di pagamento.<\/p><h3><strong>Metodi di pagamento:<\/strong><\/h3><ol><li><strong>Carte di credito\/debito:<\/strong> Accettiamo Visa, Mastercard, American Express e le altre principali carte di credito e debito. Tutti i pagamenti con carta vengono elaborati in modo sicuro attraverso il nostro gateway di pagamento.<\/li><li><strong>PayPal:<\/strong> Offriamo anche la possibilit\u00e0 di pagare tramite PayPal, permettendoti di utilizzare i fondi dal tuo conto PayPal o di pagare con una carta di credito\/debito collegata al tuo conto PayPal. PayPal offre un ulteriore livello di sicurezza e protezione per le tue transazioni.<\/li><li><strong>Bonifico bancario:<\/strong> Accettiamo anche pagamenti tramite bonifico bancario diretto sul nostro conto bancario. Tieni presente che l&#039;elaborazione dei bonifici bancari pu\u00f2 richiedere dai 3 ai 5 giorni lavorativi, a seconda della banca mittente e ricevente.<\/li><li><p><strong>GooglePaga:\u00a0<\/strong>Puoi effettuare i tuoi acquisti utilizzando Google Pay, un metodo veloce e sicuro che ti consente di pagare direttamente dal tuo dispositivo mobile o browser. Quando utilizzi Google Pay, i tuoi dati finanziari rimangono protetti tramite livelli di sicurezza avanzati.<\/p><\/li><li><p><strong>ApplePaga:\u00a0<\/strong>Se possiedi un dispositivo Apple puoi scegliere di pagare anche con Apple Pay. Questo metodo ti consente di effettuare pagamenti in modo semplice e sicuro dal tuo iPhone, iPad o Mac, supportato dalle misure di sicurezza avanzate di Apple.<\/p><\/li><\/ol><h3><strong>Processo di pagamento:<\/strong><\/h3><p>Tutti gli ordini verranno elaborati una volta ricevuto il pagamento completo. Ci\u00f2 significa che il tuo ordine non verr\u00e0 spedito finch\u00e9 non avremo confermato la ricezione del pagamento sul nostro conto. Tieni presente che i tempi di elaborazione possono variare a seconda del metodo di pagamento scelto.<\/p><h2>Hai qualche domanda?<\/h2><p>Se hai domande sulla nostra politica puoi contattarci all&#039;indirizzo <a href=\"https:\/\/win10cdkeys.com\/it\/contattaci\/\" target=\"_blank\" rel=\"noopener\">Pagina dei contatti<\/a> o tramite e-mail a <a href=\"mailto:ventas@win10cdkeys.com\">ventas@win10cdkeys.com<\/a><\/p>\t\t\t\t\t\t\t\t<\/div>\n\t\t\t\t<\/div>\n\t\t\t\t\t<\/div>\n\t\t\t\t<\/div>\n\t\t\t\t<\/div>","protected":false},"excerpt":{"rendered":"<p>Pol\u00edtica de Pagos Aceptamos pagos a trav\u00e9s de varias opciones para garantizar la comodidad y la seguridad de nuestros clientes. Antes de realizar cualquier compra en nuestro sitio web, te pedimos que leas detenidamente nuestra pol\u00edtica de pagos. M\u00e9todos de Pago: Tarjetas de Cr\u00e9dito\/D\u00e9bito: Aceptamos tarjetas de cr\u00e9dito y d\u00e9bito Visa, Mastercard, American Express y [&hellip;]<\/p>\n","protected":false},"author":1,"featured_media":0,"parent":0,"menu_order":0,"comment_status":"closed","ping_status":"closed","template":"elementor_header_footer","meta":{"inline_featured_image":false,"_joinchat":[],"footnotes":""},"class_list":["post-7789","page","type-page","status-publish","hentry"],"_links":{"self":[{"href":"https:\/\/win10cdkeys.com\/it\/wp-json\/wp\/v2\/pages\/7789","targetHints":{"allow":["GET"]}}],"collection":[{"href":"https:\/\/win10cdkeys.com\/it\/wp-json\/wp\/v2\/pages"}],"about":[{"href":"https:\/\/win10cdkeys.com\/it\/wp-json\/wp\/v2\/types\/page"}],"author":[{"embeddable":true,"href":"https:\/\/win10cdkeys.com\/it\/wp-json\/wp\/v2\/users\/1"}],"replies":[{"embeddable":true,"href":"https:\/\/win10cdkeys.com\/it\/wp-json\/wp\/v2\/comments?post=7789"}],"version-history":[{"count":0,"href":"https:\/\/win10cdkeys.com\/it\/wp-json\/wp\/v2\/pages\/7789\/revisions"}],"wp:attachment":[{"href":"https:\/\/win10cdkeys.com\/it\/wp-json\/wp\/v2\/media?parent=7789"}],"curies":[{"name":"wp","href":"https:\/\/api.w.org\/{rel}","templated":true}]}}