{"id":7792,"date":"2024-05-10T13:43:41","date_gmt":"2024-05-10T11:43:41","guid":{"rendered":"https:\/\/win10cdkeys.com\/?page_id=7792"},"modified":"2024-09-12T10:30:55","modified_gmt":"2024-09-12T08:30:55","slug":"termini-e-condizioni","status":"publish","type":"page","link":"https:\/\/win10cdkeys.com\/it\/terms-and-cond\/","title":{"rendered":"Termini e Condizioni"},"content":{"rendered":"<div data-elementor-type=\"wp-page\" data-elementor-id=\"7792\" class=\"elementor elementor-7792\">\n\t\t\t\t<div class=\"elementor-element elementor-element-1f9ba7fd e-flex e-con-boxed e-con e-parent\" data-id=\"1f9ba7fd\" data-element_type=\"container\" data-e-type=\"container\">\n\t\t\t\t\t<div class=\"e-con-inner\">\n\t\t\t\t<div class=\"elementor-element elementor-element-248cecf elementor-widget elementor-widget-heading\" data-id=\"248cecf\" data-element_type=\"widget\" data-e-type=\"widget\" data-widget_type=\"heading.default\">\n\t\t\t\t<div class=\"elementor-widget-container\">\n\t\t\t\t\t<h2 class=\"elementor-heading-title elementor-size-default\">Termini e Condizioni<\/h2>\t\t\t\t<\/div>\n\t\t\t\t<\/div>\n\t\t\t\t<div class=\"elementor-element elementor-element-36ec56c1 elementor-widget elementor-widget-text-editor\" data-id=\"36ec56c1\" data-element_type=\"widget\" data-e-type=\"widget\" data-widget_type=\"text-editor.default\">\n\t\t\t\t<div class=\"elementor-widget-container\">\n\t\t\t\t\t\t\t\t\t<p>Accedendo e utilizzando il nostro sito web, l&#039;utente accetta di rispettare e di essere vincolato dai seguenti termini e condizioni d&#039;uso. Se non sei d&#039;accordo con uno qualsiasi di questi termini, ti chiediamo di non utilizzare il nostro sito.<\/p><p><strong>1. Utilizzo del Sito:<\/strong><\/p><p>L&#039;utilizzo di questo sito web \u00e8 soggetto alle seguenti condizioni:<\/p><ul><li>Il contenuto del sito \u00e8 solo per informazione generale e uso personale.<\/li><li>Ci riserviamo il diritto di modificare o ritirare il sito (o parte di esso) senza preavviso.<\/li><\/ul><p><strong>2. Privacy:<\/strong><\/p><p>La tua privacy \u00e8 importante per noi. Leggi il nostro <a href=\"https:\/\/win10cdkeys.com\/it\/politica-sulla-riservatezza\/\">politica sulla riservatezza<\/a> per capire come raccogliamo, utilizziamo e proteggiamo i tuoi dati personali.<\/p><p><strong>3. Pagamenti:<\/strong><\/p><p>Effettuando un acquisto sul nostro sito, accetti i termini del ns <a href=\"https:\/\/win10cdkeys.com\/it\/politica-di-pagamento\/\" target=\"_new\" rel=\"noreferrer noopener\">Politica di pagamento<\/a>, che descrive i metodi di pagamento disponibili e il processo di pagamento.<\/p><p><strong>4. Spedizione:<\/strong><\/p><p>Leggi il nostro <a href=\"https:\/\/win10cdkeys.com\/it\/politica-di-spedizione\/\" target=\"_new\" rel=\"noreferrer noopener\">Politica di spedizione<\/a> per informazioni sui tempi di consegna, sulle modalit\u00e0 di spedizione disponibili e sulle tariffe applicabili.<\/p><p><strong>5. Resi e rimborsi:<\/strong><\/p><p>Controlla il nostro <a href=\"https:\/\/win10cdkeys.com\/it\/rimborsi_resi\/\" target=\"_new\" rel=\"noreferrer noopener\">Politica di ritorno<\/a> comprendere le procedure e le condizioni per la restituzione dei prodotti e la richiesta di rimborso.<\/p><p><strong>6. Modifiche ai Termini:<\/strong><\/p><p>Ci riserviamo il diritto di aggiornare o modificare questi termini in qualsiasi momento senza preavviso. \u00c8 tua responsabilit\u00e0 rivedere periodicamente i termini e le condizioni per essere a conoscenza di eventuali modifiche.<\/p><p><strong>7. Contatto:<\/strong><\/p><p>Se hai domande su questi termini e condizioni, non esitare a farlo <a href=\"https:\/\/win10cdkeys.com\/it\/contattaci\/\" target=\"_new\" rel=\"noreferrer noopener\">contattaci<\/a> oppure scrivi alla nostra email <a href=\"mailto:support@win10cdkeys.com\">support@win10cdkeys.com<\/a><\/p><p>Utilizzando il nostro sito web, accetti integralmente questi termini e condizioni.<\/p>\t\t\t\t\t\t\t\t<\/div>\n\t\t\t\t<\/div>\n\t\t\t\t\t<\/div>\n\t\t\t\t<\/div>\n\t\t\t\t<\/div>","protected":false},"excerpt":{"rendered":"<p>T\u00e9rminos y Condiciones Al acceder y utilizar nuestro sitio web, aceptas cumplir y estar sujeto a los siguientes t\u00e9rminos y condiciones de uso. Si no est\u00e1s de acuerdo con alguno de estos t\u00e9rminos, te pedimos que no utilices nuestro sitio. 1. Uso del Sitio: El uso de este sitio web est\u00e1 sujeto a las siguientes [&hellip;]<\/p>\n","protected":false},"author":1,"featured_media":0,"parent":0,"menu_order":0,"comment_status":"closed","ping_status":"closed","template":"elementor_header_footer","meta":{"inline_featured_image":false,"_joinchat":[],"footnotes":""},"class_list":["post-7792","page","type-page","status-publish","hentry"],"_links":{"self":[{"href":"https:\/\/win10cdkeys.com\/it\/wp-json\/wp\/v2\/pages\/7792","targetHints":{"allow":["GET"]}}],"collection":[{"href":"https:\/\/win10cdkeys.com\/it\/wp-json\/wp\/v2\/pages"}],"about":[{"href":"https:\/\/win10cdkeys.com\/it\/wp-json\/wp\/v2\/types\/page"}],"author":[{"embeddable":true,"href":"https:\/\/win10cdkeys.com\/it\/wp-json\/wp\/v2\/users\/1"}],"replies":[{"embeddable":true,"href":"https:\/\/win10cdkeys.com\/it\/wp-json\/wp\/v2\/comments?post=7792"}],"version-history":[{"count":0,"href":"https:\/\/win10cdkeys.com\/it\/wp-json\/wp\/v2\/pages\/7792\/revisions"}],"wp:attachment":[{"href":"https:\/\/win10cdkeys.com\/it\/wp-json\/wp\/v2\/media?parent=7792"}],"curies":[{"name":"wp","href":"https:\/\/api.w.org\/{rel}","templated":true}]}}