{"id":18247,"date":"2024-11-21T10:27:27","date_gmt":"2024-11-21T09:27:27","guid":{"rendered":"https:\/\/win10cdkeys.com\/?post_type=product&#038;p=18247"},"modified":"2026-04-14T09:55:27","modified_gmt":"2026-04-14T07:55:27","slug":"pacchetto-windows-10-pro-office-2021-pro-plus","status":"publish","type":"product","link":"https:\/\/win10cdkeys.com\/it\/producto\/pack-windows-10-pro-office-2021-pro-plus\/","title":{"rendered":"Pacchetto Windows 10 Pro + Office 2021 Pro Plus"},"content":{"rendered":"<h2>Pacchetto di salvataggio per attivare Windows 10 Pro e Office 2021 Professional Plus<\/h2>\n<p>Esclusivo <strong>pacchetto risparmio<\/strong> che combina gli strumenti essenziali per massimizzare la vostra produttivit\u00e0. Questo pacchetto comprende:<\/p>\n<ul>\n<li><strong>Windows 10 Pro<\/strong>L'ultima versione del sistema operativo Microsoft, progettata per offrire prestazioni ottimali, un'interfaccia moderna e intuitiva e funzioni avanzate di sicurezza e gestione per gli utenti aziendali e professionali. Perfetto per il lavoro quotidiano e l'uso personale.<\/li>\n<li><strong>Office 2021 Professional Plus<\/strong>La suite di produttivit\u00e0 pi\u00f9 completa, che include applicazioni essenziali come Word, Excel, PowerPoint, Outlook, Access e Publisher. Ideale per la gestione dei progetti, la creazione di documenti e la comunicazione efficace.<\/li>\n<\/ul>\n<p>Windows 10 Pro: licenza digitale a 25 cifre per attivare 1 PC. Valido solo per Windows Pro, se si possiede la versione home \u00e8 possibile seguire le seguenti indicazioni <a href=\"https:\/\/win10cdkeys.com\/it\/aggiornare-windows-home-a-pro\/\" target=\"_blank\" rel=\"noopener\">la nostra guida<\/a>.<\/p>\n<p>Office 2021: licenza digitale a 25 cifre per attivare Office su 1 PC. Valida solo per la versione Professional Plus, se non l'avete scaricata, potete scaricarla. <a href=\"https:\/\/officecdn.microsoft.com\/db\/492350f6-3a01-4f97-b9c0-c7c6ddf67d60\/media\/it-it\/ProPlus2021Retail.img\" target=\"_blank\" rel=\"noopener\">da qui<\/a>. Office 2021 include la suite Office completa per PC Windows: Word, Excel, PowerPoint, Outlook, Publisher, Access e OneNote.<\/p>\n<p>Con la licenza di Windows di tipo \"Online\", la chiave viene collegata in modo permanente al vostro PC in modo semplice e veloce.<\/p>","protected":false},"excerpt":{"rendered":"<p>Pack de ahorro para activar Windows 10 Pro y Office 2021 Professional Plus Exclusivo pack de ahorro que combina las herramientas esenciales para maximizar tu productividad. Este paquete incluye: Windows 10 Pro: La \u00faltima versi\u00f3n del sistema operativo de Microsoft, dise\u00f1ado para ofrecer un rendimiento \u00f3ptimo, una interfaz moderna e intuitiva, y caracter\u00edsticas avanzadas de [&hellip;]<\/p>\n","protected":false},"featured_media":37622,"comment_status":"closed","ping_status":"closed","template":"","meta":{"inline_featured_image":false,"_joinchat":[]},"product_brand":[],"product_cat":[86],"product_tag":[],"class_list":{"0":"post-18247","1":"product","2":"type-product","3":"status-publish","4":"has-post-thumbnail","6":"product_cat-packs-ahorro","7":"product_shipping_class-envio-instantaneo-digital","9":"first","10":"instock","11":"sale","12":"virtual","13":"sold-individually","14":"taxable","15":"purchasable","16":"product-type-woosb"},"_links":{"self":[{"href":"https:\/\/win10cdkeys.com\/it\/wp-json\/wp\/v2\/product\/18247","targetHints":{"allow":["GET"]}}],"collection":[{"href":"https:\/\/win10cdkeys.com\/it\/wp-json\/wp\/v2\/product"}],"about":[{"href":"https:\/\/win10cdkeys.com\/it\/wp-json\/wp\/v2\/types\/product"}],"replies":[{"embeddable":true,"href":"https:\/\/win10cdkeys.com\/it\/wp-json\/wp\/v2\/comments?post=18247"}],"wp:featuredmedia":[{"embeddable":true,"href":"https:\/\/win10cdkeys.com\/it\/wp-json\/wp\/v2\/media\/37622"}],"wp:attachment":[{"href":"https:\/\/win10cdkeys.com\/it\/wp-json\/wp\/v2\/media?parent=18247"}],"wp:term":[{"taxonomy":"product_brand","embeddable":true,"href":"https:\/\/win10cdkeys.com\/it\/wp-json\/wp\/v2\/product_brand?post=18247"},{"taxonomy":"product_cat","embeddable":true,"href":"https:\/\/win10cdkeys.com\/it\/wp-json\/wp\/v2\/product_cat?post=18247"},{"taxonomy":"product_tag","embeddable":true,"href":"https:\/\/win10cdkeys.com\/it\/wp-json\/wp\/v2\/product_tag?post=18247"}],"curies":[{"name":"wp","href":"https:\/\/api.w.org\/{rel}","templated":true}]}}