{"id":3044,"date":"2022-04-28T19:42:45","date_gmt":"2022-04-28T17:42:45","guid":{"rendered":"https:\/\/win10cdkeys.com\/?post_type=product&#038;p=3044"},"modified":"2026-02-01T11:42:31","modified_gmt":"2026-02-01T10:42:31","slug":"office-2021-pro-plus-key-bind","status":"publish","type":"product","link":"https:\/\/win10cdkeys.com\/it\/producto\/office-2021-pro-plus-key-bind\/","title":{"rendered":"Chiave di licenza di Office 2021 Pro Plus (BIND)"},"content":{"rendered":"<blockquote>\n<h2>Licenza Microsoft Office 2021 Pro Plus ad attivazione rapida per PC (Windows)<\/h2>\n<\/blockquote>\n<h3>Chiave Office 2021 Bind Professional Plus<\/h3>\n<ul>\n<li>Facile installazione e attivazione tramite <a href=\"https:\/\/setup.office.com\" target=\"_blank\" rel=\"noopener\">la pagina Microsoft.<\/a><\/li>\n<li>La licenza \"Bind\", la chiave \u00e8 collegata al vostro account Office, in modo da non doverla reinserire, e con la possibilit\u00e0 di scaricare Office dal vostro account quando ne avete bisogno.<\/li>\n<li>Include la suite Office completa per PC Windows: <b>Word, Excel, PowerPoint, Outlook, Publisher, Access e OneNote.<\/b><\/li>\n<li>La chiave \u00e8 <strong>attivazione permanente<\/strong> una volta attivato non verr\u00e0 disattivato e potrai avere Office 2021 su quel PC per sempre.<\/li>\n<li><strong>La chiave \u00e8 compatibile con Windows 10\/Windows 11<\/strong><\/li>\n<\/ul>\n<h4>Perch\u00e9 scegliere Win10cdkeys?<\/h4>\n<p>Win10cdkeys offre le migliori chiavi di licenza a un costo molto basso con un servizio clienti 24 ore su 24, 7 giorni su 7 per risolvere domande ed errori. Win10cdkeys ha una valutazione di <a href=\"https:\/\/es.trustpilot.com\/review\/win10cdkeys.com\" target=\"_blank\" rel=\"noopener\">4.8 su Trustpilot<\/a> con il 100% di recensioni positive.<br \/>\nSe effettui l&#039;ordine con noi riceverai immediatamente una licenza via e-mail che potrai copiare e incollare sul sito ufficiale.<\/p>\n<p>&nbsp;<\/p>\n<p>Pagamenti veloci e sicuri tramite PayPal, Carta, Bizum o Bonifico Bancario. Per maggiori informazioni con risposta rapida contattare tramite WhatsApp.<\/p>","protected":false},"excerpt":{"rendered":"<p>Licencia de Microsoft Office 2021 Pro Plus para PC (Windows) de activaci\u00f3n r\u00e1pida Office 2021 Bind Professional Plus Key F\u00e1cil instalaci\u00f3n y activaci\u00f3n a trav\u00e9s de la p\u00e1gina de Microsoft. Licencia de tipo \u00abBind\u00bb, la clave se vincula a tu cuenta de Office para no tener que volver a introducirla y con la opci\u00f3n de [&hellip;]<\/p>\n","protected":false},"featured_media":3045,"comment_status":"closed","ping_status":"closed","template":"","meta":{"inline_featured_image":false,"_joinchat":[]},"product_brand":[],"product_cat":[18,17,20,71],"product_tag":[],"class_list":{"0":"post-3044","1":"product","2":"type-product","3":"status-publish","4":"has-post-thumbnail","6":"product_cat-licencias-digitales","7":"product_cat-microsoft","8":"product_cat-office","9":"product_cat-office-2021","10":"product_shipping_class-envio-instantaneo-digital","12":"first","13":"outofstock","14":"sale","15":"virtual","16":"taxable","17":"purchasable","18":"product-type-simple"},"_links":{"self":[{"href":"https:\/\/win10cdkeys.com\/it\/wp-json\/wp\/v2\/product\/3044","targetHints":{"allow":["GET"]}}],"collection":[{"href":"https:\/\/win10cdkeys.com\/it\/wp-json\/wp\/v2\/product"}],"about":[{"href":"https:\/\/win10cdkeys.com\/it\/wp-json\/wp\/v2\/types\/product"}],"replies":[{"embeddable":true,"href":"https:\/\/win10cdkeys.com\/it\/wp-json\/wp\/v2\/comments?post=3044"}],"wp:featuredmedia":[{"embeddable":true,"href":"https:\/\/win10cdkeys.com\/it\/wp-json\/wp\/v2\/media\/3045"}],"wp:attachment":[{"href":"https:\/\/win10cdkeys.com\/it\/wp-json\/wp\/v2\/media?parent=3044"}],"wp:term":[{"taxonomy":"product_brand","embeddable":true,"href":"https:\/\/win10cdkeys.com\/it\/wp-json\/wp\/v2\/product_brand?post=3044"},{"taxonomy":"product_cat","embeddable":true,"href":"https:\/\/win10cdkeys.com\/it\/wp-json\/wp\/v2\/product_cat?post=3044"},{"taxonomy":"product_tag","embeddable":true,"href":"https:\/\/win10cdkeys.com\/it\/wp-json\/wp\/v2\/product_tag?post=3044"}],"curies":[{"name":"wp","href":"https:\/\/api.w.org\/{rel}","templated":true}]}}