{"id":3081,"date":"2022-05-03T18:10:51","date_gmt":"2022-05-03T16:10:51","guid":{"rendered":"https:\/\/win10cdkeys.com\/?post_type=product&#038;p=3081"},"modified":"2026-04-18T17:48:27","modified_gmt":"2026-04-18T15:48:27","slug":"office-2019-pro-plus-associazione-dei-tasti","status":"publish","type":"product","link":"https:\/\/win10cdkeys.com\/it\/producto\/office-2019-pro-plus-key-bind\/","title":{"rendered":"Chiave di licenza di Office 2019 Pro Plus (BIND)"},"content":{"rendered":"<blockquote>\n<h2>Licenza Microsoft Office 2019 Pro Plus ad attivazione rapida per PC (Windows)<\/h2>\n<\/blockquote>\n<h3>Chiave di Office 2019 Bind Professional Plus<\/h3>\n<ul>\n<li>Facile installazione e attivazione tramite <a href=\"https:\/\/setup.office.com\" target=\"_blank\" rel=\"noopener\">la pagina Microsoft.<\/a><\/li>\n<li>La licenza \"Bind\", la chiave \u00e8 collegata al vostro account Office, in modo da non doverla reinserire, e con la possibilit\u00e0 di scaricare Office dal vostro account quando ne avete bisogno.<\/li>\n<li>Include la suite Office completa per PC Windows: <b>Word, Excel, PowerPoint, Outlook, Publisher, Access e OneNote e Skype for Business.<\/b><\/li>\n<li>La chiave \u00e8 <strong>attivazione permanente<\/strong> una volta attivato non verr\u00e0 disattivato e potrai avere Office 2019 su quel PC per sempre.<\/li>\n<li><strong>La chiave \u00e8 compatibile con Windows 10\/Windows 11<\/strong><\/li>\n<\/ul>\n<h4>Perch\u00e9 scegliere Win10cdkeys?<\/h4>\n<p>Win10cdkeys offre le migliori chiavi di licenza a un costo molto basso con un servizio clienti 24 ore su 24, 7 giorni su 7 per risolvere domande ed errori. Win10cdkeys ha una valutazione di 4,7 su Trustpilot con 100% recensioni positive.<br \/>\nSe effettui l&#039;ordine con noi riceverai immediatamente una licenza via e-mail che potrai copiare e incollare sul sito ufficiale, puoi seguire la nostra guida all&#039;installazione <a href=\"https:\/\/win10cdkeys.com\/it\/scarica-office-2021\/\">https:\/\/win10cdkeys.com\/descargar-office-2021\/<\/a><\/p>\n<p>&nbsp;<\/p>\n<h4>Office 2019 non \u00e8 disponibile?<\/h4>\n<p>Abbiamo anche Office 2021 Pro Plus (Bind).<br \/>\n<strong><a href=\"https:\/\/win10cdkeys.com\/it\/prodotto\/office-2021-pro-plus-key-bind\/\">Fare clic qui per vedere Office 2021.<\/a><\/strong><\/p>\n<p>Pagamenti veloci e sicuri tramite PayPal, Carta, Bizum o Bonifico Bancario. Per maggiori informazioni con risposta rapida contattare tramite WhatsApp.<\/p>","protected":false},"excerpt":{"rendered":"<p>Licencia de Microsoft Office 2019 Pro Plus para PC (Windows) de activaci\u00f3n r\u00e1pida Office 2019 Bind Professional Plus Key F\u00e1cil instalaci\u00f3n y activaci\u00f3n a trav\u00e9s de la p\u00e1gina de Microsoft. Licencia de tipo \u00abBind\u00bb, la clave se vincula a tu cuenta de Office para no tener que volver a introducirla y con la opci\u00f3n de [&hellip;]<\/p>\n","protected":false},"featured_media":3082,"comment_status":"closed","ping_status":"closed","template":"","meta":{"inline_featured_image":false,"_joinchat":[]},"product_brand":[],"product_cat":[18,17,20,72],"product_tag":[],"class_list":{"0":"post-3081","1":"product","2":"type-product","3":"status-publish","4":"has-post-thumbnail","6":"product_cat-licencias-digitales","7":"product_cat-microsoft","8":"product_cat-office","9":"product_cat-office-2019","11":"first","12":"outofstock","13":"sale","14":"virtual","15":"taxable","16":"purchasable","17":"product-type-simple"},"_links":{"self":[{"href":"https:\/\/win10cdkeys.com\/it\/wp-json\/wp\/v2\/product\/3081","targetHints":{"allow":["GET"]}}],"collection":[{"href":"https:\/\/win10cdkeys.com\/it\/wp-json\/wp\/v2\/product"}],"about":[{"href":"https:\/\/win10cdkeys.com\/it\/wp-json\/wp\/v2\/types\/product"}],"replies":[{"embeddable":true,"href":"https:\/\/win10cdkeys.com\/it\/wp-json\/wp\/v2\/comments?post=3081"}],"wp:featuredmedia":[{"embeddable":true,"href":"https:\/\/win10cdkeys.com\/it\/wp-json\/wp\/v2\/media\/3082"}],"wp:attachment":[{"href":"https:\/\/win10cdkeys.com\/it\/wp-json\/wp\/v2\/media?parent=3081"}],"wp:term":[{"taxonomy":"product_brand","embeddable":true,"href":"https:\/\/win10cdkeys.com\/it\/wp-json\/wp\/v2\/product_brand?post=3081"},{"taxonomy":"product_cat","embeddable":true,"href":"https:\/\/win10cdkeys.com\/it\/wp-json\/wp\/v2\/product_cat?post=3081"},{"taxonomy":"product_tag","embeddable":true,"href":"https:\/\/win10cdkeys.com\/it\/wp-json\/wp\/v2\/product_tag?post=3081"}],"curies":[{"name":"wp","href":"https:\/\/api.w.org\/{rel}","templated":true}]}}