{"id":3158,"date":"2022-05-31T23:14:28","date_gmt":"2022-05-31T21:14:28","guid":{"rendered":"https:\/\/win10cdkeys.com\/?post_type=product&#038;p=3158"},"modified":"2026-04-18T21:15:04","modified_gmt":"2026-04-18T19:15:04","slug":"windows-10-home-key","status":"publish","type":"product","link":"https:\/\/win10cdkeys.com\/it\/producto\/windows-10-home-key\/","title":{"rendered":"Chiave Windows 10 HOME OEM"},"content":{"rendered":"<h2>Licenza Windows 10 Home Oem 32\/64 bit<\/h2>\n<p>Attivate il vostro computer con Windows 10 Home, la versione pi\u00f9 aggiornata del sistema operativo di Microsoft. Con questa licenza OEM autentica, otterrete tutte le funzionalit\u00e0 di Windows 10 Home.<\/p>\n<h3>Windows 10 Home Caratteristiche principali<\/h3>\n<p><strong>Licenza permanente e originale: <\/strong>Una volta attivata, la chiave \u00e8 valida a vita per il dispositivo. La licenza \u00e8 valida <strong>SOLO per 1 squadra.<\/strong><\/p>\n<p><strong>Compatibilit\u00e0: <\/strong><span style=\"font-size: 16px;\">Compatibile <strong>esclusivamente con Windows 10 Home<\/strong> nelle versioni a 32 e 64 bit. Per Windows Pro acquistare <a href=\"https:\/\/win10cdkeys.com\/it\/prodotto\/windows-10-pro-key\/\" target=\"_blank\" rel=\"noopener\">Chiave di Windows 10 Pro<\/a>.<\/span><\/p>\n<p><strong>Attivazione facile e veloce: <\/strong><span style=\"font-size: 16px;\">\u00c8 sufficiente copiare e incollare la chiave nelle impostazioni del sistema. Riceverete una licenza digitale di 25 caratteri.<\/span><\/p>\n<p><strong>Download ufficiale: <\/strong><span style=\"font-size: 16px;\">Per garantire un'installazione sicura e aggiornata, prelevate il sistema dal sito web di Microsoft. <\/span><a style=\"font-size: 16px;\" href=\"https:\/\/www.microsoft.com\/it-it\/software-download\/windows10\" target=\"_blank\" rel=\"noopener\">Scaricare Windows 10.<\/a><\/p>\n<p><strong>Licenza di tipo OEM: <\/strong>Questa chiave proviene da <strong>Tipo OEM<\/strong>Queste licenze sono utilizzate dai rivenditori e possono essere collegate a un solo PC.<\/p>\n<p><strong>Disponibile anche Microsoft Office 2021: <\/strong><span style=\"font-size: 16px;\">Completate il vostro sistema con la suite per ufficio pi\u00f9 completa. Consultate le nostre offerte e i nostri pacchetti di <\/span><a style=\"font-size: 16px;\" href=\"https:\/\/win10cdkeys.com\/it\/prodotto\/office-2021-pro-plus-key\/\" target=\"_blank\" rel=\"noopener\">Microsoft Office 2021<\/a><span style=\"font-size: 16px;\">.<\/span><\/p>\n<p><strong>Windows 11 disponibile: <\/strong>Per questo prodotto \u00e8 disponibile la nuova versione di Microsoft Windows, <a href=\"https:\/\/win10cdkeys.com\/it\/prodotto\/windows-11-home-key\/\" target=\"_blank\" rel=\"noopener\">Windows 11 Home<\/a>.<\/p>","protected":false},"excerpt":{"rendered":"<p>Licencia Windows 10 Home Oem 32\/64 bits Activa tu equipo con Windows 10 Home, la versi\u00f3n m\u00e1s actualizada del sistema operativo de Microsoft. Con esta licencia original de tipo OEM, obtendr\u00e1s todas las funcionalidades de Windows 10 Home. Caracter\u00edsticas de Windows 10 Home Key Licencia Permanente y Original: Una vez activada, la clave es v\u00e1lida [&hellip;]<\/p>\n","protected":false},"featured_media":7295,"comment_status":"closed","ping_status":"closed","template":"","meta":{"inline_featured_image":false,"_joinchat":[]},"product_brand":[],"product_cat":[18,17,19,69],"product_tag":[],"class_list":{"0":"post-3158","1":"product","2":"type-product","3":"status-publish","4":"has-post-thumbnail","6":"product_cat-licencias-digitales","7":"product_cat-microsoft","8":"product_cat-windows","9":"product_cat-windows-10","10":"product_shipping_class-envio-instantaneo-digital","12":"first","13":"instock","14":"sale","15":"virtual","16":"taxable","17":"purchasable","18":"product-type-simple"},"_links":{"self":[{"href":"https:\/\/win10cdkeys.com\/it\/wp-json\/wp\/v2\/product\/3158","targetHints":{"allow":["GET"]}}],"collection":[{"href":"https:\/\/win10cdkeys.com\/it\/wp-json\/wp\/v2\/product"}],"about":[{"href":"https:\/\/win10cdkeys.com\/it\/wp-json\/wp\/v2\/types\/product"}],"replies":[{"embeddable":true,"href":"https:\/\/win10cdkeys.com\/it\/wp-json\/wp\/v2\/comments?post=3158"}],"wp:featuredmedia":[{"embeddable":true,"href":"https:\/\/win10cdkeys.com\/it\/wp-json\/wp\/v2\/media\/7295"}],"wp:attachment":[{"href":"https:\/\/win10cdkeys.com\/it\/wp-json\/wp\/v2\/media?parent=3158"}],"wp:term":[{"taxonomy":"product_brand","embeddable":true,"href":"https:\/\/win10cdkeys.com\/it\/wp-json\/wp\/v2\/product_brand?post=3158"},{"taxonomy":"product_cat","embeddable":true,"href":"https:\/\/win10cdkeys.com\/it\/wp-json\/wp\/v2\/product_cat?post=3158"},{"taxonomy":"product_tag","embeddable":true,"href":"https:\/\/win10cdkeys.com\/it\/wp-json\/wp\/v2\/product_tag?post=3158"}],"curies":[{"name":"wp","href":"https:\/\/api.w.org\/{rel}","templated":true}]}}