{"id":3165,"date":"2022-05-31T23:19:41","date_gmt":"2022-05-31T21:19:41","guid":{"rendered":"https:\/\/win10cdkeys.com\/?post_type=product&#038;p=3165"},"modified":"2026-01-05T01:07:15","modified_gmt":"2026-01-05T00:07:15","slug":"telefono-office-2021-pro-plus","status":"publish","type":"product","link":"https:\/\/win10cdkeys.com\/it\/producto\/office-2021-pro-plus-phone\/","title":{"rendered":"Office 2021 Pro Plus \u2013 Attivazione telefonica"},"content":{"rendered":"<h3>Licenza Microsoft Office 2021 Pro Plus per PC (Windows) Attivazione telefonica<\/h3>\n<ul>\n<li>Scarica da <a href=\"https:\/\/officecdn.microsoft.com\/db\/492350F6-3A01-4F97-B9C0-C7C6DDF67D60\/media\/es-ES\/ProPlus2021Retail.img\" target=\"_blank\" rel=\"noopener\">questo collegamento,<\/a> montare l&#039;ISO (fare clic con il tasto destro, monta) ed eseguire l&#039;installazione.<\/li>\n<li>Licenza di tipo telefonico (tasto telefono), \u00e8 necessario chiamare e completare alcuni passaggi una volta effettuato l&#039;accesso.<\/li>\n<li>Include la suite Office completa per PC Windows: <b>Word, Excel, PowerPoint, Outlook, Publisher, Access e OneNote.<\/b><\/li>\n<li>La chiave \u00e8 <strong>attivazione permanente<\/strong> una volta attivato non verr\u00e0 disattivato e potrai avere Office 2021 su quel PC per sempre.<\/li>\n<li><strong>La chiave \u00e8 compatibile con Windows 10\/Windows 11<\/strong><\/li>\n<\/ul>\n<p>Pagamenti veloci e sicuri, per maggiori informazioni con risposta rapida contattare tramite WhatsApp.<\/p>\n<p>&nbsp;<\/p>","protected":false},"excerpt":{"rendered":"<p>Licencia de Microsoft Office 2021 Pro Plus para PC (Windows) de activaci\u00f3n telef\u00f3nica Descarga desde este enlace, monte la ISO (click derecho, montar) y ejecute el setup. Licencia de tipo telef\u00f3nica (phone key), debe de llamar y realizar unos pasos una vez acceda. Incluye la suite completa de Office para PC Windows: Word, Excel, PowerPoint, [&hellip;]<\/p>\n","protected":false},"featured_media":3166,"comment_status":"closed","ping_status":"closed","template":"","meta":{"inline_featured_image":false,"_joinchat":[]},"product_brand":[],"product_cat":[18,17,20,71],"product_tag":[],"class_list":{"0":"post-3165","1":"product","2":"type-product","3":"status-publish","4":"has-post-thumbnail","6":"product_cat-licencias-digitales","7":"product_cat-microsoft","8":"product_cat-office","9":"product_cat-office-2021","10":"product_shipping_class-envio-instantaneo-digital","12":"first","13":"outofstock","14":"sale","15":"virtual","16":"taxable","17":"purchasable","18":"product-type-simple"},"_links":{"self":[{"href":"https:\/\/win10cdkeys.com\/it\/wp-json\/wp\/v2\/product\/3165","targetHints":{"allow":["GET"]}}],"collection":[{"href":"https:\/\/win10cdkeys.com\/it\/wp-json\/wp\/v2\/product"}],"about":[{"href":"https:\/\/win10cdkeys.com\/it\/wp-json\/wp\/v2\/types\/product"}],"replies":[{"embeddable":true,"href":"https:\/\/win10cdkeys.com\/it\/wp-json\/wp\/v2\/comments?post=3165"}],"wp:featuredmedia":[{"embeddable":true,"href":"https:\/\/win10cdkeys.com\/it\/wp-json\/wp\/v2\/media\/3166"}],"wp:attachment":[{"href":"https:\/\/win10cdkeys.com\/it\/wp-json\/wp\/v2\/media?parent=3165"}],"wp:term":[{"taxonomy":"product_brand","embeddable":true,"href":"https:\/\/win10cdkeys.com\/it\/wp-json\/wp\/v2\/product_brand?post=3165"},{"taxonomy":"product_cat","embeddable":true,"href":"https:\/\/win10cdkeys.com\/it\/wp-json\/wp\/v2\/product_cat?post=3165"},{"taxonomy":"product_tag","embeddable":true,"href":"https:\/\/win10cdkeys.com\/it\/wp-json\/wp\/v2\/product_tag?post=3165"}],"curies":[{"name":"wp","href":"https:\/\/api.w.org\/{rel}","templated":true}]}}