{"id":3272,"date":"2022-10-20T20:00:07","date_gmt":"2022-10-20T18:00:07","guid":{"rendered":"https:\/\/win10cdkeys.com\/?post_type=product&#038;p=3272"},"modified":"2026-04-16T22:55:05","modified_gmt":"2026-04-16T20:55:05","slug":"office-2021-pro-plus-key","status":"publish","type":"product","link":"https:\/\/win10cdkeys.com\/it\/producto\/office-2021-pro-plus-key\/","title":{"rendered":"Microsoft Office 2021 Professional Plus Licenza"},"content":{"rendered":"<h3>Licenza Microsoft Office 2021 Professional Plus per PC (Windows)<\/h3>\n<h3>Licenza Office 2021 Pro Plus.<\/h3>\n<ul>\n<li>Installazione e attivazione facili, scarica da <a href=\"https:\/\/officecdn.microsoft.com\/db\/492350f6-3a01-4f97-b9c0-c7c6ddf67d60\/media\/it-it\/ProPlus2021Retail.img\" target=\"_blank\" rel=\"noopener\">questo collegamento.<\/a><\/li>\n<li>Licenza Office 2021, la chiave si attiva sul PC dove viene facilmente inserita e attivata.<\/li>\n<li>Include la suite Office completa per PC Windows: <b>Word, Excel, PowerPoint, Outlook, Publisher, Access e OneNote.<\/b><\/li>\n<li>La chiave \u00e8 <strong>attivazione permanente<\/strong> una volta attivato non verr\u00e0 disattivato e potrai avere Office 2021 su quel PC per sempre.<\/li>\n<li><strong>La chiave \u00e8 compatibile con Windows 10\/Windows 11.<\/strong><\/li>\n<li>La licenza Office 2021 viene inviata tramite Email e apparir\u00e0 nella sezione &quot;Il mio account&quot; una volta completato l&#039;ordine.<\/li>\n<li>La licenza \u00e8 solo per uso singolo.<\/li>\n<li><a href=\"https:\/\/win10cdkeys.com\/it\/prodotto\/windows-10-pro-key\/\">Per attivare Windows 10.<\/a><\/li>\n<li><a href=\"https:\/\/win10cdkeys.com\/it\/prodotto\/windows-11-pro-key\/\">Per attivare Windows 11.<\/a><\/li>\n<\/ul>\n<h4>Cosa include Office 2021 Professional Plus?<\/h4>\n<p>Include i principali programmi Microsoft Office: Word, Excel, PowerPoint, Outlook, Access, Publisher.<\/p>\n<h4>Qual \u00e8 la differenza tra Office 2021 Pro Plus e Office 365?<\/h4>\n<p>Office 365 funziona in abbonamento, \u00e8 necessario rinnovare la licenza ogni anno. Office 2021 \u00e8 una licenza una tantum, senza costi o abbonamenti. Perfetto per attivare un computer per il lavoro, lo studio o l&#039;uso domestico.<\/p>\n<h4>Come installare Office 2021 Pro Plus?<\/h4>\n<p>Per installare Office 2021, scarica il collegamento dal sito ufficiale Microsoft:<br \/>\n<a href=\"https:\/\/officecdn.microsoft.com\/db\/492350f6-3a01-4f97-b9c0-c7c6ddf67d60\/media\/it-it\/ProPlus2021Retail.img\" target=\"_blank\" rel=\"noopener\">Link per scaricare Microsoft Office 2021<\/a><\/p>\n<p>Una volta scaricato, apri il file .img ed esegui l&#039;installer (setup), una volta installato apri un qualsiasi programma (ad esempio word) e inserisci la licenza che hai acquistato.<\/p>\n<h4>Perch\u00e9 scegliere Win10cdkeys?<\/h4>\n<p>Win10cdkeys offre le migliori chiavi di licenza a un costo molto basso con un servizio clienti 24 ore su 24, 7 giorni su 7 per risolvere domande ed errori. Win10cdkeys ha una valutazione di <a href=\"https:\/\/es.trustpilot.com\/review\/win10cdkeys.com\" target=\"_blank\" rel=\"noopener\">4.9 su Trustpilot<\/a> con il 100% di recensioni positive.<\/p>\n<p>Se ordini da noi riceverai immediatamente una licenza via e-mail che potrai copiare e incollare nel software ufficiale, puoi seguire la nostra guida di installazione.<\/p>\n<p>&nbsp;<\/p>\n<p style=\"text-align: left;\">","protected":false},"excerpt":{"rendered":"<p>Licencia de Microsoft Office 2021 Professional Plus para PC (Windows) Microsoft Office 2021 Pro Plus key. F\u00e1cil instalaci\u00f3n y activaci\u00f3n, descarga desde este enlace. Licencia de Office 2021, la clave se activa al PC en el que se introduce y se activa f\u00e1cilmente. Incluye la suite completa de Office para PC Windows: Word, Excel, PowerPoint, [&hellip;]<\/p>\n","protected":false},"featured_media":41118,"comment_status":"closed","ping_status":"closed","template":"","meta":{"inline_featured_image":false,"_joinchat":[]},"product_brand":[],"product_cat":[18,17,20,71],"product_tag":[],"class_list":{"0":"post-3272","1":"product","2":"type-product","3":"status-publish","4":"has-post-thumbnail","6":"product_cat-licencias-digitales","7":"product_cat-microsoft","8":"product_cat-office","9":"product_cat-office-2021","10":"product_shipping_class-envio-instantaneo-digital","12":"first","13":"instock","14":"sale","15":"featured","16":"virtual","17":"sold-individually","18":"taxable","19":"purchasable","20":"product-type-simple"},"_links":{"self":[{"href":"https:\/\/win10cdkeys.com\/it\/wp-json\/wp\/v2\/product\/3272","targetHints":{"allow":["GET"]}}],"collection":[{"href":"https:\/\/win10cdkeys.com\/it\/wp-json\/wp\/v2\/product"}],"about":[{"href":"https:\/\/win10cdkeys.com\/it\/wp-json\/wp\/v2\/types\/product"}],"replies":[{"embeddable":true,"href":"https:\/\/win10cdkeys.com\/it\/wp-json\/wp\/v2\/comments?post=3272"}],"wp:featuredmedia":[{"embeddable":true,"href":"https:\/\/win10cdkeys.com\/it\/wp-json\/wp\/v2\/media\/41118"}],"wp:attachment":[{"href":"https:\/\/win10cdkeys.com\/it\/wp-json\/wp\/v2\/media?parent=3272"}],"wp:term":[{"taxonomy":"product_brand","embeddable":true,"href":"https:\/\/win10cdkeys.com\/it\/wp-json\/wp\/v2\/product_brand?post=3272"},{"taxonomy":"product_cat","embeddable":true,"href":"https:\/\/win10cdkeys.com\/it\/wp-json\/wp\/v2\/product_cat?post=3272"},{"taxonomy":"product_tag","embeddable":true,"href":"https:\/\/win10cdkeys.com\/it\/wp-json\/wp\/v2\/product_tag?post=3272"}],"curies":[{"name":"wp","href":"https:\/\/api.w.org\/{rel}","templated":true}]}}