{"id":3966,"date":"2023-11-25T12:24:10","date_gmt":"2023-11-25T11:24:10","guid":{"rendered":"https:\/\/win10cdkeys.com\/?post_type=product&#038;p=3966"},"modified":"2025-08-30T11:13:24","modified_gmt":"2025-08-30T09:13:24","slug":"office-2019-per-mac-home-e-business-vincolante-per-lattivazione-online","status":"publish","type":"product","link":"https:\/\/win10cdkeys.com\/it\/producto\/office-2019-para-mac-home-and-bussines-activacion-online-bind\/","title":{"rendered":"Attivazione online di Office 2019 per Mac Home e Business (Bind)"},"content":{"rendered":"<blockquote><p>Attivazione online rapida Licenza Microsoft Office 2019 Home and Business per Mac (MacOs).<\/p><\/blockquote>\n<ul>\n<li>Facile installazione e attivazione tramite <a href=\"https:\/\/setup.office.com\" target=\"_blank\" rel=\"noopener\">la pagina Microsoft.<\/a><\/li>\n<li>La licenza \"Bind\", la chiave \u00e8 collegata al vostro account Office, in modo da non doverla reinserire, e con la possibilit\u00e0 di scaricare Office dal vostro account quando ne avete bisogno.<\/li>\n<li>Include la suite Office completa per PC Mac: <b>Word, Excel, PowerPoint, Outlook.<\/b><\/li>\n<li>La chiave \u00e8 <strong>attivazione permanente<\/strong> una volta attivato non verr\u00e0 disattivato e potrai avere Office 2019 su quel Mac per sempre.<\/li>\n<li><strong>La chiave \u00e8 compatibile con MacOs.<\/strong><\/li>\n<\/ul>\n<p>Pagamenti veloci e sicuri, per maggiori informazioni con risposta rapida contattare tramite WhatsApp.<\/p>\n<p>&nbsp;<\/p>","protected":false},"excerpt":{"rendered":"<p>Licencia de Microsoft Office 2019 Home and Business para Mac (MacOs) de activaci\u00f3n r\u00e1pida online F\u00e1cil instalaci\u00f3n y activaci\u00f3n a trav\u00e9s de la p\u00e1gina de Microsoft. Licencia de tipo \u00abBind\u00bb, la clave se vincula a tu cuenta de Office para no tener que volver a introducirla y con la opci\u00f3n de descargar Office desde tu [&hellip;]<\/p>\n","protected":false},"featured_media":3967,"comment_status":"closed","ping_status":"closed","template":"","meta":{"inline_featured_image":false,"_joinchat":[]},"product_brand":[],"product_cat":[18,17,20],"product_tag":[],"class_list":{"0":"post-3966","1":"product","2":"type-product","3":"status-publish","4":"has-post-thumbnail","6":"product_cat-licencias-digitales","7":"product_cat-microsoft","8":"product_cat-office","10":"first","11":"outofstock","12":"virtual","13":"taxable","14":"purchasable","15":"product-type-simple"},"_links":{"self":[{"href":"https:\/\/win10cdkeys.com\/it\/wp-json\/wp\/v2\/product\/3966","targetHints":{"allow":["GET"]}}],"collection":[{"href":"https:\/\/win10cdkeys.com\/it\/wp-json\/wp\/v2\/product"}],"about":[{"href":"https:\/\/win10cdkeys.com\/it\/wp-json\/wp\/v2\/types\/product"}],"replies":[{"embeddable":true,"href":"https:\/\/win10cdkeys.com\/it\/wp-json\/wp\/v2\/comments?post=3966"}],"wp:featuredmedia":[{"embeddable":true,"href":"https:\/\/win10cdkeys.com\/it\/wp-json\/wp\/v2\/media\/3967"}],"wp:attachment":[{"href":"https:\/\/win10cdkeys.com\/it\/wp-json\/wp\/v2\/media?parent=3966"}],"wp:term":[{"taxonomy":"product_brand","embeddable":true,"href":"https:\/\/win10cdkeys.com\/it\/wp-json\/wp\/v2\/product_brand?post=3966"},{"taxonomy":"product_cat","embeddable":true,"href":"https:\/\/win10cdkeys.com\/it\/wp-json\/wp\/v2\/product_cat?post=3966"},{"taxonomy":"product_tag","embeddable":true,"href":"https:\/\/win10cdkeys.com\/it\/wp-json\/wp\/v2\/product_tag?post=3966"}],"curies":[{"name":"wp","href":"https:\/\/api.w.org\/{rel}","templated":true}]}}