{"id":7792,"date":"2024-05-10T13:43:41","date_gmt":"2024-05-10T11:43:41","guid":{"rendered":"https:\/\/win10cdkeys.com\/?page_id=7792"},"modified":"2024-09-12T10:30:55","modified_gmt":"2024-09-12T08:30:55","slug":"voorwaarden-en-condities","status":"publish","type":"page","link":"https:\/\/win10cdkeys.com\/nl\/terms-and-cond\/","title":{"rendered":"Algemene voorwaarden"},"content":{"rendered":"<div data-elementor-type=\"wp-page\" data-elementor-id=\"7792\" class=\"elementor elementor-7792\">\n\t\t\t\t<div class=\"elementor-element elementor-element-1f9ba7fd e-flex e-con-boxed e-con e-parent\" data-id=\"1f9ba7fd\" data-element_type=\"container\" data-e-type=\"container\">\n\t\t\t\t\t<div class=\"e-con-inner\">\n\t\t\t\t<div class=\"elementor-element elementor-element-248cecf elementor-widget elementor-widget-heading\" data-id=\"248cecf\" data-element_type=\"widget\" data-e-type=\"widget\" data-widget_type=\"heading.default\">\n\t\t\t\t<div class=\"elementor-widget-container\">\n\t\t\t\t\t<h2 class=\"elementor-heading-title elementor-size-default\">Algemene voorwaarden<\/h2>\t\t\t\t<\/div>\n\t\t\t\t<\/div>\n\t\t\t\t<div class=\"elementor-element elementor-element-36ec56c1 elementor-widget elementor-widget-text-editor\" data-id=\"36ec56c1\" data-element_type=\"widget\" data-e-type=\"widget\" data-widget_type=\"text-editor.default\">\n\t\t\t\t<div class=\"elementor-widget-container\">\n\t\t\t\t\t\t\t\t\t<p>Door onze website te bezoeken en te gebruiken, gaat u akkoord met en bent u gebonden aan de volgende gebruiksvoorwaarden. Als u niet akkoord gaat met een van deze voorwaarden, maak dan geen gebruik van onze site.<\/p><p><strong>1. Gebruik van de Site:<\/strong><\/p><p>Het gebruik van deze website is onderworpen aan de volgende voorwaarden:<\/p><ul><li>De inhoud van de site is uitsluitend bedoeld voor algemene informatie en persoonlijk gebruik.<\/li><li>We behouden ons het recht voor om de site (of een deel ervan) zonder kennisgeving aan te passen of te verwijderen.<\/li><\/ul><p><strong>2. Privacy:<\/strong><\/p><p>Uw privacy is belangrijk voor ons. Lees onze <a href=\"https:\/\/win10cdkeys.com\/nl\/privacybeleid\/\">Privacybeleid<\/a> om te begrijpen hoe we uw persoonlijke gegevens verzamelen, gebruiken en beschermen.<\/p><p><strong>3. Betalingen:<\/strong><\/p><p>Door een aankoop te doen op onze site, gaat u akkoord met de voorwaarden van onze <a href=\"https:\/\/win10cdkeys.com\/nl\/betalingsbeleid\/\" target=\"_new\" rel=\"noreferrer noopener\">Betalingsbeleid<\/a>waarin de beschikbare betalingsmethoden en het betalingsproces worden beschreven.<\/p><p><strong>4. Verzendingen:<\/strong><\/p><p>Lees onze <a href=\"https:\/\/win10cdkeys.com\/nl\/scheepvaartbeleid\/\" target=\"_new\" rel=\"noreferrer noopener\">Verzendbeleid<\/a> voor informatie over levertijden, beschikbare verzendmethoden en geldende tarieven.<\/p><p><strong>5. Retourneren en terugbetalen:<\/strong><\/p><p>Raadpleeg onze <a href=\"https:\/\/win10cdkeys.com\/nl\/refund_returns\/\" target=\"_new\" rel=\"noreferrer noopener\">Retourbeleid<\/a> om de procedures en voorwaarden voor het retourneren van producten en het aanvragen van restitutie te begrijpen.<\/p><p><strong>6. Wijzigingen aan de voorwaarden:<\/strong><\/p><p>We behouden ons het recht voor om deze voorwaarden op elk gewenst moment zonder kennisgeving bij te werken of te wijzigen. Het is uw verantwoordelijkheid om de voorwaarden regelmatig te bekijken om op de hoogte te blijven van eventuele wijzigingen.<\/p><p><strong>7. Contact:<\/strong><\/p><p>Als je vragen hebt over deze voorwaarden, aarzel dan niet om contact met ons op te nemen via <a href=\"https:\/\/win10cdkeys.com\/nl\/contact-met-ons-opnemen\/\" target=\"_new\" rel=\"noreferrer noopener\">contacteer ons op<\/a> of schrijf naar onze e-mail <a href=\"mailto:support@win10cdkeys.com\">support@win10cdkeys.com<\/a><\/p><p>Door onze website te gebruiken, accepteert u deze algemene voorwaarden volledig.<\/p>\t\t\t\t\t\t\t\t<\/div>\n\t\t\t\t<\/div>\n\t\t\t\t\t<\/div>\n\t\t\t\t<\/div>\n\t\t\t\t<\/div>","protected":false},"excerpt":{"rendered":"<p>T\u00e9rminos y Condiciones Al acceder y utilizar nuestro sitio web, aceptas cumplir y estar sujeto a los siguientes t\u00e9rminos y condiciones de uso. Si no est\u00e1s de acuerdo con alguno de estos t\u00e9rminos, te pedimos que no utilices nuestro sitio. 1. Uso del Sitio: El uso de este sitio web est\u00e1 sujeto a las siguientes [&hellip;]<\/p>\n","protected":false},"author":1,"featured_media":0,"parent":0,"menu_order":0,"comment_status":"closed","ping_status":"closed","template":"elementor_header_footer","meta":{"inline_featured_image":false,"_joinchat":[],"footnotes":""},"class_list":["post-7792","page","type-page","status-publish","hentry"],"_links":{"self":[{"href":"https:\/\/win10cdkeys.com\/nl\/wp-json\/wp\/v2\/pages\/7792","targetHints":{"allow":["GET"]}}],"collection":[{"href":"https:\/\/win10cdkeys.com\/nl\/wp-json\/wp\/v2\/pages"}],"about":[{"href":"https:\/\/win10cdkeys.com\/nl\/wp-json\/wp\/v2\/types\/page"}],"author":[{"embeddable":true,"href":"https:\/\/win10cdkeys.com\/nl\/wp-json\/wp\/v2\/users\/1"}],"replies":[{"embeddable":true,"href":"https:\/\/win10cdkeys.com\/nl\/wp-json\/wp\/v2\/comments?post=7792"}],"version-history":[{"count":0,"href":"https:\/\/win10cdkeys.com\/nl\/wp-json\/wp\/v2\/pages\/7792\/revisions"}],"wp:attachment":[{"href":"https:\/\/win10cdkeys.com\/nl\/wp-json\/wp\/v2\/media?parent=7792"}],"curies":[{"name":"wp","href":"https:\/\/api.w.org\/{rel}","templated":true}]}}