{"id":7223,"date":"2024-02-02T11:28:03","date_gmt":"2024-02-02T10:28:03","guid":{"rendered":"https:\/\/win10cdkeys.com\/?page_id=7223"},"modified":"2024-09-27T12:24:30","modified_gmt":"2024-09-27T10:24:30","slug":"refund_returns","status":"publish","type":"page","link":"https:\/\/win10cdkeys.com\/pl\/reembolso_devoluciones\/","title":{"rendered":"Polityka zwrot\u00f3w i refundacji"},"content":{"rendered":"<div data-elementor-type=\"wp-page\" data-elementor-id=\"7223\" class=\"elementor elementor-7223\">\n\t\t\t\t<div class=\"elementor-element elementor-element-ee1d22a e-flex e-con-boxed e-con e-parent\" data-id=\"ee1d22a\" data-element_type=\"container\" data-e-type=\"container\">\n\t\t\t\t\t<div class=\"e-con-inner\">\n\t\t\t\t<div class=\"elementor-element elementor-element-3080456a elementor-widget elementor-widget-text-editor\" data-id=\"3080456a\" data-element_type=\"widget\" data-e-type=\"widget\" data-widget_type=\"text-editor.default\">\n\t\t\t\t<div class=\"elementor-widget-container\">\n\t\t\t\t\t\t\t\t\t<p><\/p>\n<h1><strong>Polityka zwrot\u00f3w i refundacji<\/strong><\/h1>\n<h3><b style=\"font-size: 24px; color: #222222; text-align: var(--text-align);\">Podsumowanie<\/b><\/h3>\n<p>W przypadku bezpiecze\u0144stwa produkt\u00f3w cyfrowych zwroty lub refundacje NIE b\u0119d\u0105 dozwolone, je\u015bli licencja zosta\u0142a otrzymana i licencja zosta\u0142a wykorzystana. Produkt mo\u017ce zosta\u0107 zwr\u00f3cony w ci\u0105gu 14 dni, je\u015bli nie by\u0142 u\u017cywany.<\/p>\n<p>Je\u015bli wyst\u0105pi b\u0142\u0105d w licencji, w miar\u0119 mo\u017cliwo\u015bci zostanie wys\u0142any zamiennik. Je\u015bli wyst\u0105pi b\u0142\u0105d w licencji i nie mamy zapas\u00f3w na wymian\u0119, dokonamy pe\u0142nego zwrotu koszt\u00f3w zam\u00f3wienia, o ile nie min\u0119\u0142o wi\u0119cej ni\u017c 30 dni od z\u0142o\u017cenia zam\u00f3wienia.<br><span style=\"text-align: var(--text-align);\">Je\u015bli 2 godziny po dokonaniu p\u0142atno\u015bci produkt nie zostanie dostarczony.<br><\/span><span style=\"text-align: var(--text-align);\">Je\u015bli zakupiony produkt jest niedost\u0119pny.<\/span><\/p>\n<p><\/p>\n<p><\/p>\n<h2><span style=\"text-align: var(--text-align);\">Potrzebujesz pomocy?<\/span><\/h2>\n<h2><span style=\"text-align: var(--text-align); color: #444444; font-size: 16px; font-weight: 400;\"><a href=\"https:\/\/win10cdkeys.com\/pl\/skontaktuj-sie-z-nami\/\" target=\"_blank\" rel=\"noopener\">Kontakt<\/a> lub wy\u015blij nam wiadomo\u015b\u0107 e-mail na adres <a href=\"mailto:support@win10cdkeys.com\">support@win10cdkeys.com<\/a> w przypadku pyta\u0144 dotycz\u0105cych zwrot\u00f3w i refundacji.<\/span><\/h2>\n<p><\/p>\t\t\t\t\t\t\t\t<\/div>\n\t\t\t\t<\/div>\n\t\t\t\t\t<\/div>\n\t\t\t\t<\/div>\n\t\t\t\t<\/div>","protected":false},"excerpt":{"rendered":"<p>Pol\u00edtica de Devoluciones y Reembolsos Resumen Por seguridad en los productos digitales NO se permitir\u00e1n devoluciones ni reembolsos si se ha recibido la licencia y la licencia se ha usado. El producto puede ser devuelto en un plazo m\u00e1ximo de 14 d\u00edas siempre que no haya sido utilizado. Si tiene algun error con la licencia [&hellip;]<\/p>\n","protected":false},"author":1,"featured_media":0,"parent":0,"menu_order":0,"comment_status":"closed","ping_status":"closed","template":"elementor_header_footer","meta":{"inline_featured_image":false,"_joinchat":[],"footnotes":""},"class_list":["post-7223","page","type-page","status-publish","hentry"],"_links":{"self":[{"href":"https:\/\/win10cdkeys.com\/pl\/wp-json\/wp\/v2\/pages\/7223","targetHints":{"allow":["GET"]}}],"collection":[{"href":"https:\/\/win10cdkeys.com\/pl\/wp-json\/wp\/v2\/pages"}],"about":[{"href":"https:\/\/win10cdkeys.com\/pl\/wp-json\/wp\/v2\/types\/page"}],"author":[{"embeddable":true,"href":"https:\/\/win10cdkeys.com\/pl\/wp-json\/wp\/v2\/users\/1"}],"replies":[{"embeddable":true,"href":"https:\/\/win10cdkeys.com\/pl\/wp-json\/wp\/v2\/comments?post=7223"}],"version-history":[{"count":0,"href":"https:\/\/win10cdkeys.com\/pl\/wp-json\/wp\/v2\/pages\/7223\/revisions"}],"wp:attachment":[{"href":"https:\/\/win10cdkeys.com\/pl\/wp-json\/wp\/v2\/media?parent=7223"}],"curies":[{"name":"wp","href":"https:\/\/api.w.org\/{rel}","templated":true}]}}