{"id":7460,"date":"2024-02-04T14:24:12","date_gmt":"2024-02-04T13:24:12","guid":{"rendered":"https:\/\/win10cdkeys.com\/?page_id=7460"},"modified":"2024-05-10T14:05:25","modified_gmt":"2024-05-10T12:05:25","slug":"polityka-prywatnosci","status":"publish","type":"page","link":"https:\/\/win10cdkeys.com\/pl\/politica-de-privacidad\/","title":{"rendered":"Polityka prywatno\u015bci"},"content":{"rendered":"<div data-elementor-type=\"wp-page\" data-elementor-id=\"7460\" class=\"elementor elementor-7460\">\n\t\t\t\t<div class=\"elementor-element elementor-element-2be517d e-flex e-con-boxed e-con e-parent\" data-id=\"2be517d\" data-element_type=\"container\" data-e-type=\"container\">\n\t\t\t\t\t<div class=\"e-con-inner\">\n\t\t\t\t<div class=\"elementor-element elementor-element-3b3b7b72 elementor-widget elementor-widget-text-editor\" data-id=\"3b3b7b72\" data-element_type=\"widget\" data-e-type=\"widget\" data-widget_type=\"text-editor.default\">\n\t\t\t\t<div class=\"elementor-widget-container\">\n\t\t\t\t\t\t\t\t\t\n<h2 class=\"wp-block-heading\">Kim jeste\u015bmy<\/h2>\n\n<p>Adres naszej strony internetowej to: <a href=\"https:\/\/win10cdkeys.com\/pl\/\">https:\/\/win10cdkeys.com<\/a><\/p>\n<p>Mo\u017cesz skontaktowa\u0107 si\u0119 z nami za po\u015brednictwem <a href=\"https:\/\/win10cdkeys.com\/pl\/skontaktuj-sie-z-nami\/\" target=\"_blank\" rel=\"noopener\">strona kontaktowa<\/a> lub napisz do nas na adres e-mail <a href=\"mailto:ventas@win10cdkeys.com\">ventas@win10cdkeys.com<\/a><\/p>\n\n<h2 class=\"wp-block-heading\">Komentarze<\/h2>\n\n<p>Gdy odwiedzaj\u0105cy zostawiaj\u0105 komentarze na stronie, zbieramy dane wy\u015bwietlane w formularzu komentarza, a tak\u017ce adres IP odwiedzaj\u0105cego i ci\u0105g agenta u\u017cytkownika przegl\u0105darki, aby pom\u00f3c w wykrywaniu spamu.<\/p>\n\n<p>Anonimowy ci\u0105g znak\u00f3w utworzony z adresu e-mail u\u017cytkownika (zwany r\u00f3wnie\u017c hashem) mo\u017ce zosta\u0107 przekazany do us\u0142ugi Gravatar w celu sprawdzenia, czy u\u017cytkownik z niej korzysta. Polityka prywatno\u015bci us\u0142ugi Gravatar jest dost\u0119pna tutaj: https:\/\/automattic.com\/privacy\/. Po zatwierdzeniu komentarza zdj\u0119cie profilowe jest widoczne publicznie w kontek\u015bcie komentarza.<\/p>\n\n<h2 class=\"wp-block-heading\">Media<\/h2>\n\n<p>W przypadku przesy\u0142ania zdj\u0119\u0107 na stron\u0119 internetow\u0105 nale\u017cy unika\u0107 przesy\u0142ania zdj\u0119\u0107 zawieraj\u0105cych dane lokalizacji (GPS EXIF). Odwiedzaj\u0105cy witryn\u0119 mog\u0105 pobra\u0107 i wyodr\u0119bni\u0107 dowolne dane lokalizacji z obraz\u00f3w w witrynie.<\/p>\n\n<h2 class=\"wp-block-heading\">Pliki cookie<\/h2>\n\n<p>Je\u015bli zostawisz komentarz na naszej stronie, mo\u017cesz zapisa\u0107 swoje imi\u0119 i nazwisko, adres e-mail i stron\u0119 internetow\u0105 w plikach cookie. Jest to dla Twojej wygody, wi\u0119c nie musisz ponownie wype\u0142nia\u0107 swoich danych, gdy zostawiasz kolejny komentarz. Te pliki cookie b\u0119d\u0105 przechowywane przez rok.<\/p>\n\n<p>Je\u015bli masz konto i zalogujesz si\u0119 na tej stronie, ustawimy tymczasowy plik cookie, aby okre\u015bli\u0107, czy Twoja przegl\u0105darka akceptuje pliki cookie. Ten plik cookie nie zawiera \u017cadnych danych osobowych i jest usuwany po zamkni\u0119ciu przegl\u0105darki.<\/p>\n\n<p>Podczas logowania ustawimy r\u00f3wnie\u017c pewn\u0105 liczb\u0119 plik\u00f3w cookie do przechowywania informacji logowania i opcji wy\u015bwietlania ekranu. Pliki cookie logowania s\u0105 przechowywane przez dwa dni, a pliki cookie opcji wy\u015bwietlania przez rok. Je\u015bli u\u017cytkownik wybierze opcj\u0119 \"Zapami\u0119taj mnie\", dane logowania b\u0119d\u0105 przechowywane przez dwa tygodnie. Po wylogowaniu si\u0119 z konta pliki cookie logowania zostan\u0105 usuni\u0119te.<\/p>\n\n<p>Je\u015bli edytujesz lub publikujesz artyku\u0142, w Twojej przegl\u0105darce zostanie zapisany dodatkowy plik cookie. Ten plik cookie nie zawiera \u017cadnych danych osobowych i po prostu wskazuje identyfikator artyku\u0142u, kt\u00f3ry w\u0142a\u015bnie edytowa\u0142e\u015b. Wygasa on po 1 dniu.<br \/><br \/><\/p>\n<p>Nasza strona internetowa wykorzystuje pliki cookie w celu poprawy komfortu u\u017cytkowania i zbierania informacji o sposobie korzystania z witryny. W szczeg\u00f3lno\u015bci u\u017cywamy plik\u00f3w cookie dostarczanych przez Google Analytics i piksel Facebooka.<\/p>\n<p><strong>Google Analytics:<\/strong><\/p>\n<p>Google Analytics to us\u0142uga analityki internetowej \u015bwiadczona przez Google, kt\u00f3ra wykorzystuje pliki cookie do gromadzenia danych o sposobie korzystania z witryny przez u\u017cytkownik\u00f3w. Gromadzone informacje obejmuj\u0105 szczeg\u00f3\u0142y dotycz\u0105ce lokalizacji geograficznej u\u017cytkownik\u00f3w, u\u017cywanego urz\u0105dzenia, odwiedzanych stron i czasu trwania wizyty. Informacje te s\u0105 wykorzystywane do analizy ruchu w witrynie, lepszego zrozumienia preferencji u\u017cytkownik\u00f3w i poprawy og\u00f3lnego komfortu korzystania z witryny.<\/p>\n<p>Wi\u0119cej informacji o tym, w jaki spos\u00f3b Google Analytics wykorzystuje zebrane dane i jak mo\u017cna kontrolowa\u0107 korzystanie z plik\u00f3w cookie, mo\u017cna znale\u017a\u0107 na stronie <a href=\"https:\/\/policies.google.com\/privacy\" target=\"_new\" rel=\"noreferrer noopener\">Polityka prywatno\u015bci Google<\/a>.<\/p>\n<p><strong>Piksel Facebooka:<\/strong><\/p>\n<p>Piksel Facebooka to narz\u0119dzie analityczne dostarczane przez Facebooka, kt\u00f3re wykorzystuje pliki cookie do zbierania informacji o interakcjach u\u017cytkownik\u00f3w z nasz\u0105 witryn\u0105. Obejmuje to dane dotycz\u0105ce odwiedzanych stron, dzia\u0142a\u0144 podejmowanych w witrynie i inne informacje istotne dla optymalizacji reklam na Facebooku.<\/p>\n<p>Informacje gromadzone za po\u015brednictwem piksela Facebooka s\u0105 wykorzystywane do dostarczania ukierunkowanych reklam na platformie Facebook oraz do pomiaru skuteczno\u015bci naszych kampanii reklamowych.<\/p>\n<p>Wi\u0119cej informacji na temat tego, w jaki spos\u00f3b Facebook wykorzystuje dane zebrane za po\u015brednictwem piksela i jak mo\u017cna kontrolowa\u0107 korzystanie z plik\u00f3w cookie, mo\u017cna znale\u017a\u0107 na stronie <a href=\"https:\/\/www.facebook.com\/policies\/cookies\/\" target=\"_new\" rel=\"noreferrer noopener\">Polityka plik\u00f3w cookie Facebooka<\/a>.<\/p>\n<p>\u00a0<\/p>\n\n<h2 class=\"wp-block-heading\">Osadzona zawarto\u015b\u0107 z innych stron internetowych<\/h2>\n\n<p>Artyku\u0142y na tej stronie mog\u0105 zawiera\u0107 osadzone tre\u015bci (np. filmy, obrazy, artyku\u0142y itp.). Osadzone tre\u015bci z innych witryn zachowuj\u0105 si\u0119 dok\u0142adnie tak samo, jak gdyby u\u017cytkownik odwiedzi\u0142 inn\u0105 witryn\u0119.<\/p>\n\n<p>Witryny te mog\u0105 gromadzi\u0107 dane o u\u017cytkowniku, wykorzystywa\u0107 pliki cookie, osadza\u0107 dodatkowe funkcje \u015bledzenia od stron trzecich i monitorowa\u0107 interakcj\u0119 u\u017cytkownika z osadzon\u0105 zawarto\u015bci\u0105, w tym \u015bledzi\u0107 interakcj\u0119 u\u017cytkownika z osadzon\u0105 zawarto\u015bci\u0105, je\u015bli u\u017cytkownik ma konto i jest zalogowany w tej witrynie.<\/p>\n\n<h2 class=\"wp-block-heading\">Komu udost\u0119pniamy dane u\u017cytkownika<\/h2>\n\n<p>Je\u015bli poprosisz o zresetowanie has\u0142a, Tw\u00f3j adres IP zostanie uwzgl\u0119dniony w wiadomo\u015bci e-mail z pro\u015bb\u0105 o zresetowanie has\u0142a.<\/p>\n\n<h2 class=\"wp-block-heading\">Jak d\u0142ugo przechowujemy dane u\u017cytkownika<\/h2>\n\n<p>Je\u015bli zostawisz komentarz, komentarz i jego metadane zostan\u0105 zachowane na czas nieokre\u015blony. Dzi\u0119ki temu mo\u017cemy automatycznie rozpoznawa\u0107 i zatwierdza\u0107 kolejne komentarze, zamiast trzyma\u0107 je w kolejce moderacji.<\/p>\n\n<p>W przypadku u\u017cytkownik\u00f3w, kt\u00f3rzy zarejestruj\u0105 si\u0119 na naszej stronie internetowej (je\u015bli istniej\u0105), przechowujemy r\u00f3wnie\u017c dane osobowe, kt\u00f3re podaj\u0105 w swoim profilu u\u017cytkownika. Wszyscy u\u017cytkownicy mog\u0105 przegl\u0105da\u0107, edytowa\u0107 lub usuwa\u0107 swoje dane osobowe w dowolnym momencie (z wyj\u0105tkiem tego, \u017ce nie mog\u0105 zmieni\u0107 swojej nazwy u\u017cytkownika). Administratorzy witryny mog\u0105 r\u00f3wnie\u017c przegl\u0105da\u0107 i edytowa\u0107 te informacje.<\/p>\n\n<h2 class=\"wp-block-heading\">Jakie prawa przys\u0142uguj\u0105 u\u017cytkownikowi w odniesieniu do jego danych<\/h2>\n\n<p>Je\u015bli masz konto lub zostawi\u0142e\u015b komentarze na tej stronie, mo\u017cesz poprosi\u0107 o przes\u0142anie pliku eksportu danych osobowych, kt\u00f3re przechowujemy na Tw\u00f3j temat, w tym wszelkich danych, kt\u00f3re nam przekaza\u0142e\u015b. U\u017cytkownik mo\u017ce r\u00f3wnie\u017c za\u017c\u0105da\u0107 usuni\u0119cia wszelkich przechowywanych przez nas jego danych osobowych. Nie obejmuje to \u017cadnych danych, kt\u00f3re musimy zachowa\u0107 do cel\u00f3w administracyjnych, prawnych lub bezpiecze\u0144stwa.<\/p>\n\n<h2 class=\"wp-block-heading\">Gdzie przesy\u0142ane s\u0105 dane u\u017cytkownika<\/h2>\n\n<p>Komentarze odwiedzaj\u0105cych mog\u0105 by\u0107 sprawdzane przez automatyczn\u0105 us\u0142ug\u0119 wykrywania spamu.<\/p>\n<p>Zbieramy informacje od u\u017cytkownika podczas procesu p\u0142atno\u015bci w naszym sklepie.<\/p>\n<h2>Co zbieramy i przechowujemy<\/h2>\n<p>Podczas odwiedzania naszej witryny b\u0119dziemy \u015bledzi\u0107:<\/p>\n<ul>\n<li>Ostatnio przegl\u0105dane produkty: wykorzystujemy je na przyk\u0142ad do wy\u015bwietlania ostatnio przegl\u0105danych produkt\u00f3w.<\/li>\n<li>Lokalizacja, adres IP i typ przegl\u0105darki: wykorzystamy to do cel\u00f3w takich jak szacowanie podatk\u00f3w i koszt\u00f3w wysy\u0142ki.<\/li>\n<li>Adres wysy\u0142ki: poprosimy Ci\u0119 o podanie tego adresu, aby\u015bmy mogli na przyk\u0142ad oszacowa\u0107 koszt wysy\u0142ki przed z\u0142o\u017ceniem zam\u00f3wienia i wys\u0142a\u0107 Ci zam\u00f3wienie!<\/li>\n<\/ul>\n<p>U\u017cywamy r\u00f3wnie\u017c plik\u00f3w cookie do \u015bledzenia zawarto\u015bci koszyka podczas przegl\u0105dania naszej witryny.<\/p>\n<p>Podczas dokonywania zakupu prosimy o podanie informacji obejmuj\u0105cych imi\u0119 i nazwisko, adres rozliczeniowy, adres wysy\u0142ki, adres e-mail, numer telefonu, dane karty kredytowej\/p\u0142atniczej oraz opcjonalne informacje dodatkowe, takie jak nazwa u\u017cytkownika i has\u0142o. B\u0119dziemy wykorzystywa\u0107 te informacje do cel\u00f3w takich jak:<\/p>\n<ul>\n<li>Wysy\u0142anie informacji o koncie i zam\u00f3wieniu<\/li>\n<li>Odpowiadanie na \u017c\u0105dania u\u017cytkownika, w tym zwroty i roszczenia<\/li>\n<li>Przetwarzanie p\u0142atno\u015bci i zapobieganie oszustwom<\/li>\n<li>Za\u0142\u00f3\u017c konto w naszym sklepie<\/li>\n<li>Przestrzeganie wszelkich ci\u0105\u017c\u0105cych na nas zobowi\u0105za\u0144 prawnych, takich jak obliczenia podatkowe<\/li>\n<li>Ulepsz oferty w naszym sklepie<\/li>\n<li>Wysy\u0142anie u\u017cytkownikowi wiadomo\u015bci promocyjnych, je\u015bli u\u017cytkownik wyrazi zgod\u0119 na ich otrzymywanie<\/li>\n<\/ul>\n<p>Je\u015bli u\u017cytkownik utworzy konto, b\u0119dziemy przechowywa\u0107 jego imi\u0119 i nazwisko, adres, adres e-mail i numer telefonu, kt\u00f3rych b\u0119dziemy u\u017cywa\u0107 do realizacji transakcji i przysz\u0142ych zam\u00f3wie\u0144.<\/p>\n<p>Zwykle przechowujemy informacje o u\u017cytkowniku tak d\u0142ugo, jak potrzebujemy ich do cel\u00f3w, dla kt\u00f3rych je gromadzimy i wykorzystujemy, i nie jeste\u015bmy prawnie zobowi\u0105zani do ich d\u0142u\u017cszego przechowywania. Na przyk\u0142ad b\u0119dziemy przechowywa\u0107 informacje o zam\u00f3wieniach przez 4 lata do cel\u00f3w podatkowych i ksi\u0119gowych. Obejmuje to imi\u0119 i nazwisko, adres e-mail oraz adresy rozliczeniowe i wysy\u0142ki.<\/p>\n<p>Przechowujemy r\u00f3wnie\u017c komentarze lub oceny, je\u015bli u\u017cytkownik zdecyduje si\u0119 je zostawi\u0107.<\/p>\n<h2>Kto w naszym zespole ma dost\u0119p do<\/h2>\n<p>Cz\u0142onkowie naszego zespo\u0142u maj\u0105 dost\u0119p do podanych przez u\u017cytkownika informacji. Dost\u0119p do nich maj\u0105 na przyk\u0142ad administratorzy i kierownicy sklep\u00f3w:<\/p>\n<ul>\n<li>Informacje o zam\u00f3wieniu, takie jak zakup, data zakupu i miejsce wysy\u0142ki, oraz<\/li>\n<li>Informacje o kliencie, takie jak imi\u0119 i nazwisko, adres e-mail oraz informacje dotycz\u0105ce fakturowania i wysy\u0142ki.<\/li>\n<\/ul>\n<p>Cz\u0142onkowie naszego zespo\u0142u maj\u0105 dost\u0119p do tych informacji, aby pom\u00f3c w realizacji zam\u00f3wie\u0144, przetwarzaniu zwrot\u00f3w i udzielaniu wsparcia.<\/p>\n<h2>Czym dzielimy si\u0119 z innymi<\/h2>\n<p>Udost\u0119pniamy informacje innym podmiotom, kt\u00f3re pomagaj\u0105 nam w realizacji zam\u00f3wie\u0144 i zarz\u0105dzaniu us\u0142ugami.<\/p>\n<h3>P\u0142atno\u015bci<\/h3>\n<p>Akceptujemy p\u0142atno\u015bci za po\u015brednictwem PayPal. Podczas przetwarzania p\u0142atno\u015bci niekt\u00f3re dane u\u017cytkownika zostan\u0105 przekazane do PayPal, w tym informacje wymagane do przetworzenia lub obs\u0142ugi p\u0142atno\u015bci, takie jak suma zakupu i informacje rozliczeniowe.<\/p>\n<p>Sprawd\u017a\u00a0<a href=\"https:\/\/www.paypal.com\/es\/webapps\/mpp\/ua\/privacy-full\" target=\"_blank\" rel=\"noopener\">Zasady ochrony prywatno\u015bci PayPal<\/a> wi\u0119cej szczeg\u00f3\u0142\u00f3w.<\/p>\n\t\t\t\t\t\t\t\t<\/div>\n\t\t\t\t<\/div>\n\t\t\t\t\t<\/div>\n\t\t\t\t<\/div>\n\t\t\t\t<\/div>","protected":false},"excerpt":{"rendered":"<p>Qui\u00e9nes somos La direcci\u00f3n de nuestra web es: https:\/\/win10cdkeys.com Puede ponerse en contacto con nosotros desde nuestra p\u00e1gina de contacto o escribirnos al email ventas@win10cdkeys.com Comentarios Cuando los visitantes dejan comentarios en la web, recopilamos los datos que se muestran en el formulario de comentarios, as\u00ed como la direcci\u00f3n IP del visitante y la cadena [&hellip;]<\/p>\n","protected":false},"author":1,"featured_media":0,"parent":0,"menu_order":0,"comment_status":"closed","ping_status":"closed","template":"elementor_header_footer","meta":{"inline_featured_image":false,"_joinchat":[],"footnotes":""},"class_list":["post-7460","page","type-page","status-publish","hentry"],"_links":{"self":[{"href":"https:\/\/win10cdkeys.com\/pl\/wp-json\/wp\/v2\/pages\/7460","targetHints":{"allow":["GET"]}}],"collection":[{"href":"https:\/\/win10cdkeys.com\/pl\/wp-json\/wp\/v2\/pages"}],"about":[{"href":"https:\/\/win10cdkeys.com\/pl\/wp-json\/wp\/v2\/types\/page"}],"author":[{"embeddable":true,"href":"https:\/\/win10cdkeys.com\/pl\/wp-json\/wp\/v2\/users\/1"}],"replies":[{"embeddable":true,"href":"https:\/\/win10cdkeys.com\/pl\/wp-json\/wp\/v2\/comments?post=7460"}],"version-history":[{"count":0,"href":"https:\/\/win10cdkeys.com\/pl\/wp-json\/wp\/v2\/pages\/7460\/revisions"}],"wp:attachment":[{"href":"https:\/\/win10cdkeys.com\/pl\/wp-json\/wp\/v2\/media?parent=7460"}],"curies":[{"name":"wp","href":"https:\/\/api.w.org\/{rel}","templated":true}]}}