{"id":7789,"date":"2024-05-10T13:33:11","date_gmt":"2024-05-10T11:33:11","guid":{"rendered":"https:\/\/win10cdkeys.com\/?page_id=7789"},"modified":"2024-09-26T09:59:53","modified_gmt":"2024-09-26T07:59:53","slug":"polityka-platnosci","status":"publish","type":"page","link":"https:\/\/win10cdkeys.com\/pl\/payment-policy\/","title":{"rendered":"Zasady p\u0142atno\u015bci"},"content":{"rendered":"<div data-elementor-type=\"wp-page\" data-elementor-id=\"7789\" class=\"elementor elementor-7789\">\n\t\t\t\t<div class=\"elementor-element elementor-element-39ebdfe0 e-flex e-con-boxed e-con e-parent\" data-id=\"39ebdfe0\" data-element_type=\"container\" data-e-type=\"container\">\n\t\t\t\t\t<div class=\"e-con-inner\">\n\t\t\t\t<div class=\"elementor-element elementor-element-3c78099f elementor-widget elementor-widget-text-editor\" data-id=\"3c78099f\" data-element_type=\"widget\" data-e-type=\"widget\" data-widget_type=\"text-editor.default\">\n\t\t\t\t<div class=\"elementor-widget-container\">\n\t\t\t\t\t\t\t\t\t<h1>Zasady p\u0142atno\u015bci<\/h1><p>Akceptujemy p\u0142atno\u015bci za po\u015brednictwem r\u00f3\u017cnych opcji p\u0142atno\u015bci, aby zapewni\u0107 wygod\u0119 i bezpiecze\u0144stwo naszych klient\u00f3w. Przed dokonaniem jakiegokolwiek zakupu na naszej stronie internetowej prosimy o uwa\u017cne zapoznanie si\u0119 z naszymi zasadami p\u0142atno\u015bci.<\/p><h3><strong>Metody p\u0142atno\u015bci:<\/strong><\/h3><ol><li><strong>Karty kredytowe\/debetowe:<\/strong> Akceptujemy karty Visa, Mastercard, American Express i inne g\u0142\u00f3wne karty kredytowe i debetowe. Wszystkie p\u0142atno\u015bci kart\u0105 s\u0105 bezpiecznie przetwarzane przez nasz\u0105 bramk\u0119 p\u0142atnicz\u0105.<\/li><li><strong>PayPal:<\/strong> Oferujemy r\u00f3wnie\u017c opcj\u0119 p\u0142atno\u015bci za po\u015brednictwem systemu PayPal, umo\u017cliwiaj\u0105c wykorzystanie \u015brodk\u00f3w z konta PayPal lub p\u0142atno\u015b\u0107 kart\u0105 kredytow\u0105\/debetow\u0105 powi\u0105zan\u0105 z kontem PayPal. PayPal oferuje dodatkowy poziom bezpiecze\u0144stwa i ochrony transakcji.<\/li><li><strong>Przelew bankowy:<\/strong> Akceptujemy r\u00f3wnie\u017c p\u0142atno\u015bci przelewem bezpo\u015brednio na nasze konto bankowe. Nale\u017cy pami\u0119ta\u0107, \u017ce przetworzenie przelewu bankowego mo\u017ce zaj\u0105\u0107 od 3 do 5 dni roboczych, w zale\u017cno\u015bci od banku wysy\u0142aj\u0105cego i odbieraj\u0105cego.<\/li><li><p><strong>Google Pay:\u00a0<\/strong>Mo\u017cesz dokonywa\u0107 zakup\u00f3w za pomoc\u0105 Google Pay, szybkiej i bezpiecznej metody, kt\u00f3ra pozwala p\u0142aci\u0107 bezpo\u015brednio z urz\u0105dzenia mobilnego lub przegl\u0105darki. Podczas korzystania z Google Pay dane finansowe s\u0105 chronione przez zaawansowane warstwy zabezpiecze\u0144.<\/p><\/li><li><p><strong>Apple Pay:\u00a0<\/strong>Je\u015bli masz urz\u0105dzenie Apple, mo\u017cesz r\u00f3wnie\u017c wybra\u0107 p\u0142atno\u015b\u0107 za pomoc\u0105 Apple Pay. Ta metoda umo\u017cliwia \u0142atwe i bezpieczne dokonywanie p\u0142atno\u015bci za pomoc\u0105 iPhone'a, iPada lub komputera Mac, przy wsparciu zaawansowanych \u015brodk\u00f3w bezpiecze\u0144stwa Apple.<\/p><\/li><\/ol><h3><strong>Proces p\u0142atno\u015bci:<\/strong><\/h3><p>Wszystkie zam\u00f3wienia b\u0119d\u0105 realizowane po otrzymaniu pe\u0142nej p\u0142atno\u015bci. Oznacza to, \u017ce zam\u00f3wienie nie zostanie wys\u0142ane, dop\u00f3ki nie potwierdzimy otrzymania p\u0142atno\u015bci na nasze konto. Nale\u017cy pami\u0119ta\u0107, \u017ce czas przetwarzania mo\u017ce si\u0119 r\u00f3\u017cni\u0107 w zale\u017cno\u015bci od wybranej metody p\u0142atno\u015bci.<\/p><h2>Czy masz jakie\u015b pytania?<\/h2><p>W przypadku jakichkolwiek pyta\u0144 dotycz\u0105cych naszej polityki prosimy o kontakt pod adresem <a href=\"https:\/\/win10cdkeys.com\/pl\/skontaktuj-sie-z-nami\/\" target=\"_blank\" rel=\"noopener\">Strona kontaktowa<\/a> lub poczt\u0105 elektroniczn\u0105 na adres <a href=\"mailto:ventas@win10cdkeys.com\">ventas@win10cdkeys.com<\/a><\/p>\t\t\t\t\t\t\t\t<\/div>\n\t\t\t\t<\/div>\n\t\t\t\t\t<\/div>\n\t\t\t\t<\/div>\n\t\t\t\t<\/div>","protected":false},"excerpt":{"rendered":"<p>Pol\u00edtica de Pagos Aceptamos pagos a trav\u00e9s de varias opciones para garantizar la comodidad y la seguridad de nuestros clientes. Antes de realizar cualquier compra en nuestro sitio web, te pedimos que leas detenidamente nuestra pol\u00edtica de pagos. M\u00e9todos de Pago: Tarjetas de Cr\u00e9dito\/D\u00e9bito: Aceptamos tarjetas de cr\u00e9dito y d\u00e9bito Visa, Mastercard, American Express y [&hellip;]<\/p>\n","protected":false},"author":1,"featured_media":0,"parent":0,"menu_order":0,"comment_status":"closed","ping_status":"closed","template":"elementor_header_footer","meta":{"inline_featured_image":false,"_joinchat":[],"footnotes":""},"class_list":["post-7789","page","type-page","status-publish","hentry"],"_links":{"self":[{"href":"https:\/\/win10cdkeys.com\/pl\/wp-json\/wp\/v2\/pages\/7789","targetHints":{"allow":["GET"]}}],"collection":[{"href":"https:\/\/win10cdkeys.com\/pl\/wp-json\/wp\/v2\/pages"}],"about":[{"href":"https:\/\/win10cdkeys.com\/pl\/wp-json\/wp\/v2\/types\/page"}],"author":[{"embeddable":true,"href":"https:\/\/win10cdkeys.com\/pl\/wp-json\/wp\/v2\/users\/1"}],"replies":[{"embeddable":true,"href":"https:\/\/win10cdkeys.com\/pl\/wp-json\/wp\/v2\/comments?post=7789"}],"version-history":[{"count":0,"href":"https:\/\/win10cdkeys.com\/pl\/wp-json\/wp\/v2\/pages\/7789\/revisions"}],"wp:attachment":[{"href":"https:\/\/win10cdkeys.com\/pl\/wp-json\/wp\/v2\/media?parent=7789"}],"curies":[{"name":"wp","href":"https:\/\/api.w.org\/{rel}","templated":true}]}}