{"id":7792,"date":"2024-05-10T13:43:41","date_gmt":"2024-05-10T11:43:41","guid":{"rendered":"https:\/\/win10cdkeys.com\/?page_id=7792"},"modified":"2024-09-12T10:30:55","modified_gmt":"2024-09-12T08:30:55","slug":"warunki","status":"publish","type":"page","link":"https:\/\/win10cdkeys.com\/pl\/terms-and-cond\/","title":{"rendered":"Zasady i warunki"},"content":{"rendered":"<div data-elementor-type=\"wp-page\" data-elementor-id=\"7792\" class=\"elementor elementor-7792\">\n\t\t\t\t<div class=\"elementor-element elementor-element-1f9ba7fd e-flex e-con-boxed e-con e-parent\" data-id=\"1f9ba7fd\" data-element_type=\"container\" data-e-type=\"container\">\n\t\t\t\t\t<div class=\"e-con-inner\">\n\t\t\t\t<div class=\"elementor-element elementor-element-248cecf elementor-widget elementor-widget-heading\" data-id=\"248cecf\" data-element_type=\"widget\" data-e-type=\"widget\" data-widget_type=\"heading.default\">\n\t\t\t\t<div class=\"elementor-widget-container\">\n\t\t\t\t\t<h2 class=\"elementor-heading-title elementor-size-default\">Zasady i warunki<\/h2>\t\t\t\t<\/div>\n\t\t\t\t<\/div>\n\t\t\t\t<div class=\"elementor-element elementor-element-36ec56c1 elementor-widget elementor-widget-text-editor\" data-id=\"36ec56c1\" data-element_type=\"widget\" data-e-type=\"widget\" data-widget_type=\"text-editor.default\">\n\t\t\t\t<div class=\"elementor-widget-container\">\n\t\t\t\t\t\t\t\t\t<p>Uzyskuj\u0105c dost\u0119p do naszej witryny internetowej i korzystaj\u0105c z niej, u\u017cytkownik wyra\u017ca zgod\u0119 na przestrzeganie poni\u017cszych warunk\u00f3w u\u017cytkowania. Je\u015bli nie zgadzasz si\u0119 z kt\u00f3rymkolwiek z tych warunk\u00f3w, nie korzystaj z naszej witryny.<\/p><p><strong>1 Korzystanie z Witryny:<\/strong><\/p><p>Korzystanie z tej witryny podlega nast\u0119puj\u0105cym warunkom:<\/p><ul><li>Zawarto\u015b\u0107 strony jest przeznaczona wy\u0142\u0105cznie do og\u00f3lnego u\u017cytku informacyjnego i osobistego.<\/li><li>Zastrzegamy sobie prawo do modyfikacji lub wycofania witryny (lub jej cz\u0119\u015bci) bez powiadomienia.<\/li><\/ul><p><strong>2. Prywatno\u015b\u0107:<\/strong><\/p><p>Twoja prywatno\u015b\u0107 jest dla nas wa\u017cna. Przeczytaj nasze <a href=\"https:\/\/win10cdkeys.com\/pl\/polityka-prywatnosci\/\">Polityka prywatno\u015bci<\/a> aby zrozumie\u0107, w jaki spos\u00f3b gromadzimy, wykorzystujemy i chronimy dane osobowe u\u017cytkownik\u00f3w.<\/p><p><strong>3. P\u0142atno\u015bci:<\/strong><\/p><p>Dokonuj\u0105c zakupu w naszej witrynie, u\u017cytkownik wyra\u017ca zgod\u0119 na warunki naszego <a href=\"https:\/\/win10cdkeys.com\/pl\/polityka-platnosci\/\" target=\"_new\" rel=\"noreferrer noopener\">Zasady p\u0142atno\u015bci<\/a>kt\u00f3ry opisuje dost\u0119pne metody p\u0142atno\u015bci i proces p\u0142atno\u015bci.<\/p><p><strong>4. Przesy\u0142ki:<\/strong><\/p><p>Przeczytaj nasze <a href=\"https:\/\/win10cdkeys.com\/pl\/polityka-wysylkowa\/\" target=\"_new\" rel=\"noreferrer noopener\">Zasady wysy\u0142ki<\/a> aby uzyska\u0107 informacje na temat czasu dostawy, dost\u0119pnych metod wysy\u0142ki i obowi\u0105zuj\u0105cych stawek.<\/p><p><strong>5. Zwroty i refundacje:<\/strong><\/p><p>Skonsultuj si\u0119 z naszym <a href=\"https:\/\/win10cdkeys.com\/pl\/refund_returns\/\" target=\"_new\" rel=\"noreferrer noopener\">Polityka zwrot\u00f3w<\/a> aby zrozumie\u0107 procedury i warunki zwrotu produkt\u00f3w i \u017c\u0105dania zwrotu pieni\u0119dzy.<\/p><p><strong>6. Zmiany Warunk\u00f3w:<\/strong><\/p><p>Zastrzegamy sobie prawo do aktualizacji lub modyfikacji niniejszych warunk\u00f3w w dowolnym momencie bez powiadomienia. Obowi\u0105zkiem u\u017cytkownika jest okresowe zapoznawanie si\u0119 z warunkami, aby by\u0107 \u015bwiadomym wszelkich zmian.<\/p><p><strong>7. Kontakt:<\/strong><\/p><p>W przypadku jakichkolwiek pyta\u0144 dotycz\u0105cych niniejszego regulaminu prosimy o kontakt pod adresem <a href=\"https:\/\/win10cdkeys.com\/pl\/skontaktuj-sie-z-nami\/\" target=\"_new\" rel=\"noreferrer noopener\">skontaktuj si\u0119 z nami pod adresem<\/a> lub napisz na nasz adres e-mail <a href=\"mailto:support@win10cdkeys.com\">support@win10cdkeys.com<\/a><\/p><p>Korzystanie z naszej strony internetowej oznacza pe\u0142n\u0105 akceptacj\u0119 niniejszych warunk\u00f3w.<\/p>\t\t\t\t\t\t\t\t<\/div>\n\t\t\t\t<\/div>\n\t\t\t\t\t<\/div>\n\t\t\t\t<\/div>\n\t\t\t\t<\/div>","protected":false},"excerpt":{"rendered":"<p>T\u00e9rminos y Condiciones Al acceder y utilizar nuestro sitio web, aceptas cumplir y estar sujeto a los siguientes t\u00e9rminos y condiciones de uso. Si no est\u00e1s de acuerdo con alguno de estos t\u00e9rminos, te pedimos que no utilices nuestro sitio. 1. Uso del Sitio: El uso de este sitio web est\u00e1 sujeto a las siguientes [&hellip;]<\/p>\n","protected":false},"author":1,"featured_media":0,"parent":0,"menu_order":0,"comment_status":"closed","ping_status":"closed","template":"elementor_header_footer","meta":{"inline_featured_image":false,"_joinchat":[],"footnotes":""},"class_list":["post-7792","page","type-page","status-publish","hentry"],"_links":{"self":[{"href":"https:\/\/win10cdkeys.com\/pl\/wp-json\/wp\/v2\/pages\/7792","targetHints":{"allow":["GET"]}}],"collection":[{"href":"https:\/\/win10cdkeys.com\/pl\/wp-json\/wp\/v2\/pages"}],"about":[{"href":"https:\/\/win10cdkeys.com\/pl\/wp-json\/wp\/v2\/types\/page"}],"author":[{"embeddable":true,"href":"https:\/\/win10cdkeys.com\/pl\/wp-json\/wp\/v2\/users\/1"}],"replies":[{"embeddable":true,"href":"https:\/\/win10cdkeys.com\/pl\/wp-json\/wp\/v2\/comments?post=7792"}],"version-history":[{"count":0,"href":"https:\/\/win10cdkeys.com\/pl\/wp-json\/wp\/v2\/pages\/7792\/revisions"}],"wp:attachment":[{"href":"https:\/\/win10cdkeys.com\/pl\/wp-json\/wp\/v2\/media?parent=7792"}],"curies":[{"name":"wp","href":"https:\/\/api.w.org\/{rel}","templated":true}]}}