{"id":2955,"date":"2022-04-10T14:04:31","date_gmt":"2022-04-10T12:04:31","guid":{"rendered":"https:\/\/win10cdkeys.com\/?post_type=product&#038;p=2955"},"modified":"2026-05-16T22:07:00","modified_gmt":"2026-05-16T20:07:00","slug":"klucz-windows-10-pro","status":"publish","type":"product","link":"https:\/\/win10cdkeys.com\/pl\/producto\/windows-10-pro-key\/","title":{"rendered":"Klucz Windows 10 Pro"},"content":{"rendered":"<h2>Licencja na system Windows 10 Pro 32\/64 bit<\/h2>\n<p>Aktywuj sw\u00f3j komputer za pomoc\u0105 Windows 10 Pro, najbardziej aktualnej wersji systemu operacyjnego firmy Microsoft. Ta oryginalna licencja zapewnia dost\u0119p do wszystkich profesjonalnych funkcji systemu Windows 10 Pro.<\/p>\n<h3>Kluczowe funkcje systemu Windows 10 Pro<\/h3>\n<p><strong>Sta\u0142a i oryginalna licencja: <\/strong>Po aktywacji klucz jest wa\u017cny przez ca\u0142y okres u\u017cytkowania urz\u0105dzenia. Licencja jest wa\u017cna <strong>TYLKO dla 1 PC.<\/strong><\/p>\n<p><strong>Kompatybilno\u015b\u0107: <\/strong><span style=\"font-size: 16px;\">Kompatybilno\u015b\u0107 <strong>wy\u0142\u0105cznie z systemem Windows 10 Pro<\/strong> zar\u00f3wno w wersji 32-bitowej, jak i 64-bitowej. Aby uaktualni\u0107 system Windows Home do Windows Pro, post\u0119puj zgodnie z nasz\u0105 instrukcj\u0105 <\/span><a style=\"font-size: 16px;\" href=\"https:\/\/win10cdkeys.com\/pl\/aktualizacja-windows-home-do-pro\/\" target=\"_blank\" rel=\"noopener\">Przewodnik krok po kroku<\/a><span style=\"font-size: 16px;\">.<\/span><\/p>\n<p><strong>Szybka i \u0142atwa aktywacja: <\/strong><span style=\"font-size: 16px;\">Wystarczy skopiowa\u0107 i wklei\u0107 klucz w ustawieniach systemu. Otrzymasz 25-znakow\u0105 licencj\u0119 cyfrow\u0105.<\/span><\/p>\n<p><strong>Oficjalne pobieranie: <\/strong><span style=\"font-size: 16px;\">Pobierz system z witryny Microsoft, aby zapewni\u0107 bezpieczn\u0105 i aktualn\u0105 instalacj\u0119. <\/span><a style=\"font-size: 16px;\" href=\"https:\/\/www.microsoft.com\/es-es\/software-download\/windows10\" target=\"_blank\" rel=\"noopener\">Pobierz Windows 10.<\/a><\/p>\n<p><strong>Dost\u0119pny jest r\u00f3wnie\u017c pakiet Microsoft Office 2021: <\/strong><span style=\"font-size: 16px;\">Uzupe\u0142nij sw\u00f3j system o najbardziej kompletny pakiet biurowy. Sprawd\u017a nasze oferty i pakiety <\/span><a style=\"font-size: 16px;\" href=\"https:\/\/win10cdkeys.com\/pl\/product-pl\/office-2021-pro-plus-klucz\/\" target=\"_blank\" rel=\"noopener\">Microsoft Office 2021<\/a><span style=\"font-size: 16px;\">.<\/span><\/p>","protected":false},"excerpt":{"rendered":"<p>Licencia Windows 10 Pro 32\/64 bits Activa tu equipo con Windows 10 Pro, la versi\u00f3n m\u00e1s actualizada del sistema operativo de Microsoft. Con esta licencia original, obtendr\u00e1s todas las funcionalidades profesionales de Windows 10 Pro. Caracter\u00edsticas de Windows 10 Pro Key Licencia Permanente y Original: Una vez activada, la clave es v\u00e1lida de por vida [&hellip;]<\/p>\n","protected":false},"featured_media":2956,"comment_status":"closed","ping_status":"closed","template":"","meta":{"inline_featured_image":false,"_joinchat":[]},"product_brand":[],"product_cat":[18,17,19,69],"product_tag":[],"class_list":{"0":"post-2955","1":"product","2":"type-product","3":"status-publish","4":"has-post-thumbnail","6":"product_cat-licencias-digitales","7":"product_cat-microsoft","8":"product_cat-windows","9":"product_cat-windows-10","10":"product_shipping_class-envio-instantaneo-digital","12":"first","13":"instock","14":"sale","15":"featured","16":"virtual","17":"taxable","18":"purchasable","19":"product-type-simple"},"_links":{"self":[{"href":"https:\/\/win10cdkeys.com\/pl\/wp-json\/wp\/v2\/product\/2955","targetHints":{"allow":["GET"]}}],"collection":[{"href":"https:\/\/win10cdkeys.com\/pl\/wp-json\/wp\/v2\/product"}],"about":[{"href":"https:\/\/win10cdkeys.com\/pl\/wp-json\/wp\/v2\/types\/product"}],"replies":[{"embeddable":true,"href":"https:\/\/win10cdkeys.com\/pl\/wp-json\/wp\/v2\/comments?post=2955"}],"wp:featuredmedia":[{"embeddable":true,"href":"https:\/\/win10cdkeys.com\/pl\/wp-json\/wp\/v2\/media\/2956"}],"wp:attachment":[{"href":"https:\/\/win10cdkeys.com\/pl\/wp-json\/wp\/v2\/media?parent=2955"}],"wp:term":[{"taxonomy":"product_brand","embeddable":true,"href":"https:\/\/win10cdkeys.com\/pl\/wp-json\/wp\/v2\/product_brand?post=2955"},{"taxonomy":"product_cat","embeddable":true,"href":"https:\/\/win10cdkeys.com\/pl\/wp-json\/wp\/v2\/product_cat?post=2955"},{"taxonomy":"product_tag","embeddable":true,"href":"https:\/\/win10cdkeys.com\/pl\/wp-json\/wp\/v2\/product_tag?post=2955"}],"curies":[{"name":"wp","href":"https:\/\/api.w.org\/{rel}","templated":true}]}}