{"id":3102,"date":"2022-05-07T17:39:21","date_gmt":"2022-05-07T15:39:21","guid":{"rendered":"https:\/\/win10cdkeys.com\/?post_type=product&#038;p=3102"},"modified":"2024-11-29T12:02:54","modified_gmt":"2024-11-29T11:02:54","slug":"konto-office-365","status":"publish","type":"product","link":"https:\/\/win10cdkeys.com\/pl\/producto\/office-365-cuenta\/","title":{"rendered":"Konto Office 365"},"content":{"rendered":"<ul>\n<li>Konto Microsoft Office 365<\/li>\n<li>Konto z nazw\u0105 u\u017cytkownika i has\u0142em zostanie wys\u0142ane NIE wraz z kluczem licencyjnym.<\/li>\n<li>Konto musi zosta\u0107 aktywowane poprzez zmian\u0119 has\u0142a przy pierwszym logowaniu.<\/li>\n<li>Mo\u017ce by\u0107 u\u017cywany w wersji internetowej, na komputerach PC z systemem Windows, MacOS, Android, IOS i IpadOS.<\/li>\n<li>Konto nie jest subskrypcj\u0105 jest wst\u0119pnie aktywowane. <strong>(Gwarancja z wymian\u0105 w przypadku b\u0142\u0119du 1 rok)<\/strong><\/li>\n<li>Pe\u0142ny pakiet Office 365 i kilka innych opcji internetowych, takich jak PowerApps lub SharePoint.<\/li>\n<li>Pami\u0119\u0107 masowa OneDrive o pojemno\u015bci 100 Gb.<\/li>\n<\/ul>","protected":false},"excerpt":{"rendered":"<p><strong>1 rok gwarancji<\/strong><\/p>","protected":false},"featured_media":3103,"comment_status":"closed","ping_status":"closed","template":"","meta":{"inline_featured_image":false,"_joinchat":[]},"product_brand":[],"product_cat":[18,17,20,73],"product_tag":[],"class_list":{"0":"post-3102","1":"product","2":"type-product","3":"status-publish","4":"has-post-thumbnail","6":"product_cat-licencias-digitales","7":"product_cat-microsoft","8":"product_cat-office","9":"product_cat-office-365-office","11":"first","12":"outofstock","13":"sale","14":"virtual","15":"taxable","16":"purchasable","17":"product-type-simple"},"_links":{"self":[{"href":"https:\/\/win10cdkeys.com\/pl\/wp-json\/wp\/v2\/product\/3102","targetHints":{"allow":["GET"]}}],"collection":[{"href":"https:\/\/win10cdkeys.com\/pl\/wp-json\/wp\/v2\/product"}],"about":[{"href":"https:\/\/win10cdkeys.com\/pl\/wp-json\/wp\/v2\/types\/product"}],"replies":[{"embeddable":true,"href":"https:\/\/win10cdkeys.com\/pl\/wp-json\/wp\/v2\/comments?post=3102"}],"wp:featuredmedia":[{"embeddable":true,"href":"https:\/\/win10cdkeys.com\/pl\/wp-json\/wp\/v2\/media\/3103"}],"wp:attachment":[{"href":"https:\/\/win10cdkeys.com\/pl\/wp-json\/wp\/v2\/media?parent=3102"}],"wp:term":[{"taxonomy":"product_brand","embeddable":true,"href":"https:\/\/win10cdkeys.com\/pl\/wp-json\/wp\/v2\/product_brand?post=3102"},{"taxonomy":"product_cat","embeddable":true,"href":"https:\/\/win10cdkeys.com\/pl\/wp-json\/wp\/v2\/product_cat?post=3102"},{"taxonomy":"product_tag","embeddable":true,"href":"https:\/\/win10cdkeys.com\/pl\/wp-json\/wp\/v2\/product_tag?post=3102"}],"curies":[{"name":"wp","href":"https:\/\/api.w.org\/{rel}","templated":true}]}}