{"id":7223,"date":"2024-02-02T11:28:03","date_gmt":"2024-02-02T10:28:03","guid":{"rendered":"https:\/\/win10cdkeys.com\/?page_id=7223"},"modified":"2024-09-27T12:24:30","modified_gmt":"2024-09-27T10:24:30","slug":"refund_returns","status":"publish","type":"page","link":"https:\/\/win10cdkeys.com\/pt\/reembolso_devoluciones\/","title":{"rendered":"Pol\u00edtica de devolu\u00e7\u00e3o e reembolso"},"content":{"rendered":"<div data-elementor-type=\"wp-page\" data-elementor-id=\"7223\" class=\"elementor elementor-7223\">\n\t\t\t\t<div class=\"elementor-element elementor-element-ee1d22a e-flex e-con-boxed e-con e-parent\" data-id=\"ee1d22a\" data-element_type=\"container\" data-e-type=\"container\">\n\t\t\t\t\t<div class=\"e-con-inner\">\n\t\t\t\t<div class=\"elementor-element elementor-element-3080456a elementor-widget elementor-widget-text-editor\" data-id=\"3080456a\" data-element_type=\"widget\" data-e-type=\"widget\" data-widget_type=\"text-editor.default\">\n\t\t\t\t<div class=\"elementor-widget-container\">\n\t\t\t\t\t\t\t\t\t<p><\/p>\n<h1><strong>Pol\u00edtica de devolu\u00e7\u00e3o e reembolso<\/strong><\/h1>\n<h3><b style=\"font-size: 24px; color: #222222; text-align: var(--text-align);\">Resumo<\/b><\/h3>\n<p>No que respeita \u00e0 seguran\u00e7a dos produtos digitais, n\u00e3o ser\u00e3o permitidas quaisquer devolu\u00e7\u00f5es ou reembolsos se a licen\u00e7a tiver sido recebida e tiver sido utilizada. O produto pode ser devolvido no prazo de 14 dias se n\u00e3o tiver sido utilizado.<\/p>\n<p>Se houver um erro na licen\u00e7a, ser\u00e1 enviada uma substitui\u00e7\u00e3o sempre que poss\u00edvel. Se houver um erro na licen\u00e7a e n\u00e3o tivermos stock para a substitui\u00e7\u00e3o, procederemos ao reembolso total da encomenda, desde que n\u00e3o tenham passado mais de 30 dias desde que a encomenda foi efectuada.<br><span style=\"text-align: var(--text-align);\">Se 2 horas ap\u00f3s o pagamento e n\u00e3o tiver recebido o produto.<br><\/span><span style=\"text-align: var(--text-align);\">Se o produto adquirido estiver esgotado.<\/span><\/p>\n<p><\/p>\n<p><\/p>\n<h2><span style=\"text-align: var(--text-align);\">Precisa de ajuda?<\/span><\/h2>\n<h2><span style=\"text-align: var(--text-align); color: #444444; font-size: 16px; font-weight: 400;\"><a href=\"https:\/\/win10cdkeys.com\/pt\/contactar-nos\/\" target=\"_blank\" rel=\"noopener\">Contacte-nos em<\/a> ou envie-nos uma mensagem de correio eletr\u00f3nico para <a href=\"mailto:support@win10cdkeys.com\">support@win10cdkeys.com<\/a> para quest\u00f5es sobre devolu\u00e7\u00f5es e reembolsos.<\/span><\/h2>\n<p><\/p>\t\t\t\t\t\t\t\t<\/div>\n\t\t\t\t<\/div>\n\t\t\t\t\t<\/div>\n\t\t\t\t<\/div>\n\t\t\t\t<\/div>","protected":false},"excerpt":{"rendered":"<p>Pol\u00edtica de Devoluciones y Reembolsos Resumen Por seguridad en los productos digitales NO se permitir\u00e1n devoluciones ni reembolsos si se ha recibido la licencia y la licencia se ha usado. El producto puede ser devuelto en un plazo m\u00e1ximo de 14 d\u00edas siempre que no haya sido utilizado. Si tiene algun error con la licencia [&hellip;]<\/p>\n","protected":false},"author":1,"featured_media":0,"parent":0,"menu_order":0,"comment_status":"closed","ping_status":"closed","template":"elementor_header_footer","meta":{"inline_featured_image":false,"_joinchat":[],"footnotes":""},"class_list":["post-7223","page","type-page","status-publish","hentry"],"_links":{"self":[{"href":"https:\/\/win10cdkeys.com\/pt\/wp-json\/wp\/v2\/pages\/7223","targetHints":{"allow":["GET"]}}],"collection":[{"href":"https:\/\/win10cdkeys.com\/pt\/wp-json\/wp\/v2\/pages"}],"about":[{"href":"https:\/\/win10cdkeys.com\/pt\/wp-json\/wp\/v2\/types\/page"}],"author":[{"embeddable":true,"href":"https:\/\/win10cdkeys.com\/pt\/wp-json\/wp\/v2\/users\/1"}],"replies":[{"embeddable":true,"href":"https:\/\/win10cdkeys.com\/pt\/wp-json\/wp\/v2\/comments?post=7223"}],"version-history":[{"count":0,"href":"https:\/\/win10cdkeys.com\/pt\/wp-json\/wp\/v2\/pages\/7223\/revisions"}],"wp:attachment":[{"href":"https:\/\/win10cdkeys.com\/pt\/wp-json\/wp\/v2\/media?parent=7223"}],"curies":[{"name":"wp","href":"https:\/\/api.w.org\/{rel}","templated":true}]}}