{"id":7460,"date":"2024-02-04T14:24:12","date_gmt":"2024-02-04T13:24:12","guid":{"rendered":"https:\/\/win10cdkeys.com\/?page_id=7460"},"modified":"2024-05-10T14:05:25","modified_gmt":"2024-05-10T12:05:25","slug":"politica-de-privacidade","status":"publish","type":"page","link":"https:\/\/win10cdkeys.com\/pt\/politica-de-privacidad\/","title":{"rendered":"Pol\u00edtica de privacidade"},"content":{"rendered":"<div data-elementor-type=\"wp-page\" data-elementor-id=\"7460\" class=\"elementor elementor-7460\">\n\t\t\t\t<div class=\"elementor-element elementor-element-2be517d e-flex e-con-boxed e-con e-parent\" data-id=\"2be517d\" data-element_type=\"container\" data-e-type=\"container\">\n\t\t\t\t\t<div class=\"e-con-inner\">\n\t\t\t\t<div class=\"elementor-element elementor-element-3b3b7b72 elementor-widget elementor-widget-text-editor\" data-id=\"3b3b7b72\" data-element_type=\"widget\" data-e-type=\"widget\" data-widget_type=\"text-editor.default\">\n\t\t\t\t<div class=\"elementor-widget-container\">\n\t\t\t\t\t\t\t\t\t\n<h2 class=\"wp-block-heading\">Quem somos<\/h2>\n\n<p>O endere\u00e7o do nosso s\u00edtio Web \u00e9 o seguinte: <a href=\"https:\/\/win10cdkeys.com\/pt\/\">https:\/\/win10cdkeys.com<\/a><\/p>\n<p>Pode contactar-nos a partir do nosso <a href=\"https:\/\/win10cdkeys.com\/pt\/contactar-nos\/\" target=\"_blank\" rel=\"noopener\">p\u00e1gina de contacto<\/a> ou escrever-nos por correio eletr\u00f3nico <a href=\"mailto:ventas@win10cdkeys.com\">ventas@win10cdkeys.com<\/a><\/p>\n\n<h2 class=\"wp-block-heading\">Coment\u00e1rios<\/h2>\n\n<p>Quando os visitantes deixam coment\u00e1rios no s\u00edtio, recolhemos os dados apresentados no formul\u00e1rio de coment\u00e1rio, bem como o endere\u00e7o IP do visitante e a cadeia de agentes do utilizador do navegador para ajudar na dete\u00e7\u00e3o de spam.<\/p>\n\n<p>Uma cadeia an\u00f3nima criada a partir do seu endere\u00e7o de correio eletr\u00f3nico (tamb\u00e9m designada por hash) pode ser fornecida ao servi\u00e7o Gravatar para verificar se o est\u00e1 a utilizar. A pol\u00edtica de privacidade do servi\u00e7o Gravatar est\u00e1 dispon\u00edvel aqui: https:\/\/automattic.com\/privacy\/. Ap\u00f3s a aprova\u00e7\u00e3o do seu coment\u00e1rio, a sua fotografia de perfil fica vis\u00edvel para o p\u00fablico no contexto do seu coment\u00e1rio.<\/p>\n\n<h2 class=\"wp-block-heading\">Media<\/h2>\n\n<p>Se carregar imagens para o s\u00edtio Web, deve evitar carregar imagens com dados de localiza\u00e7\u00e3o (EXIF GPS) inclu\u00eddos. Os visitantes do s\u00edtio Web podem descarregar e extrair quaisquer dados de localiza\u00e7\u00e3o das imagens no s\u00edtio Web.<\/p>\n\n<h2 class=\"wp-block-heading\">Biscoitos<\/h2>\n\n<p>Se deixar um coment\u00e1rio no nosso site, pode optar por guardar o seu nome, endere\u00e7o de correio eletr\u00f3nico e s\u00edtio Web nos cookies. Isto \u00e9 para sua conveni\u00eancia, para que n\u00e3o tenha de voltar a preencher os seus dados quando deixar outro coment\u00e1rio. Estes cookies t\u00eam a dura\u00e7\u00e3o de um ano.<\/p>\n\n<p>Se tiver uma conta e iniciar sess\u00e3o neste s\u00edtio, definiremos um cookie tempor\u00e1rio para determinar se o seu browser aceita cookies. Este cookie n\u00e3o cont\u00e9m quaisquer dados pessoais e \u00e9 eliminado quando o utilizador fecha o seu browser.<\/p>\n\n<p>Quando inicia sess\u00e3o, tamb\u00e9m definimos uma s\u00e9rie de cookies para guardar as suas informa\u00e7\u00f5es de in\u00edcio de sess\u00e3o e op\u00e7\u00f5es de visualiza\u00e7\u00e3o do ecr\u00e3. Os cookies de in\u00edcio de sess\u00e3o t\u00eam uma dura\u00e7\u00e3o de dois dias e os cookies de op\u00e7\u00f5es de visualiza\u00e7\u00e3o t\u00eam uma dura\u00e7\u00e3o de um ano. Se selecionar \"Lembrar-me\", o seu in\u00edcio de sess\u00e3o durar\u00e1 duas semanas. Se terminar a sess\u00e3o na sua conta, os seus cookies de in\u00edcio de sess\u00e3o ser\u00e3o eliminados.<\/p>\n\n<p>Se editar ou publicar um artigo, ser\u00e1 guardado um cookie adicional no seu browser. Este cookie n\u00e3o cont\u00e9m quaisquer dados pessoais e indica simplesmente o ID do artigo que acabou de editar. Expira ao fim de 1 dia.<br \/><br \/><\/p>\n<p>O nosso s\u00edtio Web utiliza cookies para melhorar a experi\u00eancia do utilizador e para recolher informa\u00e7\u00f5es sobre a forma como o s\u00edtio \u00e9 utilizado. Em particular, utilizamos cookies fornecidos pelo Google Analytics e o pixel do Facebook.<\/p>\n<p><strong>Google Analytics:<\/strong><\/p>\n<p>O Google Analytics \u00e9 um servi\u00e7o de an\u00e1lise da Web fornecido pela Google que utiliza cookies para recolher dados sobre a forma como os utilizadores utilizam o s\u00edtio Web. As informa\u00e7\u00f5es recolhidas incluem detalhes sobre a localiza\u00e7\u00e3o geogr\u00e1fica dos utilizadores, o dispositivo que est\u00e3o a utilizar, as p\u00e1ginas que visitam e a dura\u00e7\u00e3o da sua visita. Estas informa\u00e7\u00f5es s\u00e3o utilizadas para analisar o tr\u00e1fego do s\u00edtio Web, compreender melhor as prefer\u00eancias dos utilizadores e melhorar a experi\u00eancia geral do utilizador no s\u00edtio.<\/p>\n<p>Pode obter mais informa\u00e7\u00f5es sobre a forma como o Google Analytics utiliza os dados recolhidos e como pode controlar a utiliza\u00e7\u00e3o de cookies visitando a p\u00e1gina <a href=\"https:\/\/policies.google.com\/privacy\" target=\"_new\" rel=\"noreferrer noopener\">Pol\u00edtica de privacidade da Google<\/a>.<\/p>\n<p><strong>P\u00edxel do Facebook:<\/strong><\/p>\n<p>O pixel do Facebook \u00e9 uma ferramenta de an\u00e1lise fornecida pelo Facebook que utiliza cookies para recolher informa\u00e7\u00f5es sobre as intera\u00e7\u00f5es dos utilizadores com o nosso s\u00edtio Web. Isto inclui dados sobre as p\u00e1ginas visitadas, ac\u00e7\u00f5es realizadas no s\u00edtio e outras informa\u00e7\u00f5es relevantes para a otimiza\u00e7\u00e3o da publicidade do Facebook.<\/p>\n<p>As informa\u00e7\u00f5es recolhidas atrav\u00e9s do pixel do Facebook s\u00e3o utilizadas para fornecer publicidade direcionada na plataforma do Facebook e para medir a efic\u00e1cia das nossas campanhas publicit\u00e1rias.<\/p>\n<p>Para mais informa\u00e7\u00f5es sobre a forma como o Facebook utiliza os dados recolhidos atrav\u00e9s do p\u00edxel e como pode controlar a utiliza\u00e7\u00e3o de cookies, consulte a <a href=\"https:\/\/www.facebook.com\/policies\/cookies\/\" target=\"_new\" rel=\"noreferrer noopener\">Pol\u00edtica de cookies do Facebook<\/a>.<\/p>\n<p>\u00a0<\/p>\n\n<h2 class=\"wp-block-heading\">Conte\u00fado incorporado de outros s\u00edtios Web<\/h2>\n\n<p>Os artigos deste s\u00edtio podem incluir conte\u00fados incorporados (por exemplo, v\u00eddeos, imagens, artigos, etc.). O conte\u00fado incorporado de outros s\u00edtios Web comporta-se exatamente da mesma forma como se o visitante tivesse visitado o outro s\u00edtio Web.<\/p>\n\n<p>Estes s\u00edtios Web podem recolher dados sobre o utilizador, utilizar cookies, incorporar rastreio adicional de terceiros e monitorizar a sua intera\u00e7\u00e3o com esse conte\u00fado incorporado, incluindo o rastreio da sua intera\u00e7\u00e3o com o conte\u00fado incorporado se tiver uma conta e estiver ligado a esse s\u00edtio Web.<\/p>\n\n<h2 class=\"wp-block-heading\">Com quem partilhamos os seus dados<\/h2>\n\n<p>Se solicitar uma reposi\u00e7\u00e3o da palavra-passe, o seu endere\u00e7o IP ser\u00e1 inclu\u00eddo na mensagem de correio eletr\u00f3nico de reposi\u00e7\u00e3o.<\/p>\n\n<h2 class=\"wp-block-heading\">Durante quanto tempo conservamos os seus dados<\/h2>\n\n<p>Se deixar um coment\u00e1rio, o coment\u00e1rio e os seus metadados s\u00e3o conservados indefinidamente. Isto \u00e9 para que possamos reconhecer e aprovar automaticamente os coment\u00e1rios sucessivos, em vez de os mantermos numa fila de modera\u00e7\u00e3o.<\/p>\n\n<p>Para os utilizadores que se registam no nosso s\u00edtio Web (se for o caso), tamb\u00e9m guardamos as informa\u00e7\u00f5es pessoais que fornecem no seu perfil de utilizador. Todos os utilizadores podem ver, editar ou eliminar as suas informa\u00e7\u00f5es pessoais em qualquer altura (exceto que n\u00e3o podem alterar o seu nome de utilizador). Os administradores do s\u00edtio tamb\u00e9m podem ver e editar essas informa\u00e7\u00f5es.<\/p>\n\n<h2 class=\"wp-block-heading\">Que direitos tem sobre os seus dados<\/h2>\n\n<p>Se tiver uma conta ou tiver deixado coment\u00e1rios neste s\u00edtio Web, pode pedir para receber um ficheiro de exporta\u00e7\u00e3o dos dados pessoais que temos sobre si, incluindo quaisquer dados que nos tenha fornecido. Pode tamb\u00e9m solicitar a elimina\u00e7\u00e3o de quaisquer dados pessoais que tenhamos sobre si. Isto n\u00e3o inclui quaisquer dados que sejamos obrigados a reter para fins administrativos, legais ou de seguran\u00e7a.<\/p>\n\n<h2 class=\"wp-block-heading\">Para onde s\u00e3o enviados os seus dados<\/h2>\n\n<p>Os coment\u00e1rios dos visitantes podem ser verificados por um servi\u00e7o autom\u00e1tico de dete\u00e7\u00e3o de spam.<\/p>\n<p>Recolhemos informa\u00e7\u00f5es do utilizador durante o processo de checkout na nossa loja.<\/p>\n<h2>O que recolhemos e armazenamos<\/h2>\n<p>Enquanto estiver a visitar o nosso site, iremos manter um registo de:<\/p>\n<ul>\n<li>Produtos que visualizou: Utilizaremos estes dados para, por exemplo, mostrar-lhe produtos que visualizou recentemente.<\/li>\n<li>Localiza\u00e7\u00e3o, endere\u00e7o IP e tipo de browser: utilizamos estes dados para efeitos de c\u00e1lculo de impostos e custos de envio.<\/li>\n<li>Endere\u00e7o de envio: pedimos-lhe que o indique para podermos, por exemplo, calcular o custo de envio antes de efetuar uma encomenda e enviar-lhe a encomenda!<\/li>\n<\/ul>\n<p>Tamb\u00e9m utilizamos cookies para controlar o conte\u00fado do seu carrinho de compras \u00e0 medida que navega no nosso site.<\/p>\n<p>Quando nos compra algo, pedimos-lhe que forne\u00e7a informa\u00e7\u00f5es, incluindo o seu nome, endere\u00e7o de fatura\u00e7\u00e3o, endere\u00e7o de envio, endere\u00e7o de correio eletr\u00f3nico, n\u00famero de telefone, dados do cart\u00e3o de cr\u00e9dito\/pagamento e informa\u00e7\u00f5es adicionais opcionais, como o nome de utilizador e a palavra-passe. Utilizaremos estas informa\u00e7\u00f5es para fins tais como:<\/p>\n<ul>\n<li>Enviar-lhe informa\u00e7\u00f5es sobre a sua conta e encomenda<\/li>\n<li>Responder aos pedidos do utilizador, incluindo reembolsos e reclama\u00e7\u00f5es<\/li>\n<li>Processamento de pagamentos e preven\u00e7\u00e3o de fraudes<\/li>\n<li>Criar a sua conta na nossa loja<\/li>\n<li>Cumprir com quaisquer obriga\u00e7\u00f5es legais que tenhamos, tais como c\u00e1lculos de impostos<\/li>\n<li>Melhorar as ofertas na nossa loja<\/li>\n<li>Enviar mensagens promocionais ao utilizador, se este optar por receb\u00ea-las<\/li>\n<\/ul>\n<p>Se o utilizador criar uma conta, armazenaremos o seu nome, endere\u00e7o, endere\u00e7o de correio eletr\u00f3nico e n\u00famero de telefone, que utilizaremos para finalizar a compra e para futuras encomendas.<\/p>\n<p>Normalmente, armazenamos as informa\u00e7\u00f5es sobre o utilizador durante o tempo necess\u00e1rio para os fins para os quais as recolhemos e utilizamos e n\u00e3o somos legalmente obrigados a mant\u00ea-las por mais tempo. Por exemplo, armazenamos informa\u00e7\u00f5es sobre encomendas durante 4 anos para fins fiscais e contabil\u00edsticos. Isto inclui o seu nome, endere\u00e7o de correio eletr\u00f3nico e endere\u00e7os de fatura\u00e7\u00e3o e de envio.<\/p>\n<p>Tamb\u00e9m guardamos coment\u00e1rios ou classifica\u00e7\u00f5es, se o utilizador optar por os deixar.<\/p>\n<h2>Quem na nossa equipa tem acesso a<\/h2>\n<p>Os membros da nossa equipa t\u00eam acesso \u00e0s informa\u00e7\u00f5es que nos fornece. Por exemplo, os administradores e os gestores de loja podem aceder \u00e0s mesmas:<\/p>\n<ul>\n<li>Informa\u00e7\u00f5es sobre a encomenda, tais como o que foi comprado, quando foi comprado e para onde deve ser enviado, e<\/li>\n<li>Informa\u00e7\u00f5es do cliente, tais como o seu nome, endere\u00e7o de correio eletr\u00f3nico e informa\u00e7\u00f5es de fatura\u00e7\u00e3o e envio.<\/li>\n<\/ul>\n<p>Os membros da nossa equipa t\u00eam acesso a estas informa\u00e7\u00f5es para ajudar a concluir encomendas, processar reembolsos e prestar apoio ao cliente.<\/p>\n<h2>O que partilhamos com os outros<\/h2>\n<p>Partilhamos informa\u00e7\u00f5es com outras pessoas que nos ajudam a entregar as nossas encomendas e a gerir servi\u00e7os para o utilizador.<\/p>\n<h3>Pagamentos<\/h3>\n<p>Aceitamos pagamentos atrav\u00e9s de PayPal. Ao processar os pagamentos, alguns dos seus dados ser\u00e3o transmitidos ao PayPal, incluindo as informa\u00e7\u00f5es necess\u00e1rias para processar ou suportar o pagamento, como o total da compra e as informa\u00e7\u00f5es de fatura\u00e7\u00e3o.<\/p>\n<p>Por favor, verifique o\u00a0<a href=\"https:\/\/www.paypal.com\/es\/webapps\/mpp\/ua\/privacy-full\" target=\"_blank\" rel=\"noopener\">Pol\u00edtica de privacidade do PayPal<\/a> para mais pormenores.<\/p>\n\t\t\t\t\t\t\t\t<\/div>\n\t\t\t\t<\/div>\n\t\t\t\t\t<\/div>\n\t\t\t\t<\/div>\n\t\t\t\t<\/div>","protected":false},"excerpt":{"rendered":"<p>Qui\u00e9nes somos La direcci\u00f3n de nuestra web es: https:\/\/win10cdkeys.com Puede ponerse en contacto con nosotros desde nuestra p\u00e1gina de contacto o escribirnos al email ventas@win10cdkeys.com Comentarios Cuando los visitantes dejan comentarios en la web, recopilamos los datos que se muestran en el formulario de comentarios, as\u00ed como la direcci\u00f3n IP del visitante y la cadena [&hellip;]<\/p>\n","protected":false},"author":1,"featured_media":0,"parent":0,"menu_order":0,"comment_status":"closed","ping_status":"closed","template":"elementor_header_footer","meta":{"inline_featured_image":false,"_joinchat":[],"footnotes":""},"class_list":["post-7460","page","type-page","status-publish","hentry"],"_links":{"self":[{"href":"https:\/\/win10cdkeys.com\/pt\/wp-json\/wp\/v2\/pages\/7460","targetHints":{"allow":["GET"]}}],"collection":[{"href":"https:\/\/win10cdkeys.com\/pt\/wp-json\/wp\/v2\/pages"}],"about":[{"href":"https:\/\/win10cdkeys.com\/pt\/wp-json\/wp\/v2\/types\/page"}],"author":[{"embeddable":true,"href":"https:\/\/win10cdkeys.com\/pt\/wp-json\/wp\/v2\/users\/1"}],"replies":[{"embeddable":true,"href":"https:\/\/win10cdkeys.com\/pt\/wp-json\/wp\/v2\/comments?post=7460"}],"version-history":[{"count":0,"href":"https:\/\/win10cdkeys.com\/pt\/wp-json\/wp\/v2\/pages\/7460\/revisions"}],"wp:attachment":[{"href":"https:\/\/win10cdkeys.com\/pt\/wp-json\/wp\/v2\/media?parent=7460"}],"curies":[{"name":"wp","href":"https:\/\/api.w.org\/{rel}","templated":true}]}}