{"id":7789,"date":"2024-05-10T13:33:11","date_gmt":"2024-05-10T11:33:11","guid":{"rendered":"https:\/\/win10cdkeys.com\/?page_id=7789"},"modified":"2024-09-26T09:59:53","modified_gmt":"2024-09-26T07:59:53","slug":"politica-de-pagamento","status":"publish","type":"page","link":"https:\/\/win10cdkeys.com\/pt\/payment-policy\/","title":{"rendered":"Pol\u00edtica de pagamento"},"content":{"rendered":"<div data-elementor-type=\"wp-page\" data-elementor-id=\"7789\" class=\"elementor elementor-7789\">\n\t\t\t\t<div class=\"elementor-element elementor-element-39ebdfe0 e-flex e-con-boxed e-con e-parent\" data-id=\"39ebdfe0\" data-element_type=\"container\" data-e-type=\"container\">\n\t\t\t\t\t<div class=\"e-con-inner\">\n\t\t\t\t<div class=\"elementor-element elementor-element-3c78099f elementor-widget elementor-widget-text-editor\" data-id=\"3c78099f\" data-element_type=\"widget\" data-e-type=\"widget\" data-widget_type=\"text-editor.default\">\n\t\t\t\t<div class=\"elementor-widget-container\">\n\t\t\t\t\t\t\t\t\t<h1>Pol\u00edtica de pagamento<\/h1><p>Aceitamos pagamentos atrav\u00e9s de uma variedade de op\u00e7\u00f5es de pagamento para garantir a conveni\u00eancia e a seguran\u00e7a dos nossos clientes. Antes de efetuar qualquer compra no nosso s\u00edtio Web, leia atentamente a nossa pol\u00edtica de pagamento.<\/p><h3><strong>Formas de pagamento:<\/strong><\/h3><ol><li><strong>Cart\u00f5es de cr\u00e9dito\/d\u00e9bito:<\/strong> Aceitamos Visa, Mastercard, American Express e outros cart\u00f5es de cr\u00e9dito e d\u00e9bito. Todos os pagamentos com cart\u00e3o s\u00e3o processados de forma segura atrav\u00e9s do nosso portal de pagamentos.<\/li><li><strong>PayPal:<\/strong> Tamb\u00e9m oferecemos a op\u00e7\u00e3o de pagamento via PayPal, permitindo-lhe utilizar fundos da sua conta PayPal ou pagar com cart\u00e3o de cr\u00e9dito\/d\u00e9bito associado \u00e0 sua conta PayPal. O PayPal oferece um n\u00edvel adicional de seguran\u00e7a e prote\u00e7\u00e3o para as suas transac\u00e7\u00f5es.<\/li><li><strong>Transfer\u00eancia banc\u00e1ria:<\/strong> Tamb\u00e9m aceitamos pagamentos por transfer\u00eancia banc\u00e1ria direta para a nossa conta banc\u00e1ria. Tenha em aten\u00e7\u00e3o que as transfer\u00eancias banc\u00e1rias podem demorar 3 a 5 dias \u00fateis a serem processadas, dependendo do banco emissor e do banco recetor.<\/li><li><p><strong>Google Pay:\u00a0<\/strong>Pode fazer as suas compras utilizando o Google Pay, um m\u00e9todo r\u00e1pido e seguro que lhe permite pagar diretamente a partir do seu dispositivo m\u00f3vel ou navegador. Quando utiliza o Google Pay, os seus dados financeiros est\u00e3o protegidos por camadas avan\u00e7adas de seguran\u00e7a.<\/p><\/li><li><p><strong>Apple Pay:\u00a0<\/strong>Se tiver um dispositivo Apple, tamb\u00e9m pode optar por pagar com o Apple Pay. Este m\u00e9todo permite-lhe efetuar pagamentos de forma f\u00e1cil e segura a partir do seu iPhone, iPad ou Mac, com o apoio das medidas de seguran\u00e7a avan\u00e7adas da Apple.<\/p><\/li><\/ol><h3><strong>Processo de pagamento:<\/strong><\/h3><p>Todas as encomendas ser\u00e3o processadas ap\u00f3s a rece\u00e7\u00e3o do pagamento integral. Isto significa que a sua encomenda n\u00e3o ser\u00e1 enviada at\u00e9 termos confirmado a rece\u00e7\u00e3o do pagamento na nossa conta. Tenha em aten\u00e7\u00e3o que o tempo de processamento pode variar consoante o m\u00e9todo de pagamento escolhido.<\/p><h2>Tem alguma pergunta?<\/h2><p>Se tiver alguma d\u00favida sobre a nossa pol\u00edtica, contacte-nos atrav\u00e9s de <a href=\"https:\/\/win10cdkeys.com\/pt\/contactar-nos\/\" target=\"_blank\" rel=\"noopener\">P\u00e1gina de contacto<\/a> ou por correio eletr\u00f3nico para <a href=\"mailto:ventas@win10cdkeys.com\">ventas@win10cdkeys.com<\/a><\/p>\t\t\t\t\t\t\t\t<\/div>\n\t\t\t\t<\/div>\n\t\t\t\t\t<\/div>\n\t\t\t\t<\/div>\n\t\t\t\t<\/div>","protected":false},"excerpt":{"rendered":"<p>Pol\u00edtica de Pagos Aceptamos pagos a trav\u00e9s de varias opciones para garantizar la comodidad y la seguridad de nuestros clientes. Antes de realizar cualquier compra en nuestro sitio web, te pedimos que leas detenidamente nuestra pol\u00edtica de pagos. M\u00e9todos de Pago: Tarjetas de Cr\u00e9dito\/D\u00e9bito: Aceptamos tarjetas de cr\u00e9dito y d\u00e9bito Visa, Mastercard, American Express y [&hellip;]<\/p>\n","protected":false},"author":1,"featured_media":0,"parent":0,"menu_order":0,"comment_status":"closed","ping_status":"closed","template":"elementor_header_footer","meta":{"inline_featured_image":false,"_joinchat":[],"footnotes":""},"class_list":["post-7789","page","type-page","status-publish","hentry"],"_links":{"self":[{"href":"https:\/\/win10cdkeys.com\/pt\/wp-json\/wp\/v2\/pages\/7789","targetHints":{"allow":["GET"]}}],"collection":[{"href":"https:\/\/win10cdkeys.com\/pt\/wp-json\/wp\/v2\/pages"}],"about":[{"href":"https:\/\/win10cdkeys.com\/pt\/wp-json\/wp\/v2\/types\/page"}],"author":[{"embeddable":true,"href":"https:\/\/win10cdkeys.com\/pt\/wp-json\/wp\/v2\/users\/1"}],"replies":[{"embeddable":true,"href":"https:\/\/win10cdkeys.com\/pt\/wp-json\/wp\/v2\/comments?post=7789"}],"version-history":[{"count":0,"href":"https:\/\/win10cdkeys.com\/pt\/wp-json\/wp\/v2\/pages\/7789\/revisions"}],"wp:attachment":[{"href":"https:\/\/win10cdkeys.com\/pt\/wp-json\/wp\/v2\/media?parent=7789"}],"curies":[{"name":"wp","href":"https:\/\/api.w.org\/{rel}","templated":true}]}}