{"id":7792,"date":"2024-05-10T13:43:41","date_gmt":"2024-05-10T11:43:41","guid":{"rendered":"https:\/\/win10cdkeys.com\/?page_id=7792"},"modified":"2024-09-12T10:30:55","modified_gmt":"2024-09-12T08:30:55","slug":"termos-e-condicoes","status":"publish","type":"page","link":"https:\/\/win10cdkeys.com\/pt\/terms-and-cond\/","title":{"rendered":"Termos e condi\u00e7\u00f5es"},"content":{"rendered":"<div data-elementor-type=\"wp-page\" data-elementor-id=\"7792\" class=\"elementor elementor-7792\">\n\t\t\t\t<div class=\"elementor-element elementor-element-1f9ba7fd e-flex e-con-boxed e-con e-parent\" data-id=\"1f9ba7fd\" data-element_type=\"container\" data-e-type=\"container\">\n\t\t\t\t\t<div class=\"e-con-inner\">\n\t\t\t\t<div class=\"elementor-element elementor-element-248cecf elementor-widget elementor-widget-heading\" data-id=\"248cecf\" data-element_type=\"widget\" data-e-type=\"widget\" data-widget_type=\"heading.default\">\n\t\t\t\t<div class=\"elementor-widget-container\">\n\t\t\t\t\t<h2 class=\"elementor-heading-title elementor-size-default\">Termos e condi\u00e7\u00f5es<\/h2>\t\t\t\t<\/div>\n\t\t\t\t<\/div>\n\t\t\t\t<div class=\"elementor-element elementor-element-36ec56c1 elementor-widget elementor-widget-text-editor\" data-id=\"36ec56c1\" data-element_type=\"widget\" data-e-type=\"widget\" data-widget_type=\"text-editor.default\">\n\t\t\t\t<div class=\"elementor-widget-container\">\n\t\t\t\t\t\t\t\t\t<p>Ao aceder e utilizar o nosso s\u00edtio Web, o utilizador concorda em cumprir e ficar vinculado aos seguintes termos e condi\u00e7\u00f5es de utiliza\u00e7\u00e3o. Se n\u00e3o concordar com algum destes termos, n\u00e3o utilize o nosso s\u00edtio.<\/p><p><strong>1. utiliza\u00e7\u00e3o do s\u00edtio:<\/strong><\/p><p>A utiliza\u00e7\u00e3o deste s\u00edtio Web est\u00e1 sujeita \u00e0s seguintes condi\u00e7\u00f5es:<\/p><ul><li>O conte\u00fado do s\u00edtio destina-se apenas a informa\u00e7\u00e3o geral e uso pessoal.<\/li><li>Reservamo-nos o direito de modificar ou retirar o s\u00edtio (ou qualquer parte do mesmo) sem aviso pr\u00e9vio.<\/li><\/ul><p><strong>2. Privacidade:<\/strong><\/p><p>A sua privacidade \u00e9 importante para n\u00f3s. Leia a nossa <a href=\"https:\/\/win10cdkeys.com\/pt\/politica-de-privacidade\/\">Pol\u00edtica de privacidade<\/a> para compreender como recolhemos, utilizamos e protegemos os seus dados pessoais.<\/p><p><strong>3. Pagamentos:<\/strong><\/p><p>Ao efetuar uma compra no nosso site, o utilizador concorda com os termos da nossa <a href=\"https:\/\/win10cdkeys.com\/pt\/politica-de-pagamento\/\" target=\"_new\" rel=\"noreferrer noopener\">Pol\u00edtica de pagamento<\/a>que descreve os m\u00e9todos de pagamento dispon\u00edveis e o processo de pagamento.<\/p><p><strong>4. Expedi\u00e7\u00f5es:<\/strong><\/p><p>Ler o nosso <a href=\"https:\/\/win10cdkeys.com\/pt\/politica-de-envio\/\" target=\"_new\" rel=\"noreferrer noopener\">Pol\u00edtica de envio<\/a> para obter informa\u00e7\u00f5es sobre os prazos de entrega, os m\u00e9todos de envio dispon\u00edveis e as taxas aplic\u00e1veis.<\/p><p><strong>5. Devolu\u00e7\u00f5es e reembolsos:<\/strong><\/p><p>Consultar o nosso <a href=\"https:\/\/win10cdkeys.com\/pt\/refund_returns\/\" target=\"_new\" rel=\"noreferrer noopener\">Pol\u00edtica de devolu\u00e7\u00e3o<\/a> para compreender os procedimentos e as condi\u00e7\u00f5es de devolu\u00e7\u00e3o de produtos e de pedido de reembolso.<\/p><p><strong>6. Altera\u00e7\u00f5es \u00e0s Condi\u00e7\u00f5es:<\/strong><\/p><p>Reservamo-nos o direito de atualizar ou modificar estes termos em qualquer altura sem aviso pr\u00e9vio. \u00c9 da responsabilidade do utilizador rever periodicamente os termos e condi\u00e7\u00f5es para ter conhecimento de quaisquer altera\u00e7\u00f5es.<\/p><p><strong>7. Contacto:<\/strong><\/p><p>Se tiver alguma d\u00favida sobre os presentes termos e condi\u00e7\u00f5es, n\u00e3o hesite em contactar-nos atrav\u00e9s de <a href=\"https:\/\/win10cdkeys.com\/pt\/contactar-nos\/\" target=\"_new\" rel=\"noreferrer noopener\">contacte-nos em<\/a> ou escrever para o nosso correio eletr\u00f3nico <a href=\"mailto:support@win10cdkeys.com\">support@win10cdkeys.com<\/a><\/p><p>Ao utilizar o nosso s\u00edtio Web, o utilizador aceita na \u00edntegra as presentes condi\u00e7\u00f5es gerais.<\/p>\t\t\t\t\t\t\t\t<\/div>\n\t\t\t\t<\/div>\n\t\t\t\t\t<\/div>\n\t\t\t\t<\/div>\n\t\t\t\t<\/div>","protected":false},"excerpt":{"rendered":"<p>T\u00e9rminos y Condiciones Al acceder y utilizar nuestro sitio web, aceptas cumplir y estar sujeto a los siguientes t\u00e9rminos y condiciones de uso. Si no est\u00e1s de acuerdo con alguno de estos t\u00e9rminos, te pedimos que no utilices nuestro sitio. 1. Uso del Sitio: El uso de este sitio web est\u00e1 sujeto a las siguientes [&hellip;]<\/p>\n","protected":false},"author":1,"featured_media":0,"parent":0,"menu_order":0,"comment_status":"closed","ping_status":"closed","template":"elementor_header_footer","meta":{"inline_featured_image":false,"_joinchat":[],"footnotes":""},"class_list":["post-7792","page","type-page","status-publish","hentry"],"_links":{"self":[{"href":"https:\/\/win10cdkeys.com\/pt\/wp-json\/wp\/v2\/pages\/7792","targetHints":{"allow":["GET"]}}],"collection":[{"href":"https:\/\/win10cdkeys.com\/pt\/wp-json\/wp\/v2\/pages"}],"about":[{"href":"https:\/\/win10cdkeys.com\/pt\/wp-json\/wp\/v2\/types\/page"}],"author":[{"embeddable":true,"href":"https:\/\/win10cdkeys.com\/pt\/wp-json\/wp\/v2\/users\/1"}],"replies":[{"embeddable":true,"href":"https:\/\/win10cdkeys.com\/pt\/wp-json\/wp\/v2\/comments?post=7792"}],"version-history":[{"count":0,"href":"https:\/\/win10cdkeys.com\/pt\/wp-json\/wp\/v2\/pages\/7792\/revisions"}],"wp:attachment":[{"href":"https:\/\/win10cdkeys.com\/pt\/wp-json\/wp\/v2\/media?parent=7792"}],"curies":[{"name":"wp","href":"https:\/\/api.w.org\/{rel}","templated":true}]}}