{"id":18249,"date":"2024-11-21T10:33:43","date_gmt":"2024-11-21T09:33:43","guid":{"rendered":"https:\/\/win10cdkeys.com\/?post_type=product&#038;p=18249"},"modified":"2026-05-05T18:14:49","modified_gmt":"2026-05-05T16:14:49","slug":"windows-11-pro-pack-office-2021-pro-plus","status":"publish","type":"product","link":"https:\/\/win10cdkeys.com\/pt\/producto\/pack-windows-11-pro-office-2021-pro-plus\/","title":{"rendered":"Windows 11 Pro + Pacote Office 2021 Pro Plus"},"content":{"rendered":"<h2>Pacote de poupan\u00e7a para ativar o Windows 11 Pro e o Office 2021 Professional Plus<\/h2>\n<p>Exclusivo <strong>pacote de poupan\u00e7a<\/strong> que combina as ferramentas essenciais para maximizar a sua produtividade. Este pacote inclui:<\/p>\n<ul>\n<li><strong>Windows 11 Pro<\/strong>A vers\u00e3o mais recente do sistema operativo da Microsoft, concebida para proporcionar um desempenho \u00f3timo, uma interface moderna e intuitiva e funcionalidades avan\u00e7adas de seguran\u00e7a e gest\u00e3o para utilizadores profissionais e empresariais. Perfeito para o trabalho quotidiano e para utiliza\u00e7\u00e3o pessoal.<\/li>\n<li><strong>Office 2021 Professional Plus<\/strong>A suite de produtividade mais completa, incluindo aplica\u00e7\u00f5es essenciais como o Word, Excel, PowerPoint, Outlook, Access e Publisher. Ideal para gest\u00e3o de projectos, cria\u00e7\u00e3o de documentos e comunica\u00e7\u00e3o eficaz.<\/li>\n<\/ul>\n<p>Windows 11 Pro: licen\u00e7a digital de 25 d\u00edgitos para ativar 1 PC. V\u00e1lido apenas para o Windows Pro, se tiver a vers\u00e3o dom\u00e9stica pode seguir <a href=\"https:\/\/win10cdkeys.com\/pt\/atualizar-o-windows-home-para-pro\/\" target=\"_blank\" rel=\"noopener\">o nosso guia<\/a>.<\/p>\n<p>Office 2021: Licen\u00e7a digital de 25 d\u00edgitos para ativar o Office em 1 PC. V\u00e1lida apenas para a vers\u00e3o Professional Plus, se n\u00e3o a tiver descarregada, pode descarreg\u00e1-la. <a href=\"https:\/\/officecdn.microsoft.com\/db\/492350f6-3a01-4f97-b9c0-c7c6ddf67d60\/media\/pt-pt\/ProPlus2021Retail.img\" target=\"_blank\" rel=\"noopener\">a partir daqui<\/a>. O Office 2021 inclui o pacote Office completo para PCs com Windows: Word, Excel, PowerPoint, Outlook, Publisher, Access e OneNote.<\/p>\n<p>Licen\u00e7a do Windows do tipo \"Online\", a chave est\u00e1 permanentemente ligada ao seu PC de uma forma r\u00e1pida e f\u00e1cil.<\/p>","protected":false},"excerpt":{"rendered":"<p>Pack de ahorro para activar Windows 11 Pro y Office 2021 Professional Plus Exclusivo pack de ahorro que combina las herramientas esenciales para maximizar tu productividad. Este paquete incluye: Windows 11 Pro: La \u00faltima versi\u00f3n del sistema operativo de Microsoft, dise\u00f1ado para ofrecer un rendimiento \u00f3ptimo, una interfaz moderna e intuitiva, y caracter\u00edsticas avanzadas de [&hellip;]<\/p>\n","protected":false},"featured_media":37625,"comment_status":"closed","ping_status":"closed","template":"","meta":{"inline_featured_image":false,"_joinchat":[]},"product_brand":[],"product_cat":[86],"product_tag":[],"class_list":{"0":"post-18249","1":"product","2":"type-product","3":"status-publish","4":"has-post-thumbnail","6":"product_cat-packs-ahorro","7":"product_shipping_class-envio-instantaneo-digital","9":"first","10":"instock","11":"sale","12":"featured","13":"virtual","14":"sold-individually","15":"taxable","16":"purchasable","17":"product-type-woosb"},"_links":{"self":[{"href":"https:\/\/win10cdkeys.com\/pt\/wp-json\/wp\/v2\/product\/18249","targetHints":{"allow":["GET"]}}],"collection":[{"href":"https:\/\/win10cdkeys.com\/pt\/wp-json\/wp\/v2\/product"}],"about":[{"href":"https:\/\/win10cdkeys.com\/pt\/wp-json\/wp\/v2\/types\/product"}],"replies":[{"embeddable":true,"href":"https:\/\/win10cdkeys.com\/pt\/wp-json\/wp\/v2\/comments?post=18249"}],"wp:featuredmedia":[{"embeddable":true,"href":"https:\/\/win10cdkeys.com\/pt\/wp-json\/wp\/v2\/media\/37625"}],"wp:attachment":[{"href":"https:\/\/win10cdkeys.com\/pt\/wp-json\/wp\/v2\/media?parent=18249"}],"wp:term":[{"taxonomy":"product_brand","embeddable":true,"href":"https:\/\/win10cdkeys.com\/pt\/wp-json\/wp\/v2\/product_brand?post=18249"},{"taxonomy":"product_cat","embeddable":true,"href":"https:\/\/win10cdkeys.com\/pt\/wp-json\/wp\/v2\/product_cat?post=18249"},{"taxonomy":"product_tag","embeddable":true,"href":"https:\/\/win10cdkeys.com\/pt\/wp-json\/wp\/v2\/product_tag?post=18249"}],"curies":[{"name":"wp","href":"https:\/\/api.w.org\/{rel}","templated":true}]}}