{"id":3081,"date":"2022-05-03T18:10:51","date_gmt":"2022-05-03T16:10:51","guid":{"rendered":"https:\/\/win10cdkeys.com\/?post_type=product&#038;p=3081"},"modified":"2026-04-18T17:48:27","modified_gmt":"2026-04-18T15:48:27","slug":"office-2019-pro-plus-key-bind","status":"publish","type":"product","link":"https:\/\/win10cdkeys.com\/pt\/producto\/office-2019-pro-plus-key-bind\/","title":{"rendered":"Chave de licen\u00e7a do Office 2019 Pro Plus (BIND)"},"content":{"rendered":"<blockquote>\n<h2>Licen\u00e7a de ativa\u00e7\u00e3o expressa do Microsoft Office 2019 Pro Plus para PC (Windows)<\/h2>\n<\/blockquote>\n<h3>Chave do Office 2019 Bind Professional Plus<\/h3>\n<ul>\n<li>F\u00e1cil instala\u00e7\u00e3o e ativa\u00e7\u00e3o atrav\u00e9s de <a href=\"https:\/\/setup.office.com\" target=\"_blank\" rel=\"noopener\">o s\u00edtio Web da Microsoft.<\/a><\/li>\n<li>Licen\u00e7a \"Bind\", a chave est\u00e1 ligada \u00e0 sua conta Office para que n\u00e3o tenha de a introduzir novamente e com a op\u00e7\u00e3o de descarregar o Office da sua conta quando precisar dele.<\/li>\n<li>Inclui o pacote Office completo para PCs com Windows: <b>Word, Excel, PowerPoint, Outlook, Publisher, Access e OneNote e Skype for Business.<\/b><\/li>\n<li>A chave \u00e9 <strong>ativa\u00e7\u00e3o permanente<\/strong> uma vez ativado, n\u00e3o ser\u00e1 desativado e poder\u00e1 ter o Office 2019 nesse PC para sempre.<\/li>\n<li><strong>A chave \u00e9 compat\u00edvel com Windows 10\/Windows 11<\/strong><\/li>\n<\/ul>\n<h4>Porqu\u00ea escolher o Win10cdkeys?<\/h4>\n<p>Win10cdkeys oferece as melhores chaves de licen\u00e7a a um custo muito baixo com apoio ao cliente 24\/7 para resolver quest\u00f5es e erros. Win10cdkeys tem uma classifica\u00e7\u00e3o Trustpilot de 4.7 com 100% avalia\u00e7\u00f5es positivas.<br \/>\nSe encomendar connosco, receber\u00e1 instantaneamente uma licen\u00e7a por correio eletr\u00f3nico que pode copiar e colar no s\u00edtio Web oficial, podendo seguir o nosso guia de instala\u00e7\u00e3o. <a href=\"https:\/\/win10cdkeys.com\/pt\/descarregar-o-office-2021\/\">https:\/\/win10cdkeys.com\/descargar-office-2021\/<\/a><\/p>\n<p>&nbsp;<\/p>\n<h4>O Office 2019 n\u00e3o est\u00e1 dispon\u00edvel?<\/h4>\n<p>Tamb\u00e9m temos o Office 2021 Pro Plus (Bind).<br \/>\n<strong><a href=\"https:\/\/win10cdkeys.com\/pt\/produto\/office-2021-pro-plus-key-bind\/\">Clique aqui para ver o Office 2021.<\/a><\/strong><\/p>\n<p>Pagamentos r\u00e1pidos e seguros via PayPal, Cart\u00e3o de Cr\u00e9dito, Bizum ou Transfer\u00eancia Banc\u00e1ria. Para mais informa\u00e7\u00f5es com uma resposta r\u00e1pida contacte-nos por WhatsApp.<\/p>","protected":false},"excerpt":{"rendered":"<p>Licencia de Microsoft Office 2019 Pro Plus para PC (Windows) de activaci\u00f3n r\u00e1pida Office 2019 Bind Professional Plus Key F\u00e1cil instalaci\u00f3n y activaci\u00f3n a trav\u00e9s de la p\u00e1gina de Microsoft. Licencia de tipo \u00abBind\u00bb, la clave se vincula a tu cuenta de Office para no tener que volver a introducirla y con la opci\u00f3n de [&hellip;]<\/p>\n","protected":false},"featured_media":3082,"comment_status":"closed","ping_status":"closed","template":"","meta":{"inline_featured_image":false,"_joinchat":[]},"product_brand":[],"product_cat":[18,17,20,72],"product_tag":[],"class_list":{"0":"post-3081","1":"product","2":"type-product","3":"status-publish","4":"has-post-thumbnail","6":"product_cat-licencias-digitales","7":"product_cat-microsoft","8":"product_cat-office","9":"product_cat-office-2019","11":"first","12":"outofstock","13":"sale","14":"virtual","15":"taxable","16":"purchasable","17":"product-type-simple"},"_links":{"self":[{"href":"https:\/\/win10cdkeys.com\/pt\/wp-json\/wp\/v2\/product\/3081","targetHints":{"allow":["GET"]}}],"collection":[{"href":"https:\/\/win10cdkeys.com\/pt\/wp-json\/wp\/v2\/product"}],"about":[{"href":"https:\/\/win10cdkeys.com\/pt\/wp-json\/wp\/v2\/types\/product"}],"replies":[{"embeddable":true,"href":"https:\/\/win10cdkeys.com\/pt\/wp-json\/wp\/v2\/comments?post=3081"}],"wp:featuredmedia":[{"embeddable":true,"href":"https:\/\/win10cdkeys.com\/pt\/wp-json\/wp\/v2\/media\/3082"}],"wp:attachment":[{"href":"https:\/\/win10cdkeys.com\/pt\/wp-json\/wp\/v2\/media?parent=3081"}],"wp:term":[{"taxonomy":"product_brand","embeddable":true,"href":"https:\/\/win10cdkeys.com\/pt\/wp-json\/wp\/v2\/product_brand?post=3081"},{"taxonomy":"product_cat","embeddable":true,"href":"https:\/\/win10cdkeys.com\/pt\/wp-json\/wp\/v2\/product_cat?post=3081"},{"taxonomy":"product_tag","embeddable":true,"href":"https:\/\/win10cdkeys.com\/pt\/wp-json\/wp\/v2\/product_tag?post=3081"}],"curies":[{"name":"wp","href":"https:\/\/api.w.org\/{rel}","templated":true}]}}