{"id":3102,"date":"2022-05-07T17:39:21","date_gmt":"2022-05-07T15:39:21","guid":{"rendered":"https:\/\/win10cdkeys.com\/?post_type=product&#038;p=3102"},"modified":"2024-11-29T12:02:54","modified_gmt":"2024-11-29T11:02:54","slug":"conta-do-office-365","status":"publish","type":"product","link":"https:\/\/win10cdkeys.com\/pt\/producto\/office-365-cuenta\/","title":{"rendered":"Conta do Office 365"},"content":{"rendered":"<ul>\n<li>Conta do Microsoft Office 365<\/li>\n<li>Ser-lhe-\u00e1 enviada uma conta com nome de utilizador e palavra-passe e N\u00c3O uma chave de licen\u00e7a.<\/li>\n<li>A conta deve ser activada atrav\u00e9s da altera\u00e7\u00e3o da palavra-passe no primeiro acesso.<\/li>\n<li>Pode ser utilizado na vers\u00e3o Web, Windows PC, MacOS, Android, IOS e IpadOS.<\/li>\n<li>A conta n\u00e3o \u00e9 uma subscri\u00e7\u00e3o est\u00e1 pr\u00e9-activada. <strong>(Garantia com substitui\u00e7\u00e3o em caso de erro de 1 ano)<\/strong><\/li>\n<li>O conjunto completo do Office 365 e mais algumas op\u00e7\u00f5es Web, como o PowerApps ou o SharePoint.<\/li>\n<li>Armazenamento OneDrive de 100 Gb.<\/li>\n<\/ul>","protected":false},"excerpt":{"rendered":"<p><strong>1 ano de garantia<\/strong><\/p>","protected":false},"featured_media":3103,"comment_status":"closed","ping_status":"closed","template":"","meta":{"inline_featured_image":false,"_joinchat":[]},"product_brand":[],"product_cat":[18,17,20,73],"product_tag":[],"class_list":{"0":"post-3102","1":"product","2":"type-product","3":"status-publish","4":"has-post-thumbnail","6":"product_cat-licencias-digitales","7":"product_cat-microsoft","8":"product_cat-office","9":"product_cat-office-365-office","11":"first","12":"outofstock","13":"sale","14":"virtual","15":"taxable","16":"purchasable","17":"product-type-simple"},"_links":{"self":[{"href":"https:\/\/win10cdkeys.com\/pt\/wp-json\/wp\/v2\/product\/3102","targetHints":{"allow":["GET"]}}],"collection":[{"href":"https:\/\/win10cdkeys.com\/pt\/wp-json\/wp\/v2\/product"}],"about":[{"href":"https:\/\/win10cdkeys.com\/pt\/wp-json\/wp\/v2\/types\/product"}],"replies":[{"embeddable":true,"href":"https:\/\/win10cdkeys.com\/pt\/wp-json\/wp\/v2\/comments?post=3102"}],"wp:featuredmedia":[{"embeddable":true,"href":"https:\/\/win10cdkeys.com\/pt\/wp-json\/wp\/v2\/media\/3103"}],"wp:attachment":[{"href":"https:\/\/win10cdkeys.com\/pt\/wp-json\/wp\/v2\/media?parent=3102"}],"wp:term":[{"taxonomy":"product_brand","embeddable":true,"href":"https:\/\/win10cdkeys.com\/pt\/wp-json\/wp\/v2\/product_brand?post=3102"},{"taxonomy":"product_cat","embeddable":true,"href":"https:\/\/win10cdkeys.com\/pt\/wp-json\/wp\/v2\/product_cat?post=3102"},{"taxonomy":"product_tag","embeddable":true,"href":"https:\/\/win10cdkeys.com\/pt\/wp-json\/wp\/v2\/product_tag?post=3102"}],"curies":[{"name":"wp","href":"https:\/\/api.w.org\/{rel}","templated":true}]}}