{"id":3156,"date":"2022-05-31T23:13:30","date_gmt":"2022-05-31T21:13:30","guid":{"rendered":"https:\/\/win10cdkeys.com\/?post_type=product&#038;p=3156"},"modified":"2026-05-03T07:32:56","modified_gmt":"2026-05-03T05:32:56","slug":"windows-11-home-key","status":"publish","type":"product","link":"https:\/\/win10cdkeys.com\/pt\/producto\/windows-11-home-key\/","title":{"rendered":"Chave do Windows 11 HOME OEM"},"content":{"rendered":"<h2>Licen\u00e7a Windows 11 Home Oem 32\/64 bits<\/h2>\n<p>Active o seu computador com o Windows 11 Home, a vers\u00e3o mais actualizada do sistema operativo da Microsoft. Com esta licen\u00e7a OEM genu\u00edna, obt\u00e9m todas as funcionalidades do Windows 11 Home.<\/p>\n<h3>Carater\u00edsticas do Windows 11 Home Key<\/h3>\n<p><strong>Licen\u00e7a permanente e original: <\/strong>Uma vez activada, a chave \u00e9 v\u00e1lida para toda a vida do dispositivo. A licen\u00e7a \u00e9 v\u00e1lida <strong>APENAS para 1 equipa.<\/strong><\/p>\n<p><strong>Compatibilidade: <\/strong><span style=\"font-size: 16px;\">Compat\u00edvel <strong>exclusivamente com o Windows 11 Home<\/strong> nas vers\u00f5es 32-bit e 64-bit. Para Windows Pro comprar <a href=\"https:\/\/win10cdkeys.com\/pt\/produto\/chave-do-windows-11-pro\/\" target=\"_blank\" rel=\"noopener\">Chave do Windows 11 Pro<\/a>.<\/span><\/p>\n<p><strong>Ativa\u00e7\u00e3o r\u00e1pida e f\u00e1cil: <\/strong><span style=\"font-size: 16px;\">Basta copiar e colar a chave nas defini\u00e7\u00f5es do sistema. Receber\u00e1 uma licen\u00e7a digital de 25 caracteres.<\/span><\/p>\n<p><strong>Descarregamento oficial: <\/strong><span style=\"font-size: 16px;\">Obtenha o sistema a partir do s\u00edtio Web da Microsoft para garantir uma instala\u00e7\u00e3o segura e actualizada. <\/span><a style=\"font-size: 16px;\" href=\"https:\/\/www.microsoft.com\/pt-pt\/software-download\/windows11\" target=\"_blank\" rel=\"noopener\">Descarregar o Windows 11.<\/a><\/p>\n<p><strong>OEM Tipo de licen\u00e7a: <\/strong>Esta chave \u00e9 de <strong>Tipo OEM<\/strong>Estas licen\u00e7as s\u00e3o utilizadas pelos revendedores e s\u00f3 podem ser associadas a 1 PC.<\/p>\n<p><strong>Tamb\u00e9m dispon\u00edvel Microsoft Office 2021: <\/strong><span style=\"font-size: 16px;\">Complemente o seu sistema com a suite de escrit\u00f3rio mais completa. Consulte as nossas ofertas e pacotes de <\/span><a style=\"font-size: 16px;\" href=\"https:\/\/win10cdkeys.com\/pt\/produto\/office-2021-pro-plus-key\/\" target=\"_blank\" rel=\"noopener\">Microsoft Office 2021<\/a><span style=\"font-size: 16px;\">.<\/span><\/p>","protected":false},"excerpt":{"rendered":"<p>Licencia Windows 11 Home Oem 32\/64 bits Activa tu equipo con Windows 11 Home, la versi\u00f3n m\u00e1s actualizada del sistema operativo de Microsoft. Con esta licencia original de tipo OEM, obtendr\u00e1s todas las funcionalidades de Windows 11 Home. Caracter\u00edsticas de Windows 11 Home Key Licencia Permanente y Original: Una vez activada, la clave es v\u00e1lida [&hellip;]<\/p>\n","protected":false},"featured_media":7306,"comment_status":"closed","ping_status":"closed","template":"","meta":{"inline_featured_image":false,"_joinchat":[]},"product_brand":[],"product_cat":[18,17,19,70],"product_tag":[],"class_list":{"0":"post-3156","1":"product","2":"type-product","3":"status-publish","4":"has-post-thumbnail","6":"product_cat-licencias-digitales","7":"product_cat-microsoft","8":"product_cat-windows","9":"product_cat-windows-11","10":"product_shipping_class-envio-instantaneo-digital","12":"first","13":"instock","14":"sale","15":"virtual","16":"taxable","17":"purchasable","18":"product-type-simple"},"_links":{"self":[{"href":"https:\/\/win10cdkeys.com\/pt\/wp-json\/wp\/v2\/product\/3156","targetHints":{"allow":["GET"]}}],"collection":[{"href":"https:\/\/win10cdkeys.com\/pt\/wp-json\/wp\/v2\/product"}],"about":[{"href":"https:\/\/win10cdkeys.com\/pt\/wp-json\/wp\/v2\/types\/product"}],"replies":[{"embeddable":true,"href":"https:\/\/win10cdkeys.com\/pt\/wp-json\/wp\/v2\/comments?post=3156"}],"wp:featuredmedia":[{"embeddable":true,"href":"https:\/\/win10cdkeys.com\/pt\/wp-json\/wp\/v2\/media\/7306"}],"wp:attachment":[{"href":"https:\/\/win10cdkeys.com\/pt\/wp-json\/wp\/v2\/media?parent=3156"}],"wp:term":[{"taxonomy":"product_brand","embeddable":true,"href":"https:\/\/win10cdkeys.com\/pt\/wp-json\/wp\/v2\/product_brand?post=3156"},{"taxonomy":"product_cat","embeddable":true,"href":"https:\/\/win10cdkeys.com\/pt\/wp-json\/wp\/v2\/product_cat?post=3156"},{"taxonomy":"product_tag","embeddable":true,"href":"https:\/\/win10cdkeys.com\/pt\/wp-json\/wp\/v2\/product_tag?post=3156"}],"curies":[{"name":"wp","href":"https:\/\/api.w.org\/{rel}","templated":true}]}}