{"id":3165,"date":"2022-05-31T23:19:41","date_gmt":"2022-05-31T21:19:41","guid":{"rendered":"https:\/\/win10cdkeys.com\/?post_type=product&#038;p=3165"},"modified":"2026-01-05T01:07:15","modified_gmt":"2026-01-05T00:07:15","slug":"telefone-office-2021-pro-plus","status":"publish","type":"product","link":"https:\/\/win10cdkeys.com\/pt\/producto\/office-2021-pro-plus-phone\/","title":{"rendered":"Office 2021 Pro Plus - Ativa\u00e7\u00e3o por Telefone"},"content":{"rendered":"<h3>Licen\u00e7a do Microsoft Office 2021 Pro Plus para PC (Windows) com ativa\u00e7\u00e3o por telefone<\/h3>\n<ul>\n<li>Descarregar de <a href=\"https:\/\/officecdn.microsoft.com\/db\/492350F6-3A01-4F97-B9C0-C7C6DDF67D60\/media\/es-ES\/ProPlus2021Retail.img\" target=\"_blank\" rel=\"noopener\">esta liga\u00e7\u00e3o,<\/a> montar o ISO (clique com o bot\u00e3o direito do rato, montar) e executar a instala\u00e7\u00e3o.<\/li>\n<li>Licen\u00e7a de tipo telef\u00f3nico (tecla de telefone), \u00e9 necess\u00e1rio telefonar e efetuar alguns passos depois de iniciar a sess\u00e3o.<\/li>\n<li>Inclui o pacote Office completo para PCs com Windows: <b>Word, Excel, PowerPoint, Outlook, Publisher, Access e OneNote.<\/b><\/li>\n<li>A chave \u00e9 <strong>ativa\u00e7\u00e3o permanente<\/strong> uma vez ativado, n\u00e3o ser\u00e1 desativado e poder\u00e1 ter o Office 2021 nesse computador para sempre.<\/li>\n<li><strong>A chave \u00e9 compat\u00edvel com Windows 10\/Windows 11<\/strong><\/li>\n<\/ul>\n<p>Pagamentos r\u00e1pidos e seguros, para mais informa\u00e7\u00f5es com uma resposta r\u00e1pida contacte-nos por WhatsApp.<\/p>\n<p>&nbsp;<\/p>","protected":false},"excerpt":{"rendered":"<p>Licencia de Microsoft Office 2021 Pro Plus para PC (Windows) de activaci\u00f3n telef\u00f3nica Descarga desde este enlace, monte la ISO (click derecho, montar) y ejecute el setup. Licencia de tipo telef\u00f3nica (phone key), debe de llamar y realizar unos pasos una vez acceda. Incluye la suite completa de Office para PC Windows: Word, Excel, PowerPoint, [&hellip;]<\/p>\n","protected":false},"featured_media":3166,"comment_status":"closed","ping_status":"closed","template":"","meta":{"inline_featured_image":false,"_joinchat":[]},"product_brand":[],"product_cat":[18,17,20,71],"product_tag":[],"class_list":{"0":"post-3165","1":"product","2":"type-product","3":"status-publish","4":"has-post-thumbnail","6":"product_cat-licencias-digitales","7":"product_cat-microsoft","8":"product_cat-office","9":"product_cat-office-2021","10":"product_shipping_class-envio-instantaneo-digital","12":"first","13":"outofstock","14":"sale","15":"virtual","16":"taxable","17":"purchasable","18":"product-type-simple"},"_links":{"self":[{"href":"https:\/\/win10cdkeys.com\/pt\/wp-json\/wp\/v2\/product\/3165","targetHints":{"allow":["GET"]}}],"collection":[{"href":"https:\/\/win10cdkeys.com\/pt\/wp-json\/wp\/v2\/product"}],"about":[{"href":"https:\/\/win10cdkeys.com\/pt\/wp-json\/wp\/v2\/types\/product"}],"replies":[{"embeddable":true,"href":"https:\/\/win10cdkeys.com\/pt\/wp-json\/wp\/v2\/comments?post=3165"}],"wp:featuredmedia":[{"embeddable":true,"href":"https:\/\/win10cdkeys.com\/pt\/wp-json\/wp\/v2\/media\/3166"}],"wp:attachment":[{"href":"https:\/\/win10cdkeys.com\/pt\/wp-json\/wp\/v2\/media?parent=3165"}],"wp:term":[{"taxonomy":"product_brand","embeddable":true,"href":"https:\/\/win10cdkeys.com\/pt\/wp-json\/wp\/v2\/product_brand?post=3165"},{"taxonomy":"product_cat","embeddable":true,"href":"https:\/\/win10cdkeys.com\/pt\/wp-json\/wp\/v2\/product_cat?post=3165"},{"taxonomy":"product_tag","embeddable":true,"href":"https:\/\/win10cdkeys.com\/pt\/wp-json\/wp\/v2\/product_tag?post=3165"}],"curies":[{"name":"wp","href":"https:\/\/api.w.org\/{rel}","templated":true}]}}