{"id":3272,"date":"2022-10-20T20:00:07","date_gmt":"2022-10-20T18:00:07","guid":{"rendered":"https:\/\/win10cdkeys.com\/?post_type=product&#038;p=3272"},"modified":"2026-04-30T19:00:37","modified_gmt":"2026-04-30T17:00:37","slug":"office-2021-pro-plus-key","status":"publish","type":"product","link":"https:\/\/win10cdkeys.com\/pt\/producto\/office-2021-pro-plus-key\/","title":{"rendered":"Microsoft Office 2021 Professional Plus Licen\u00e7a"},"content":{"rendered":"<h3>Licen\u00e7a para PC do Microsoft Office 2021 Professional Plus (Windows)<\/h3>\n<h3>Microsoft Office 2021 Pro Plus key.<\/h3>\n<ul>\n<li>F\u00e1cil instala\u00e7\u00e3o e ativa\u00e7\u00e3o, descarregamento a partir de <a href=\"https:\/\/officecdn.microsoft.com\/db\/492350f6-3a01-4f97-b9c0-c7c6ddf67d60\/media\/pt-pt\/ProPlus2021Retail.img\" target=\"_blank\" rel=\"noopener\">esta liga\u00e7\u00e3o.<\/a><\/li>\n<li>Licen\u00e7a Office 2021, a chave \u00e9 activada no PC onde \u00e9 introduzida e \u00e9 facilmente activada.<\/li>\n<li>Inclui o pacote Office completo para PCs com Windows: <b>Word, Excel, PowerPoint, Outlook, Publisher, Access e OneNote.<\/b><\/li>\n<li>A chave \u00e9 <strong>ativa\u00e7\u00e3o permanente<\/strong> uma vez ativado, n\u00e3o ser\u00e1 desativado e poder\u00e1 ter o Office 2021 nesse computador para sempre.<\/li>\n<li><strong>A chave \u00e9 compat\u00edvel com o Windows 10\/Windows 11.<\/strong><\/li>\n<li>A licen\u00e7a Office 2021 \u00e9 enviada por correio eletr\u00f3nico e aparecer\u00e1 na sec\u00e7\u00e3o \"A minha conta\" assim que a encomenda for conclu\u00edda.<\/li>\n<li>A licen\u00e7a \u00e9 uma licen\u00e7a de utiliza\u00e7\u00e3o \u00fanica.<\/li>\n<li><a href=\"https:\/\/win10cdkeys.com\/pt\/produto\/chave-do-windows-10-pro\/\">Para ativar o Windows 10.<\/a><\/li>\n<li><a href=\"https:\/\/win10cdkeys.com\/pt\/produto\/chave-do-windows-11-pro\/\">Para ativar o Windows 11.<\/a><\/li>\n<\/ul>\n<h4>O que est\u00e1 inclu\u00eddo no Office 2021 Professional Plus?<\/h4>\n<p>Inclui o principal software de escrit\u00f3rio da Microsoft: Word, Excel, PowerPoint, Outlook, Access, Publisher.<\/p>\n<h4>Qual \u00e9 a diferen\u00e7a entre o Office 2021 Pro Plus e o Office 365?<\/h4>\n<p>O Office 365 funciona com base numa subscri\u00e7\u00e3o, sendo necess\u00e1rio renovar a licen\u00e7a todos os anos. O Office 2021 \u00e9 uma licen\u00e7a \u00fanica, sem taxas ou subscri\u00e7\u00f5es. Perfeito para ativar um computador de trabalho, de estudo ou dom\u00e9stico.<\/p>\n<h4>Como instalar o Office 2021 Pro Plus?<\/h4>\n<p>Para instalar o Office 2021, descarregue a liga\u00e7\u00e3o a partir do s\u00edtio Web oficial da Microsoft:<br \/>\n<a href=\"https:\/\/officecdn.microsoft.com\/db\/492350f6-3a01-4f97-b9c0-c7c6ddf67d60\/media\/pt-pt\/ProPlus2021Retail.img\" target=\"_blank\" rel=\"noopener\">Liga\u00e7\u00e3o para descarregar o Microsoft Office 2021<\/a><\/p>\n<p>Depois de descarregado, abra o .img e execute o instalador (setup). Quando estiver instalado, abra qualquer programa (por exemplo, o Word) e introduza a licen\u00e7a que adquiriu.<\/p>\n<h4>Porqu\u00ea escolher o Win10cdkeys?<\/h4>\n<p>Win10cdkeys oferece as melhores chaves de licen\u00e7a a um custo muito baixo com servi\u00e7o de apoio ao cliente 24\/7 para resolver quest\u00f5es e erros. Win10cdkeys tem uma classifica\u00e7\u00e3o de <a href=\"https:\/\/es.trustpilot.com\/review\/win10cdkeys.com\" target=\"_blank\" rel=\"noopener\">4,9 na Trustpilot<\/a> com 100% de cr\u00edticas positivas.<\/p>\n<p>Se encomendar connosco, receber\u00e1 uma licen\u00e7a instant\u00e2nea por correio eletr\u00f3nico, que pode copiar e colar no software oficial, ou seguir o nosso guia de instala\u00e7\u00e3o.<\/p>\n<p>&nbsp;<\/p>\n<p style=\"text-align: left;\">","protected":false},"excerpt":{"rendered":"<p>Licencia de Microsoft Office 2021 Professional Plus para PC (Windows) Microsoft Office 2021 Pro Plus key. F\u00e1cil instalaci\u00f3n y activaci\u00f3n, descarga desde este enlace. Licencia de Office 2021, la clave se activa al PC en el que se introduce y se activa f\u00e1cilmente. Incluye la suite completa de Office para PC Windows: Word, Excel, PowerPoint, [&hellip;]<\/p>\n","protected":false},"featured_media":41118,"comment_status":"closed","ping_status":"closed","template":"","meta":{"inline_featured_image":false,"_joinchat":[]},"product_brand":[],"product_cat":[18,17,20,71],"product_tag":[],"class_list":{"0":"post-3272","1":"product","2":"type-product","3":"status-publish","4":"has-post-thumbnail","6":"product_cat-licencias-digitales","7":"product_cat-microsoft","8":"product_cat-office","9":"product_cat-office-2021","10":"product_shipping_class-envio-instantaneo-digital","12":"first","13":"instock","14":"sale","15":"featured","16":"virtual","17":"sold-individually","18":"taxable","19":"purchasable","20":"product-type-simple"},"_links":{"self":[{"href":"https:\/\/win10cdkeys.com\/pt\/wp-json\/wp\/v2\/product\/3272","targetHints":{"allow":["GET"]}}],"collection":[{"href":"https:\/\/win10cdkeys.com\/pt\/wp-json\/wp\/v2\/product"}],"about":[{"href":"https:\/\/win10cdkeys.com\/pt\/wp-json\/wp\/v2\/types\/product"}],"replies":[{"embeddable":true,"href":"https:\/\/win10cdkeys.com\/pt\/wp-json\/wp\/v2\/comments?post=3272"}],"wp:featuredmedia":[{"embeddable":true,"href":"https:\/\/win10cdkeys.com\/pt\/wp-json\/wp\/v2\/media\/41118"}],"wp:attachment":[{"href":"https:\/\/win10cdkeys.com\/pt\/wp-json\/wp\/v2\/media?parent=3272"}],"wp:term":[{"taxonomy":"product_brand","embeddable":true,"href":"https:\/\/win10cdkeys.com\/pt\/wp-json\/wp\/v2\/product_brand?post=3272"},{"taxonomy":"product_cat","embeddable":true,"href":"https:\/\/win10cdkeys.com\/pt\/wp-json\/wp\/v2\/product_cat?post=3272"},{"taxonomy":"product_tag","embeddable":true,"href":"https:\/\/win10cdkeys.com\/pt\/wp-json\/wp\/v2\/product_tag?post=3272"}],"curies":[{"name":"wp","href":"https:\/\/api.w.org\/{rel}","templated":true}]}}