{"id":3966,"date":"2023-11-25T12:24:10","date_gmt":"2023-11-25T11:24:10","guid":{"rendered":"https:\/\/win10cdkeys.com\/?post_type=product&#038;p=3966"},"modified":"2025-08-30T11:13:24","modified_gmt":"2025-08-30T09:13:24","slug":"office-2019-for-mac-home-and-bussines-online-activation-bind","status":"publish","type":"product","link":"https:\/\/win10cdkeys.com\/pt\/producto\/office-2019-para-mac-home-and-bussines-activacion-online-bind\/","title":{"rendered":"Ativa\u00e7\u00e3o online do Office 2019 para Mac dom\u00e9stico e empresarial (vinculado)"},"content":{"rendered":"<blockquote><p>Licen\u00e7a online de ativa\u00e7\u00e3o r\u00e1pida do Microsoft Office 2019 Home and Business para Mac (MacOs)<\/p><\/blockquote>\n<ul>\n<li>F\u00e1cil instala\u00e7\u00e3o e ativa\u00e7\u00e3o atrav\u00e9s de <a href=\"https:\/\/setup.office.com\" target=\"_blank\" rel=\"noopener\">o s\u00edtio Web da Microsoft.<\/a><\/li>\n<li>Licen\u00e7a \"Bind\", a chave est\u00e1 ligada \u00e0 sua conta Office para que n\u00e3o tenha de a introduzir novamente e com a op\u00e7\u00e3o de descarregar o Office da sua conta quando precisar dele.<\/li>\n<li>Inclui o pacote Office completo para PCs Mac: <b>Word, Excel, PowerPoint, Outlook.<\/b><\/li>\n<li>A chave \u00e9 <strong>ativa\u00e7\u00e3o permanente<\/strong> uma vez ativado, n\u00e3o ser\u00e1 desativado e poder\u00e1 ter o Office 2019 nesse Mac para sempre.<\/li>\n<li><strong>A chave \u00e9 compat\u00edvel com MacOs.<\/strong><\/li>\n<\/ul>\n<p>Pagamentos r\u00e1pidos e seguros, para mais informa\u00e7\u00f5es com uma resposta r\u00e1pida contacte-nos por WhatsApp.<\/p>\n<p>&nbsp;<\/p>","protected":false},"excerpt":{"rendered":"<p>Licencia de Microsoft Office 2019 Home and Business para Mac (MacOs) de activaci\u00f3n r\u00e1pida online F\u00e1cil instalaci\u00f3n y activaci\u00f3n a trav\u00e9s de la p\u00e1gina de Microsoft. Licencia de tipo \u00abBind\u00bb, la clave se vincula a tu cuenta de Office para no tener que volver a introducirla y con la opci\u00f3n de descargar Office desde tu [&hellip;]<\/p>\n","protected":false},"featured_media":3967,"comment_status":"closed","ping_status":"closed","template":"","meta":{"inline_featured_image":false,"_joinchat":[]},"product_brand":[],"product_cat":[18,17,20],"product_tag":[],"class_list":{"0":"post-3966","1":"product","2":"type-product","3":"status-publish","4":"has-post-thumbnail","6":"product_cat-licencias-digitales","7":"product_cat-microsoft","8":"product_cat-office","10":"first","11":"outofstock","12":"virtual","13":"taxable","14":"purchasable","15":"product-type-simple"},"_links":{"self":[{"href":"https:\/\/win10cdkeys.com\/pt\/wp-json\/wp\/v2\/product\/3966","targetHints":{"allow":["GET"]}}],"collection":[{"href":"https:\/\/win10cdkeys.com\/pt\/wp-json\/wp\/v2\/product"}],"about":[{"href":"https:\/\/win10cdkeys.com\/pt\/wp-json\/wp\/v2\/types\/product"}],"replies":[{"embeddable":true,"href":"https:\/\/win10cdkeys.com\/pt\/wp-json\/wp\/v2\/comments?post=3966"}],"wp:featuredmedia":[{"embeddable":true,"href":"https:\/\/win10cdkeys.com\/pt\/wp-json\/wp\/v2\/media\/3967"}],"wp:attachment":[{"href":"https:\/\/win10cdkeys.com\/pt\/wp-json\/wp\/v2\/media?parent=3966"}],"wp:term":[{"taxonomy":"product_brand","embeddable":true,"href":"https:\/\/win10cdkeys.com\/pt\/wp-json\/wp\/v2\/product_brand?post=3966"},{"taxonomy":"product_cat","embeddable":true,"href":"https:\/\/win10cdkeys.com\/pt\/wp-json\/wp\/v2\/product_cat?post=3966"},{"taxonomy":"product_tag","embeddable":true,"href":"https:\/\/win10cdkeys.com\/pt\/wp-json\/wp\/v2\/product_tag?post=3966"}],"curies":[{"name":"wp","href":"https:\/\/api.w.org\/{rel}","templated":true}]}}